{"id":1742,"date":"2015-07-30T01:17:19","date_gmt":"2015-07-30T01:17:19","guid":{"rendered":"http:\/\/ecoloso.com\/about-us\/"},"modified":"2025-07-16T09:00:22","modified_gmt":"2025-07-16T09:00:22","slug":"sobre-nosotros","status":"publish","type":"page","link":"https:\/\/ecoloso.com\/es\/sobre-nosotros\/","title":{"rendered":"Sobre nosotros"},"content":{"rendered":"<p>[vc_row css=&#8221;.vc_custom_1439519479371{margin-bottom: 100px !important;padding-top: 60px !important;}&#8221;][vc_column width=&#8221;1\/2&#8243; css=&#8221;.vc_custom_1439008710439{padding-top: 88px !important;padding-right: 15px !important;padding-left: 15px !important;}&#8221;][vc_single_image image=&#8221;1605&#8243; img_size=&#8221;full&#8221; alignment=&#8221;center&#8221; css_animation=&#8221;left-to-right&#8221;][\/vc_column][vc_column width=&#8221;1\/2&#8243; css=&#8221;.vc_custom_1439008727207{padding-right: 30px !important;padding-left: 30px !important;}&#8221;]<div class=\"heading  \" >\n\t\t\t<h2 >``Es literalmente cierto que puedes tener \u00e9xito mejor y m\u00e1s r\u00e1pido ayudando a otros a tener \u00e9xito``. \u2013 Napolean Hill<\/h2>\n\t\t\t<div  style=\"display: block; \"><div class=\"line\" ><\/div><\/div>\n\t\t\t\n\t\t\t\n\t\t<\/div>[vc_column_text css_animation=&#8221;right-to-left&#8221;]<\/p>\n<h3 class=\"\" data-start=\"115\" data-end=\"209\">Somos Connected Logistics Solutions S.L., aunque puedes llamarnos simplemente <strong data-start=\"197\" data-end=\"208\">eColoso<\/strong>.<\/h3>\n<p class=\"\" data-start=\"211\" data-end=\"415\">En <strong data-start=\"214\" data-end=\"225\">eColoso<\/strong>, ponemos nuestra experiencia y conocimientos al servicio de tu negocio para que tus productos lleguen al lugar correcto, en el momento perfecto y a un precio que se ajuste a tu presupuesto.<\/p>\n<p class=\"\" data-start=\"417\" data-end=\"641\">\ud83e\udd1d <strong data-start=\"420\" data-end=\"455\">No eres un n\u00famero para nosotros<\/strong>. Te consideramos un <strong data-start=\"476\" data-end=\"485\">socio<\/strong>, no solo un cliente. Tu \u00e9xito es tambi\u00e9n el nuestro, y por eso apostamos por construir relaciones de largo plazo basadas en la confianza y la colaboraci\u00f3n.<\/p>\n<p class=\"\" data-start=\"643\" data-end=\"841\">Gracias a nuestra red global de aliados en distintos sectores log\u00edsticos, tenemos acceso a una amplia gama de servicios que nos permiten ofrecerte una soluci\u00f3n integral y adaptada a tus necesidades.<\/p>\n<p class=\"\" data-start=\"843\" data-end=\"1110\">\ud83d\udee0\ufe0f <strong data-start=\"847\" data-end=\"884\">T\u00fa decides d\u00f3nde nos involucramos<\/strong>:<br data-start=\"885\" data-end=\"888\" \/>Desde la importaci\u00f3n de componentes, suministro de embalajes e impresos, manipulaci\u00f3n y preparaci\u00f3n de pedidos, hasta la entrega final y la gesti\u00f3n de devoluciones. Estamos contigo en cada etapa de la cadena de suministro.<\/p>\n<p class=\"\" data-start=\"1112\" data-end=\"1286\">\ud83c\udf0d Te acompa\u00f1amos en el reto de expandirte internacionalmente, ayud\u00e1ndote a superar las barreras del comercio global con asesoramiento personalizado y operaciones eficientes.<\/p>\n<p class=\"\" data-start=\"1288\" data-end=\"1524\">En <strong data-start=\"1291\" data-end=\"1302\">eColoso<\/strong>, dise\u00f1amos <strong data-start=\"1314\" data-end=\"1348\">soluciones log\u00edsticas a medida<\/strong> para mayoristas, minoristas y marcas que quieren crecer sin l\u00edmites.<br data-start=\"1417\" data-end=\"1420\" \/>Nuestro objetivo: ayudarte a cumplir tus promesas de entrega y facilitarte la entrada a nuevos mercados.<\/p>\n<h3 class=\"\" data-start=\"175\" data-end=\"217\">\u2728 Soluciones a la Medida de Tu Negocio<\/h3>\n<h4 class=\"\" data-start=\"219\" data-end=\"271\">\ud83d\udce5 Gesti\u00f3n de Devoluciones sin Complicaciones<\/h4>\n<p class=\"\" data-start=\"272\" data-end=\"503\">Desde nuestra base en Espa\u00f1a, te ayudamos a gestionar devoluciones de forma r\u00e1pida y eficiente: escaneamos, clasificamos y manejamos devoluciones, incluso para FBA. Gracias a nuestra red global, tu log\u00edstica funciona sin fronteras.<\/p>\n<h4 class=\"\" data-start=\"505\" data-end=\"557\">\ud83d\udce6 Almacenamiento, Distribuci\u00f3n y Pick &amp; Pack<\/h4>\n<p class=\"\" data-start=\"558\" data-end=\"823\">Nos encargamos de guardar tu inventario y enviar tus productos donde los necesites, ya sea caja por caja a distribuidores o pedidos individuales a tus clientes.<br data-start=\"718\" data-end=\"721\" \/>\u00bfNecesitas Pick &amp; Pack por SKU? Nos adaptamos a tu forma de trabajar: usamos tu software o el nuestro.<\/p>\n<hr class=\"\" data-start=\"825\" data-end=\"828\" \/>\n<h3 class=\"\" data-start=\"830\" data-end=\"873\">\ud83c\udf10 Tecnolog\u00eda que Hace Todo M\u00e1s F\u00e1cil<\/h3>\n<p class=\"\" data-start=\"874\" data-end=\"997\">Combinamos atenci\u00f3n personalizada con herramientas digitales avanzadas para que tengas control total y procesos m\u00e1s \u00e1giles.<\/p>\n<p class=\"\" data-start=\"999\" data-end=\"1388\">\ud83d\ude80 <strong data-start=\"1002\" data-end=\"1023\">Onboarding expr\u00e9s<\/strong> \u2013 Empieza a enviar en cuesti\u00f3n de horas, no semanas.<br data-start=\"1076\" data-end=\"1079\" \/>\ud83d\udd17 <strong data-start=\"1082\" data-end=\"1112\">Integraciones sin esfuerzo<\/strong> \u2013 M\u00e1s de 40 plataformas de eCommerce y cientos de carriers conectados.<br data-start=\"1183\" data-end=\"1186\" \/>\ud83d\udce6 <strong data-start=\"1189\" data-end=\"1206\">Servicios DDP<\/strong> \u2013 Automatiza impuestos, aranceles y c\u00f3digos HS para que nada detenga tus env\u00edos.<br data-start=\"1287\" data-end=\"1290\" \/>\ud83d\udd12 <strong data-start=\"1293\" data-end=\"1321\">Seguro online disponible<\/strong> \u2013 Incluso si no env\u00edas con nosotros, puedes proteger tus paquetes.<\/p>\n<hr class=\"\" data-start=\"1390\" data-end=\"1393\" \/>\n<h3 class=\"\" data-start=\"1395\" data-end=\"1427\">\u00bfPor Qu\u00e9 Elegir <strong data-start=\"1415\" data-end=\"1426\">eColoso<\/strong>?<\/h3>\n<p class=\"\" data-start=\"1429\" data-end=\"1603\">\ud83c\udf0d +36 Socios log\u00edsticos en todo el mundo<br data-start=\"1470\" data-end=\"1473\" \/>\ud83c\udfe2 5.000 m\u00b2 dedicados a manejo de mercanc\u00edas<br data-start=\"1517\" data-end=\"1520\" \/>\ud83c\udf0e Cobertura en +220 pa\u00edses<br data-start=\"1547\" data-end=\"1550\" \/>\u23f3 +69 a\u00f1os de experiencia combinada en nuestro equipo<\/p>\n<p class=\"\" data-start=\"1605\" data-end=\"1737\">En <strong data-start=\"1608\" data-end=\"1619\">eColoso<\/strong>, dise\u00f1amos soluciones log\u00edsticas flexibles para que mayoristas, minoristas y emprendedores puedan crecer sin l\u00edmites.<\/p>\n<hr class=\"\" data-start=\"1739\" data-end=\"1742\" \/>\n<p class=\"\" data-start=\"1744\" data-end=\"1802\">\ud83d\udce9 <strong data-start=\"1747\" data-end=\"1782\">\u00bfListo para escalar tu negocio?<\/strong> Hablemos hoy mismo.<\/p>\n<p>[\/vc_column_text][\/vc_column][\/vc_row][vc_row full_width=&#8221;stretch_row_content_no_spaces&#8221; parallax=&#8221;content-moving-fade&#8221; parallax_image=&#8221;222&#8243; css=&#8221;.vc_custom_1439902393916{padding-top: 132px !important;padding-right: 110px !important;padding-bottom: 132px !important;padding-left: 110px !important;}&#8221;][vc_column width=&#8221;1\/6&#8243;][\/vc_column][vc_column width=&#8221;1\/6&#8243;]<div class=\"circle \" style = background-color:#006fb2; >\n\t\t\t<div class=\"content\">\n\t\t\t\t<div class=\"number\" style = color:#ddea2e; ><span class=\"counter-up\" data-number=\"36\">0<\/span><\/div>\n\t\t\t\t<div class=\"text\" style = color:#ffffff; >Socios en todo el mundo<\/div>\n\t\t\t<\/div>\n\t\t<\/div>[\/vc_column][vc_column width=&#8221;1\/6&#8243;]<div class=\"circle \" style = background-color:#006fb2; >\n\t\t\t<div class=\"content\">\n\t\t\t\t<div class=\"number\" style = color:#ddea2e; ><span class=\"counter-up\" data-number=\"5000\">0<\/span><\/div>\n\t\t\t\t<div class=\"text\" style = color:#ffffff; >\u00c1reas de Manejo<\/div>\n\t\t\t<\/div>\n\t\t<\/div>[\/vc_column][vc_column width=&#8221;1\/6&#8243;]<div class=\"circle \" style = background-color:#006fb2; >\n\t\t\t<div class=\"content\">\n\t\t\t\t<div class=\"number\" style = color:#ddea2e; ><span class=\"counter-up\" data-number=\"220\">0<\/span><\/div>\n\t\t\t\t<div class=\"text\" style = color:#ffffff; >Pa\u00edses cubiertos<\/div>\n\t\t\t<\/div>\n\t\t<\/div>[\/vc_column][vc_column width=&#8221;1\/6&#8243;]<div class=\"circle \" style = background-color:#006fb2; >\n\t\t\t<div class=\"content\">\n\t\t\t\t<div class=\"number\" style = color:#ddea2e; ><span class=\"counter-up\" data-number=\"69\">0<\/span><\/div>\n\t\t\t\t<div class=\"text\" style = color:#ffffff; >A\u00f1os de experiencia<\/div>\n\t\t\t<\/div>\n\t\t<\/div>[\/vc_column][vc_column width=&#8221;1\/6&#8243;][\/vc_column][\/vc_row][vc_row css=&#8221;.vc_custom_1439629395368{padding-top: 60px !important;padding-bottom: 55px !important;}&#8221;][vc_column]<div class=\"heading  \" >\n\t\t\t<h2 >PERSONAS<\/h2>\n\t\t\t<div  style=\"display: block; \"><div class=\"line\" ><\/div><\/div>\n\t\t\t\n\t\t\t\n\t\t<\/div>[vc_row_inner css=&#8221;.vc_custom_1439629402862{padding-bottom: 0px !important;}&#8221;][vc_column_inner css=&#8221;.vc_custom_1439629590765{padding-bottom: 0px !important;}&#8221;][\/vc_column_inner][\/vc_row_inner][vc_message icon_fontawesome=&#8221;far fa-hand-pointer&#8221;]En\u00a0 eColoso, estamos comprometidos a atender cada una de tus solicitudes y requerimientos con el mayor cuidado y dedicaci\u00f3n. Tu satisfacci\u00f3n es nuestra prioridad. \u00a1Estamos aqu\u00ed para ayudarte![\/vc_message][\/vc_column][\/vc_row][vc_row][vc_column][vc_single_image image=&#8221;3856&#8243; img_size=&#8221;medium&#8221; title=&#8221;Director&#8221; el_class=&#8221;affa&#8221;][\/vc_column][\/vc_row]<\/p>\n","protected":false},"excerpt":{"rendered":"<p>[vc_row css=&#8221;.vc_custom_1439519479371{margin-bottom: 100px !important;padding-top: 60px !important;}&#8221;][vc_column width=&#8221;1\/2&#8243; css=&#8221;.vc_custom_1439008710439{padding-top: 88px !important;padding-right: 15px !important;padding-left: 15px !important;}&#8221;][vc_single_image image=&#8221;1605&#8243; img_size=&#8221;full&#8221; alignment=&#8221;center&#8221; css_animation=&#8221;left-to-right&#8221;][\/vc_column][vc_column width=&#8221;1\/2&#8243; css=&#8221;.vc_custom_1439008727207{padding-right: 30px !important;padding-left: 30px !important;}&#8221;][vc_column_text css_animation=&#8221;right-to-left&#8221;]<br \/>\nSomos Connected Logistics Solutions S.L., aunque puedes llamarnos simplemente eColoso.<br \/>\nEn eColoso, ponemos nuestra experiencia y conocimientos al servicio de tu negocio para que tus <\/p>\n","protected":false},"author":1,"featured_media":0,"parent":0,"menu_order":0,"comment_status":"closed","ping_status":"closed","template":"page-templates\/vc-template.php","meta":[],"yoast_head":"<!-- This site is optimized with the Yoast SEO plugin v18.4.1 - https:\/\/yoast.com\/wordpress\/plugins\/seo\/ -->\n<title>Sobre nosotros - eColoso<\/title>\n<meta name=\"description\" content=\"Log\u00edstica sostenible con automatizaci\u00f3n de pedidos, env\u00edos y devoluciones. Empresa de env\u00edos, devoluciones con log\u00edstica 3PL.\" \/>\n<meta name=\"robots\" content=\"index, follow, max-snippet:-1, max-image-preview:large, max-video-preview:-1\" \/>\n<link rel=\"canonical\" href=\"https:\/\/ecoloso.com\/es\/sobre-nosotros\/\" \/>\n<meta property=\"og:locale\" content=\"es_ES\" \/>\n<meta property=\"og:type\" content=\"article\" \/>\n<meta property=\"og:title\" content=\"Sobre nosotros - eColoso\" \/>\n<meta property=\"og:description\" content=\"Log\u00edstica sostenible con automatizaci\u00f3n de pedidos, env\u00edos y devoluciones. Empresa de env\u00edos, devoluciones con log\u00edstica 3PL.\" \/>\n<meta property=\"og:url\" content=\"https:\/\/ecoloso.com\/es\/sobre-nosotros\/\" \/>\n<meta property=\"og:site_name\" content=\"eColoso\" \/>\n<meta property=\"article:modified_time\" content=\"2025-07-16T09:00:22+00:00\" \/>\n<meta name=\"twitter:card\" content=\"summary_large_image\" \/>\n<meta name=\"twitter:label1\" content=\"Tiempo de lectura\" \/>\n\t<meta name=\"twitter:data1\" content=\"3 minutos\" \/>\n<script type=\"application\/ld+json\" class=\"yoast-schema-graph\">{\"@context\":\"https:\/\/schema.org\",\"@graph\":[{\"@type\":\"Organization\",\"@id\":\"https:\/\/ecoloso.com\/#organization\",\"name\":\"eColoso\",\"url\":\"https:\/\/ecoloso.com\/\",\"sameAs\":[],\"logo\":{\"@type\":\"ImageObject\",\"@id\":\"https:\/\/ecoloso.com\/#logo\",\"inLanguage\":\"es\",\"url\":\"https:\/\/ecoloso.com\/wp-content\/uploads\/2021\/10\/logo-ecoloso-200x200-1.png\",\"contentUrl\":\"https:\/\/ecoloso.com\/wp-content\/uploads\/2021\/10\/logo-ecoloso-200x200-1.png\",\"width\":200,\"height\":188,\"caption\":\"eColoso\"},\"image\":{\"@id\":\"https:\/\/ecoloso.com\/#logo\"}},{\"@type\":\"WebSite\",\"@id\":\"https:\/\/ecoloso.com\/#website\",\"url\":\"https:\/\/ecoloso.com\/\",\"name\":\"eColoso\",\"description\":\"Ecommerce Returns Handling Distribution\",\"publisher\":{\"@id\":\"https:\/\/ecoloso.com\/#organization\"},\"potentialAction\":[{\"@type\":\"SearchAction\",\"target\":{\"@type\":\"EntryPoint\",\"urlTemplate\":\"https:\/\/ecoloso.com\/?s={search_term_string}\"},\"query-input\":\"required name=search_term_string\"}],\"inLanguage\":\"es\"},{\"@type\":\"WebPage\",\"@id\":\"https:\/\/ecoloso.com\/es\/sobre-nosotros\/#webpage\",\"url\":\"https:\/\/ecoloso.com\/es\/sobre-nosotros\/\",\"name\":\"Sobre nosotros - eColoso\",\"isPartOf\":{\"@id\":\"https:\/\/ecoloso.com\/#website\"},\"datePublished\":\"2015-07-30T01:17:19+00:00\",\"dateModified\":\"2025-07-16T09:00:22+00:00\",\"description\":\"Log\u00edstica sostenible con automatizaci\u00f3n de pedidos, env\u00edos y devoluciones. Empresa de env\u00edos, devoluciones con log\u00edstica 3PL.\",\"breadcrumb\":{\"@id\":\"https:\/\/ecoloso.com\/es\/sobre-nosotros\/#breadcrumb\"},\"inLanguage\":\"es\",\"potentialAction\":[{\"@type\":\"ReadAction\",\"target\":[\"https:\/\/ecoloso.com\/es\/sobre-nosotros\/\"]}]},{\"@type\":\"BreadcrumbList\",\"@id\":\"https:\/\/ecoloso.com\/es\/sobre-nosotros\/#breadcrumb\",\"itemListElement\":[{\"@type\":\"ListItem\",\"position\":1,\"name\":\"Home\",\"item\":\"https:\/\/ecoloso.com\/es\/\"},{\"@type\":\"ListItem\",\"position\":2,\"name\":\"Sobre nosotros\"}]}]}<\/script>\n<!-- \/ Yoast SEO plugin. -->","yoast_head_json":{"title":"Sobre nosotros - eColoso","description":"Log\u00edstica sostenible con automatizaci\u00f3n de pedidos, env\u00edos y devoluciones. Empresa de env\u00edos, devoluciones con log\u00edstica 3PL.","robots":{"index":"index","follow":"follow","max-snippet":"max-snippet:-1","max-image-preview":"max-image-preview:large","max-video-preview":"max-video-preview:-1"},"canonical":"https:\/\/ecoloso.com\/es\/sobre-nosotros\/","og_locale":"es_ES","og_type":"article","og_title":"Sobre nosotros - eColoso","og_description":"Log\u00edstica sostenible con automatizaci\u00f3n de pedidos, env\u00edos y devoluciones. Empresa de env\u00edos, devoluciones con log\u00edstica 3PL.","og_url":"https:\/\/ecoloso.com\/es\/sobre-nosotros\/","og_site_name":"eColoso","article_modified_time":"2025-07-16T09:00:22+00:00","twitter_card":"summary_large_image","twitter_misc":{"Tiempo de lectura":"3 minutos"},"schema":{"@context":"https:\/\/schema.org","@graph":[{"@type":"Organization","@id":"https:\/\/ecoloso.com\/#organization","name":"eColoso","url":"https:\/\/ecoloso.com\/","sameAs":[],"logo":{"@type":"ImageObject","@id":"https:\/\/ecoloso.com\/#logo","inLanguage":"es","url":"https:\/\/ecoloso.com\/wp-content\/uploads\/2021\/10\/logo-ecoloso-200x200-1.png","contentUrl":"https:\/\/ecoloso.com\/wp-content\/uploads\/2021\/10\/logo-ecoloso-200x200-1.png","width":200,"height":188,"caption":"eColoso"},"image":{"@id":"https:\/\/ecoloso.com\/#logo"}},{"@type":"WebSite","@id":"https:\/\/ecoloso.com\/#website","url":"https:\/\/ecoloso.com\/","name":"eColoso","description":"Ecommerce Returns Handling Distribution","publisher":{"@id":"https:\/\/ecoloso.com\/#organization"},"potentialAction":[{"@type":"SearchAction","target":{"@type":"EntryPoint","urlTemplate":"https:\/\/ecoloso.com\/?s={search_term_string}"},"query-input":"required name=search_term_string"}],"inLanguage":"es"},{"@type":"WebPage","@id":"https:\/\/ecoloso.com\/es\/sobre-nosotros\/#webpage","url":"https:\/\/ecoloso.com\/es\/sobre-nosotros\/","name":"Sobre nosotros - eColoso","isPartOf":{"@id":"https:\/\/ecoloso.com\/#website"},"datePublished":"2015-07-30T01:17:19+00:00","dateModified":"2025-07-16T09:00:22+00:00","description":"Log\u00edstica sostenible con automatizaci\u00f3n de pedidos, env\u00edos y devoluciones. Empresa de env\u00edos, devoluciones con log\u00edstica 3PL.","breadcrumb":{"@id":"https:\/\/ecoloso.com\/es\/sobre-nosotros\/#breadcrumb"},"inLanguage":"es","potentialAction":[{"@type":"ReadAction","target":["https:\/\/ecoloso.com\/es\/sobre-nosotros\/"]}]},{"@type":"BreadcrumbList","@id":"https:\/\/ecoloso.com\/es\/sobre-nosotros\/#breadcrumb","itemListElement":[{"@type":"ListItem","position":1,"name":"Home","item":"https:\/\/ecoloso.com\/es\/"},{"@type":"ListItem","position":2,"name":"Sobre nosotros"}]}]}},"_links":{"self":[{"href":"https:\/\/ecoloso.com\/es\/wp-json\/wp\/v2\/pages\/1742"}],"collection":[{"href":"https:\/\/ecoloso.com\/es\/wp-json\/wp\/v2\/pages"}],"about":[{"href":"https:\/\/ecoloso.com\/es\/wp-json\/wp\/v2\/types\/page"}],"author":[{"embeddable":true,"href":"https:\/\/ecoloso.com\/es\/wp-json\/wp\/v2\/users\/1"}],"replies":[{"embeddable":true,"href":"https:\/\/ecoloso.com\/es\/wp-json\/wp\/v2\/comments?post=1742"}],"version-history":[{"count":55,"href":"https:\/\/ecoloso.com\/es\/wp-json\/wp\/v2\/pages\/1742\/revisions"}],"predecessor-version":[{"id":2794,"href":"https:\/\/ecoloso.com\/es\/wp-json\/wp\/v2\/pages\/1742\/revisions\/2794"}],"wp:attachment":[{"href":"https:\/\/ecoloso.com\/es\/wp-json\/wp\/v2\/media?parent=1742"}],"curies":[{"name":"wp","href":"https:\/\/api.w.org\/{rel}","templated":true}]}}