{"id":1754,"date":"2015-07-29T09:36:18","date_gmt":"2015-07-29T09:36:18","guid":{"rendered":"http:\/\/ecoloso.com\/services\/returns_management\/"},"modified":"2025-07-16T08:53:54","modified_gmt":"2025-07-16T08:53:54","slug":"gestion_manipulacion_devoluciones_ecommerce","status":"publish","type":"page","link":"https:\/\/ecoloso.com\/es\/servicios-logisticos\/gestion_manipulacion_devoluciones_ecommerce\/","title":{"rendered":"Gesti\u00f3n y manipulaci\u00f3n devoluciones e-commerce"},"content":{"rendered":"<p>[vc_row css=&#8221;.vc_custom_1628618458031{margin-left: 5% !important;padding-top: 60px !important;padding-bottom: 100px !important;}&#8221;][vc_column][vc_wp_custommenu nav_menu=&#8221;34&#8243;][vc_row_inner][vc_column_inner]<div class=\"heading  \" style = text-align:left; >\n\t\t\t<h3 >Gesti\u00f3n y Manipulaci\u00f3n de Devoluciones e-commerce<\/h3>\n\t\t\t<div  style=\"display: none; \"><div class=\"line\"  style=\"float:left; \"><\/div><\/div>\n\t\t\t<div class=\"clear-fix\"><\/div>\n\t\t\t\n\t\t<\/div>[\/vc_column_inner][\/vc_row_inner][vc_column_text css=&#8221;.vc_custom_1743591707925{margin-top: 10px !important;margin-bottom: 10px !important;}&#8221;]<\/p>\n<div class=\"zpelement zpelem-heading \" data-element-id=\"elm_Gl943_iWydxJttLfyJtVoQ\" data-element-type=\"heading\">\n<h4 data-editor=\"true\">Tu empresa podr\u00e1 gestionar en <strong>tiempo real<\/strong> todas las devoluciones, ya que la informaci\u00f3n est\u00e1 almacenada en la nube y nuestra plataforma garantiza un control eficiente, actualizado y accesible en cualquier momento, optimizando el proceso log\u00edstico y reduciendo costos.<\/h4>\n<\/div>\n<p>[\/vc_column_text][vc_row_inner equal_height=&#8221;yes&#8221;][vc_column_inner width=&#8221;5\/12&#8243;][vc_column_text css_animation=&#8221;bottom-to-top&#8221;]<\/p>\n<div class=\"zpelement zpelem-heading \" data-element-id=\"elm_Gl943_iWydxJttLfyJtVoQ\" data-element-type=\"heading\"><\/div>\n<div class=\"zpelement zpelem-text \" data-element-id=\"elm_62MzoSuF3dixkKJPu_DCVA\" data-element-type=\"text\">\n<div class=\"zptext zptext-align-left \" data-editor=\"true\">\n<div class=\"zpelement zpelem-text \" data-element-id=\"elm_S8zfqJTy30DC2ZQMqhvNGQ\" data-element-type=\"text\">\n<div class=\"zptext zptext-align-left \" data-editor=\"true\">\n<div>\n<div class=\"zpelement zpelem-text \" data-element-id=\"elm_bM69FZP42t6YCcWVftXbsg\" data-element-type=\"text\">\n<div class=\"zptext zptext-align-left \" data-editor=\"true\">\n<p><strong>Red Global de Devoluciones<\/strong><\/p>\n<p>eColoso ofrece direcciones locales de devoluci\u00f3n en <strong>Espa\u00f1a, Australia, Canad\u00e1, Francia, Alemania, Italia, M\u00e9xico, Pa\u00edses Bajos, Polonia, Portugal, Suecia, EAU, Reino Unido y EE.UU.<\/strong>, con nuevos pa\u00edses a\u00f1adidos constantemente.<\/p>\n<p><strong>\u00bfC\u00f3mo Funciona?<\/strong><\/p>\n<ol>\n<li><strong>Tu Cliente Nos Env\u00eda la Devoluci\u00f3n<\/strong>\n<ul>\n<li>Puede usar cualquier m\u00e9todo de env\u00edo o una etiqueta prepagada generada con nuestra plataforma.<\/li>\n<\/ul>\n<\/li>\n<li><strong>Procesamos y Registramos la Devoluci\u00f3n<\/strong>\n<ul>\n<li>En <strong>1-2 d\u00edas h\u00e1biles<\/strong>, los art\u00edculos aparecen en tu portal con actualizaciones detalladas seg\u00fan tu servicio (<strong>B\u00e1sico, Grado o FBA<\/strong>).<\/li>\n<\/ul>\n<\/li>\n<li><strong>Consolidamos los Env\u00edos<\/strong>\n<ul>\n<li>Agrupamos tus devoluciones para minimizar costos y reducir el impacto ambiental.<\/li>\n<li>Los env\u00edos pueden programarse <strong>semanal, quincenal o mensualmente<\/strong>, o cuando una caja\/pal\u00e9 est\u00e9 lleno.<\/li>\n<li><strong>Beneficio Ambiental:<\/strong> La consolidaci\u00f3n de env\u00edos reduce el n\u00famero de transportes individuales, disminuyendo las emisiones de CO\u2082 y optimizando la log\u00edstica.<\/li>\n<\/ul>\n<\/li>\n<li><strong>Te las Enviamos de Vuelta<\/strong>\n<ul>\n<li>Recibir\u00e1s un correo con el transportista, n\u00famero de seguimiento y enlace de rastreo.<\/li>\n<\/ul>\n<\/li>\n<\/ol>\n<p><strong>Ahorra con Reventa y Reduce tu Huella de Carbono<\/strong><\/p>\n<ul>\n<li><strong>Evita costos innecesarios en devoluciones internacionales.<\/strong> Guardamos tus productos en nuestras instalaciones y los enviamos a otro cliente cuando lo indiques.<\/li>\n<li><strong>Menos desperdicio, m\u00e1s eficiencia:<\/strong> Facilitamos la reventa y reutilizaci\u00f3n de productos en buen estado, reduciendo residuos y promoviendo una econom\u00eda circular.<\/li>\n<li><strong>Compromiso con la sostenibilidad:<\/strong> La combinaci\u00f3n de consolidaci\u00f3n de env\u00edos y reventa de art\u00edculos minimiza la huella de carbono, contribuyendo a una log\u00edstica m\u00e1s ecol\u00f3gica.<\/li>\n<\/ul>\n<p>&nbsp;<\/p>\n<\/div>\n<\/div>\n<\/div>\n<\/div>\n<\/div>\n<\/div>\n<\/div>\n<p>[\/vc_column_text][\/vc_column_inner][vc_column_inner width=&#8221;7\/12&#8243;][vc_single_image image=&#8221;2684&#8243; img_size=&#8221;200&#215;123&#8243; alignment=&#8221;right&#8221; css_animation=&#8221;left-to-right&#8221; css=&#8221;.vc_custom_1631256630588{margin-top: 30px !important;margin-right: 80px !important;margin-bottom: 40px !important;}&#8221;][vc_single_image image=&#8221;2686&#8243; img_size=&#8221;191&#215;229&#8243; alignment=&#8221;right&#8221; css_animation=&#8221;left-to-right&#8221; css=&#8221;.vc_custom_1631256639539{margin-right: 80px !important;margin-bottom: 40px !important;}&#8221;][vc_single_image image=&#8221;2688&#8243; img_size=&#8221;185&#215;177&#8243; alignment=&#8221;right&#8221; css_animation=&#8221;left-to-right&#8221; css=&#8221;.vc_custom_1631256650488{margin-right: 80px !important;margin-bottom: 5px !important;}&#8221;][vc_single_image image=&#8221;2690&#8243; img_size=&#8221;229&#215;153&#8243; alignment=&#8221;right&#8221; css=&#8221;.vc_custom_1631256660129{margin-right: 80px !important;}&#8221;][\/vc_column_inner][\/vc_row_inner][\/vc_column][\/vc_row][vc_row][vc_column][\/vc_column][\/vc_row]<\/p>\n","protected":false},"excerpt":{"rendered":"<p>Nuestros procesos log\u00edsticos, servicios, herramientas y sistemas, en combinaci\u00f3n con ubicaciones de almacenamiento estrat\u00e9gico, ayudan a nuestros clientes a encontrar las necesidades de log\u00edstica de sus negocios y  a lograr con m\u00e1s precisi\u00f3n los objetivos de sus negocios.<\/p>\n","protected":false},"author":1,"featured_media":3101,"parent":1749,"menu_order":0,"comment_status":"closed","ping_status":"closed","template":"page-templates\/vc-template.php","meta":[],"yoast_head":"<!-- This site is optimized with the Yoast SEO plugin v18.4.1 - https:\/\/yoast.com\/wordpress\/plugins\/seo\/ -->\n<title>Gesti\u00f3n devoluciones ecommerce - eColoso<\/title>\n<meta name=\"description\" content=\"Mejora la eficiencia de tu eCommerce con nuestro servicio de gesti\u00f3n y manipulaci\u00f3n de devoluciones. Soluciones log\u00edsticas sostenibles y adaptadas a tus necesidades.\" \/>\n<meta name=\"robots\" content=\"index, follow, max-snippet:-1, max-image-preview:large, max-video-preview:-1\" \/>\n<link rel=\"canonical\" href=\"https:\/\/ecoloso.com\/es\/servicios-logisticos\/gestion_manipulacion_devoluciones_ecommerce\/\" \/>\n<meta property=\"og:locale\" content=\"es_ES\" \/>\n<meta property=\"og:type\" content=\"article\" \/>\n<meta property=\"og:title\" content=\"Gesti\u00f3n devoluciones ecommerce - eColoso\" \/>\n<meta property=\"og:description\" content=\"Mejora la eficiencia de tu eCommerce con nuestro servicio de gesti\u00f3n y manipulaci\u00f3n de devoluciones. Soluciones log\u00edsticas sostenibles y adaptadas a tus necesidades.\" \/>\n<meta property=\"og:url\" content=\"https:\/\/ecoloso.com\/es\/servicios-logisticos\/gestion_manipulacion_devoluciones_ecommerce\/\" \/>\n<meta property=\"og:site_name\" content=\"eColoso\" \/>\n<meta property=\"article:modified_time\" content=\"2025-07-16T08:53:54+00:00\" \/>\n<meta property=\"og:image\" content=\"https:\/\/ecoloso.com\/wp-content\/uploads\/2021\/10\/returns.png\" \/>\n\t<meta property=\"og:image:width\" content=\"3200\" \/>\n\t<meta property=\"og:image:height\" content=\"1800\" \/>\n\t<meta property=\"og:image:type\" content=\"image\/png\" \/>\n<meta name=\"twitter:card\" content=\"summary_large_image\" \/>\n<meta name=\"twitter:label1\" content=\"Tiempo de lectura\" \/>\n\t<meta name=\"twitter:data1\" content=\"2 minutos\" \/>\n<script type=\"application\/ld+json\" class=\"yoast-schema-graph\">{\"@context\":\"https:\/\/schema.org\",\"@graph\":[{\"@type\":\"Organization\",\"@id\":\"https:\/\/ecoloso.com\/#organization\",\"name\":\"eColoso\",\"url\":\"https:\/\/ecoloso.com\/\",\"sameAs\":[],\"logo\":{\"@type\":\"ImageObject\",\"@id\":\"https:\/\/ecoloso.com\/#logo\",\"inLanguage\":\"es\",\"url\":\"https:\/\/ecoloso.com\/wp-content\/uploads\/2021\/10\/logo-ecoloso-200x200-1.png\",\"contentUrl\":\"https:\/\/ecoloso.com\/wp-content\/uploads\/2021\/10\/logo-ecoloso-200x200-1.png\",\"width\":200,\"height\":188,\"caption\":\"eColoso\"},\"image\":{\"@id\":\"https:\/\/ecoloso.com\/#logo\"}},{\"@type\":\"WebSite\",\"@id\":\"https:\/\/ecoloso.com\/#website\",\"url\":\"https:\/\/ecoloso.com\/\",\"name\":\"eColoso\",\"description\":\"Ecommerce Returns Handling Distribution\",\"publisher\":{\"@id\":\"https:\/\/ecoloso.com\/#organization\"},\"potentialAction\":[{\"@type\":\"SearchAction\",\"target\":{\"@type\":\"EntryPoint\",\"urlTemplate\":\"https:\/\/ecoloso.com\/?s={search_term_string}\"},\"query-input\":\"required name=search_term_string\"}],\"inLanguage\":\"es\"},{\"@type\":\"ImageObject\",\"@id\":\"https:\/\/ecoloso.com\/es\/servicios-logisticos\/gestion_manipulacion_devoluciones_ecommerce\/#primaryimage\",\"inLanguage\":\"es\",\"url\":\"https:\/\/ecoloso.com\/wp-content\/uploads\/2021\/10\/returns.png\",\"contentUrl\":\"https:\/\/ecoloso.com\/wp-content\/uploads\/2021\/10\/returns.png\",\"width\":3200,\"height\":1800},{\"@type\":\"WebPage\",\"@id\":\"https:\/\/ecoloso.com\/es\/servicios-logisticos\/gestion_manipulacion_devoluciones_ecommerce\/#webpage\",\"url\":\"https:\/\/ecoloso.com\/es\/servicios-logisticos\/gestion_manipulacion_devoluciones_ecommerce\/\",\"name\":\"Gesti\u00f3n devoluciones ecommerce - eColoso\",\"isPartOf\":{\"@id\":\"https:\/\/ecoloso.com\/#website\"},\"primaryImageOfPage\":{\"@id\":\"https:\/\/ecoloso.com\/es\/servicios-logisticos\/gestion_manipulacion_devoluciones_ecommerce\/#primaryimage\"},\"datePublished\":\"2015-07-29T09:36:18+00:00\",\"dateModified\":\"2025-07-16T08:53:54+00:00\",\"description\":\"Mejora la eficiencia de tu eCommerce con nuestro servicio de gesti\u00f3n y manipulaci\u00f3n de devoluciones. Soluciones log\u00edsticas sostenibles y adaptadas a tus necesidades.\",\"breadcrumb\":{\"@id\":\"https:\/\/ecoloso.com\/es\/servicios-logisticos\/gestion_manipulacion_devoluciones_ecommerce\/#breadcrumb\"},\"inLanguage\":\"es\",\"potentialAction\":[{\"@type\":\"ReadAction\",\"target\":[\"https:\/\/ecoloso.com\/es\/servicios-logisticos\/gestion_manipulacion_devoluciones_ecommerce\/\"]}]},{\"@type\":\"BreadcrumbList\",\"@id\":\"https:\/\/ecoloso.com\/es\/servicios-logisticos\/gestion_manipulacion_devoluciones_ecommerce\/#breadcrumb\",\"itemListElement\":[{\"@type\":\"ListItem\",\"position\":1,\"name\":\"Home\",\"item\":\"https:\/\/ecoloso.com\/es\/\"},{\"@type\":\"ListItem\",\"position\":2,\"name\":\"Servicios\",\"item\":\"https:\/\/ecoloso.com\/es\/servicios-logisticos\/\"},{\"@type\":\"ListItem\",\"position\":3,\"name\":\"Gesti\u00f3n y manipulaci\u00f3n devoluciones e-commerce\"}]}]}<\/script>\n<!-- \/ Yoast SEO plugin. -->","yoast_head_json":{"title":"Gesti\u00f3n devoluciones ecommerce - eColoso","description":"Mejora la eficiencia de tu eCommerce con nuestro servicio de gesti\u00f3n y manipulaci\u00f3n de devoluciones. Soluciones log\u00edsticas sostenibles y adaptadas a tus necesidades.","robots":{"index":"index","follow":"follow","max-snippet":"max-snippet:-1","max-image-preview":"max-image-preview:large","max-video-preview":"max-video-preview:-1"},"canonical":"https:\/\/ecoloso.com\/es\/servicios-logisticos\/gestion_manipulacion_devoluciones_ecommerce\/","og_locale":"es_ES","og_type":"article","og_title":"Gesti\u00f3n devoluciones ecommerce - eColoso","og_description":"Mejora la eficiencia de tu eCommerce con nuestro servicio de gesti\u00f3n y manipulaci\u00f3n de devoluciones. Soluciones log\u00edsticas sostenibles y adaptadas a tus necesidades.","og_url":"https:\/\/ecoloso.com\/es\/servicios-logisticos\/gestion_manipulacion_devoluciones_ecommerce\/","og_site_name":"eColoso","article_modified_time":"2025-07-16T08:53:54+00:00","og_image":[{"width":3200,"height":1800,"url":"https:\/\/ecoloso.com\/wp-content\/uploads\/2021\/10\/returns.png","type":"image\/png"}],"twitter_card":"summary_large_image","twitter_misc":{"Tiempo de lectura":"2 minutos"},"schema":{"@context":"https:\/\/schema.org","@graph":[{"@type":"Organization","@id":"https:\/\/ecoloso.com\/#organization","name":"eColoso","url":"https:\/\/ecoloso.com\/","sameAs":[],"logo":{"@type":"ImageObject","@id":"https:\/\/ecoloso.com\/#logo","inLanguage":"es","url":"https:\/\/ecoloso.com\/wp-content\/uploads\/2021\/10\/logo-ecoloso-200x200-1.png","contentUrl":"https:\/\/ecoloso.com\/wp-content\/uploads\/2021\/10\/logo-ecoloso-200x200-1.png","width":200,"height":188,"caption":"eColoso"},"image":{"@id":"https:\/\/ecoloso.com\/#logo"}},{"@type":"WebSite","@id":"https:\/\/ecoloso.com\/#website","url":"https:\/\/ecoloso.com\/","name":"eColoso","description":"Ecommerce Returns Handling Distribution","publisher":{"@id":"https:\/\/ecoloso.com\/#organization"},"potentialAction":[{"@type":"SearchAction","target":{"@type":"EntryPoint","urlTemplate":"https:\/\/ecoloso.com\/?s={search_term_string}"},"query-input":"required name=search_term_string"}],"inLanguage":"es"},{"@type":"ImageObject","@id":"https:\/\/ecoloso.com\/es\/servicios-logisticos\/gestion_manipulacion_devoluciones_ecommerce\/#primaryimage","inLanguage":"es","url":"https:\/\/ecoloso.com\/wp-content\/uploads\/2021\/10\/returns.png","contentUrl":"https:\/\/ecoloso.com\/wp-content\/uploads\/2021\/10\/returns.png","width":3200,"height":1800},{"@type":"WebPage","@id":"https:\/\/ecoloso.com\/es\/servicios-logisticos\/gestion_manipulacion_devoluciones_ecommerce\/#webpage","url":"https:\/\/ecoloso.com\/es\/servicios-logisticos\/gestion_manipulacion_devoluciones_ecommerce\/","name":"Gesti\u00f3n devoluciones ecommerce - eColoso","isPartOf":{"@id":"https:\/\/ecoloso.com\/#website"},"primaryImageOfPage":{"@id":"https:\/\/ecoloso.com\/es\/servicios-logisticos\/gestion_manipulacion_devoluciones_ecommerce\/#primaryimage"},"datePublished":"2015-07-29T09:36:18+00:00","dateModified":"2025-07-16T08:53:54+00:00","description":"Mejora la eficiencia de tu eCommerce con nuestro servicio de gesti\u00f3n y manipulaci\u00f3n de devoluciones. Soluciones log\u00edsticas sostenibles y adaptadas a tus necesidades.","breadcrumb":{"@id":"https:\/\/ecoloso.com\/es\/servicios-logisticos\/gestion_manipulacion_devoluciones_ecommerce\/#breadcrumb"},"inLanguage":"es","potentialAction":[{"@type":"ReadAction","target":["https:\/\/ecoloso.com\/es\/servicios-logisticos\/gestion_manipulacion_devoluciones_ecommerce\/"]}]},{"@type":"BreadcrumbList","@id":"https:\/\/ecoloso.com\/es\/servicios-logisticos\/gestion_manipulacion_devoluciones_ecommerce\/#breadcrumb","itemListElement":[{"@type":"ListItem","position":1,"name":"Home","item":"https:\/\/ecoloso.com\/es\/"},{"@type":"ListItem","position":2,"name":"Servicios","item":"https:\/\/ecoloso.com\/es\/servicios-logisticos\/"},{"@type":"ListItem","position":3,"name":"Gesti\u00f3n y manipulaci\u00f3n devoluciones e-commerce"}]}]}},"_links":{"self":[{"href":"https:\/\/ecoloso.com\/es\/wp-json\/wp\/v2\/pages\/1754"}],"collection":[{"href":"https:\/\/ecoloso.com\/es\/wp-json\/wp\/v2\/pages"}],"about":[{"href":"https:\/\/ecoloso.com\/es\/wp-json\/wp\/v2\/types\/page"}],"author":[{"embeddable":true,"href":"https:\/\/ecoloso.com\/es\/wp-json\/wp\/v2\/users\/1"}],"replies":[{"embeddable":true,"href":"https:\/\/ecoloso.com\/es\/wp-json\/wp\/v2\/comments?post=1754"}],"version-history":[{"count":88,"href":"https:\/\/ecoloso.com\/es\/wp-json\/wp\/v2\/pages\/1754\/revisions"}],"predecessor-version":[{"id":3824,"href":"https:\/\/ecoloso.com\/es\/wp-json\/wp\/v2\/pages\/1754\/revisions\/3824"}],"up":[{"embeddable":true,"href":"https:\/\/ecoloso.com\/es\/wp-json\/wp\/v2\/pages\/1749"}],"wp:featuredmedia":[{"embeddable":true,"href":"https:\/\/ecoloso.com\/es\/wp-json\/wp\/v2\/media\/3101"}],"wp:attachment":[{"href":"https:\/\/ecoloso.com\/es\/wp-json\/wp\/v2\/media?parent=1754"}],"curies":[{"name":"wp","href":"https:\/\/api.w.org\/{rel}","templated":true}]}}