{"id":2406,"date":"2021-09-08T10:36:20","date_gmt":"2021-09-08T10:36:20","guid":{"rendered":"https:\/\/ecoloso.com\/services\/cumplimiento-de-recogida-y-empaquetado\/"},"modified":"2025-07-16T08:55:13","modified_gmt":"2025-07-16T08:55:13","slug":"pickandpack","status":"publish","type":"page","link":"https:\/\/ecoloso.com\/es\/servicios-logisticos\/pickandpack\/","title":{"rendered":"Selecci\u00f3n de pedidos y Empaquetado"},"content":{"rendered":"<p>[vc_row css=&#8221;.vc_custom_1628618554441{margin-left: 5% !important;padding-top: 60px !important;padding-bottom: 100px !important;}&#8221;][vc_column][vc_wp_custommenu nav_menu=&#8221;34&#8243;][vc_row_inner][vc_column_inner]<div class=\"heading  \" style = text-align:left; >\n\t\t\t<h3 >Cumplimiento de Recogida y Empaquetado<\/h3>\n\t\t\t<div  style=\"display: none; \"><div class=\"line\"  style=\"float:left; \"><\/div><\/div>\n\t\t\t<div class=\"clear-fix\"><\/div>\n\t\t\t<div class=\"des\" >Recepci\u00f3n, almacenamiento de su stock seguido de un servicio de recogida y embalaje y env\u00edo a sus clientes.<\/div>\n\t\t<\/div>[vc_column_text]\ud83d\udce6 <strong>Almacenamiento, empaquetado y env\u00edo sin complicaciones<\/strong><\/p>\n<p><strong>Simplifica tu log\u00edstica con eColoso<\/strong><\/p>\n<p>Nos encargamos de recibir, almacenar, recoger, empaquetar y enviar tus pedidos. Con <strong>centros log\u00edsticos en Espa\u00f1a y una red global<\/strong>, garantizamos <strong>entregas r\u00e1pidas, seguras y eficientes<\/strong>.[\/vc_column_text][\/vc_column_inner][\/vc_row_inner][vc_row_inner][vc_column_inner width=&#8221;5\/12&#8243;][vc_column_text css_animation=&#8221;bottom-to-top&#8221;]<strong>Cobertura Global, Conocimiento Local<\/strong><\/p>\n<p>\ud83c\udf0d <strong>Operamos en mercados clave<\/strong> como Australia, Canad\u00e1, Francia, Alemania, Italia, M\u00e9xico, Pa\u00edses Bajos, Espa\u00f1a, Reino Unido y EE.UU.<br \/>\n\u2705 <strong>Elige fulfillment en un solo pa\u00eds o en varios, seg\u00fan tu estrategia.<\/strong><\/p>\n<p><strong>\u00bfQui\u00e9n Puede Beneficiarse?<\/strong><\/p>\n<p>Este servicio es ideal para empresas que:<br \/>\n\u2714 Est\u00e9n registradas para IVA\/Tax donde se requiera.<br \/>\n\u2714 Hayan completado el proceso de cuenta y dep\u00f3sitos.<\/p>\n<p><strong>\u00bfC\u00f3mo Funciona?<\/strong><\/p>\n<p>\ud83d\udd39 <strong>1. Env\u00edanos tu stock<\/strong><br \/>\n\ud83d\udccc Aseg\u00farate de cumplir con los requisitos de <strong>tama\u00f1o, peso y c\u00f3digos de barras<\/strong>.<\/p>\n<p>\ud83d\udd39 <strong>2. Nosotros nos ocupamos de todo<\/strong><br \/>\n\u2705 <strong>Recepcionamos y almacenamos tu inventario.<\/strong><br \/>\n\u2705 <strong>Preparamos y enviamos pedidos con seguimiento en tiempo real.<\/strong><br \/>\n\u2705 <strong>Gestionamos devoluciones de forma eficiente.<\/strong><\/p>\n<p>\ud83d\udd39 <strong>3. Gesti\u00f3n F\u00e1cil y Transparente<\/strong><br \/>\n\ud83d\udcca <strong>Sube y monitoriza tus pedidos en nuestra plataforma.<\/strong><br \/>\n\ud83d\udd17 <strong>Consulta inventario y reportes con integraci\u00f3n API.<\/strong><\/p>\n<p><strong>Precios Flexibles<\/strong><\/p>\n<p>\ud83d\udcb0 Adaptamos nuestras tarifas seg\u00fan tus necesidades, incluyendo:<br \/>\n\u2714 Configuraci\u00f3n de cuenta y dep\u00f3sitos<br \/>\n\u2714 Cuotas mensuales<br \/>\n\u2714 Almacenaje, pick &amp; pack, env\u00edos y devoluciones<\/p>\n<p><strong>\u00bfPor qu\u00e9 elegir eColoso?<\/strong><\/p>\n<p>\ud83d\ude80 <strong>Env\u00edos el mismo d\u00eda<\/strong> si recibimos el pedido antes de las 11 AM.<br \/>\n\ud83d\udce6 <strong>Empaque personalizado<\/strong> alineado con tu marca.<br \/>\n\ud83d\udcca <strong>Asesor\u00eda en IVA y fiscalidad internacional.<\/strong><\/p>\n<p><strong>Empieza Hoy<\/strong><\/p>\n<p>1\ufe0f. S<strong>olicita un presupuesto gratuito o cont\u00e1ctanos.<\/strong><br \/>\n2\ufe0f. C<strong>ompleta el Formulario de Cuenta.<\/strong><br \/>\n3\ufe0f. R<strong>ealiza el pago de activaci\u00f3n y dep\u00f3sito.<\/strong><br \/>\n4\ufe0f. E<strong>nv\u00edanos tu stock\u2014\u00a1nosotros nos ocupamos del resto!<\/strong><\/p>\n<p>\ud83d\udce9 <strong>Optimiza tu log\u00edstica con eColoso. Cont\u00e1ctanos ahora.<\/strong>[\/vc_column_text][\/vc_column_inner][vc_column_inner width=&#8221;7\/12&#8243;][vc_single_image image=&#8221;2757&#8243; img_size=&#8221;full&#8221; alignment=&#8221;right&#8221; css_animation=&#8221;left-to-right&#8221; css=&#8221;.vc_custom_1631262387574{margin-bottom: 40px !important;}&#8221;][vc_single_image image=&#8221;2760&#8243; img_size=&#8221;full&#8221; alignment=&#8221;right&#8221; css_animation=&#8221;left-to-right&#8221; css=&#8221;.vc_custom_1631262406275{margin-bottom: 40px !important;}&#8221;][vc_single_image image=&#8221;2762&#8243; img_size=&#8221;full&#8221; alignment=&#8221;right&#8221; css_animation=&#8221;left-to-right&#8221; css=&#8221;.vc_custom_1631262424994{margin-bottom: 40px !important;}&#8221;][vc_single_image image=&#8221;2764&#8243; img_size=&#8221;full&#8221; alignment=&#8221;right&#8221; css_animation=&#8221;left-to-right&#8221; css=&#8221;.vc_custom_1631262447424{margin-bottom: 40px !important;}&#8221;][\/vc_column_inner][\/vc_row_inner][\/vc_column][\/vc_row]<\/p>\n","protected":false},"excerpt":{"rendered":"<p>Recepci\u00f3n, almacenamiento de su stock, seguido de un servicio de recogida y embalaje y env\u00edo a sus clientes.<\/p>\n","protected":false},"author":1,"featured_media":2505,"parent":1749,"menu_order":0,"comment_status":"open","ping_status":"open","template":"page-templates\/vc-template.php","meta":[],"yoast_head":"<!-- This site is optimized with the Yoast SEO plugin v18.4.1 - https:\/\/yoast.com\/wordpress\/plugins\/seo\/ -->\n<title>Pick and pack - eColoso<\/title>\n<meta name=\"description\" content=\"Servicio Pick &amp; Pack para eCommerce: preparamos y empaquetamos tus pedidos con rapidez, precisi\u00f3n y compromiso sostenible.\" \/>\n<meta name=\"robots\" content=\"index, follow, max-snippet:-1, max-image-preview:large, max-video-preview:-1\" \/>\n<link rel=\"canonical\" href=\"https:\/\/ecoloso.com\/es\/servicios-logisticos\/pickandpack\/\" \/>\n<meta property=\"og:locale\" content=\"es_ES\" \/>\n<meta property=\"og:type\" content=\"article\" \/>\n<meta property=\"og:title\" content=\"Pick and pack - eColoso\" \/>\n<meta property=\"og:description\" content=\"Servicio Pick &amp; Pack para eCommerce: preparamos y empaquetamos tus pedidos con rapidez, precisi\u00f3n y compromiso sostenible.\" \/>\n<meta property=\"og:url\" content=\"https:\/\/ecoloso.com\/es\/servicios-logisticos\/pickandpack\/\" \/>\n<meta property=\"og:site_name\" content=\"eColoso\" \/>\n<meta property=\"article:modified_time\" content=\"2025-07-16T08:55:13+00:00\" \/>\n<meta property=\"og:image\" content=\"https:\/\/ecoloso.com\/wp-content\/uploads\/2021\/09\/Manipulacion-entregas-espanol.png\" \/>\n\t<meta property=\"og:image:width\" content=\"3200\" \/>\n\t<meta property=\"og:image:height\" content=\"2106\" \/>\n\t<meta property=\"og:image:type\" content=\"image\/png\" \/>\n<meta name=\"twitter:card\" content=\"summary_large_image\" \/>\n<meta name=\"twitter:label1\" content=\"Tiempo de lectura\" \/>\n\t<meta name=\"twitter:data1\" content=\"2 minutos\" \/>\n<script type=\"application\/ld+json\" class=\"yoast-schema-graph\">{\"@context\":\"https:\/\/schema.org\",\"@graph\":[{\"@type\":\"Organization\",\"@id\":\"https:\/\/ecoloso.com\/#organization\",\"name\":\"eColoso\",\"url\":\"https:\/\/ecoloso.com\/\",\"sameAs\":[],\"logo\":{\"@type\":\"ImageObject\",\"@id\":\"https:\/\/ecoloso.com\/#logo\",\"inLanguage\":\"es\",\"url\":\"https:\/\/ecoloso.com\/wp-content\/uploads\/2021\/10\/logo-ecoloso-200x200-1.png\",\"contentUrl\":\"https:\/\/ecoloso.com\/wp-content\/uploads\/2021\/10\/logo-ecoloso-200x200-1.png\",\"width\":200,\"height\":188,\"caption\":\"eColoso\"},\"image\":{\"@id\":\"https:\/\/ecoloso.com\/#logo\"}},{\"@type\":\"WebSite\",\"@id\":\"https:\/\/ecoloso.com\/#website\",\"url\":\"https:\/\/ecoloso.com\/\",\"name\":\"eColoso\",\"description\":\"Ecommerce Returns Handling Distribution\",\"publisher\":{\"@id\":\"https:\/\/ecoloso.com\/#organization\"},\"potentialAction\":[{\"@type\":\"SearchAction\",\"target\":{\"@type\":\"EntryPoint\",\"urlTemplate\":\"https:\/\/ecoloso.com\/?s={search_term_string}\"},\"query-input\":\"required name=search_term_string\"}],\"inLanguage\":\"es\"},{\"@type\":\"ImageObject\",\"@id\":\"https:\/\/ecoloso.com\/es\/servicios-logisticos\/pickandpack\/#primaryimage\",\"inLanguage\":\"es\",\"url\":\"https:\/\/ecoloso.com\/wp-content\/uploads\/2021\/09\/Manipulacion-entregas-espanol.png\",\"contentUrl\":\"https:\/\/ecoloso.com\/wp-content\/uploads\/2021\/09\/Manipulacion-entregas-espanol.png\",\"width\":3200,\"height\":2106},{\"@type\":\"WebPage\",\"@id\":\"https:\/\/ecoloso.com\/es\/servicios-logisticos\/pickandpack\/#webpage\",\"url\":\"https:\/\/ecoloso.com\/es\/servicios-logisticos\/pickandpack\/\",\"name\":\"Pick and pack - eColoso\",\"isPartOf\":{\"@id\":\"https:\/\/ecoloso.com\/#website\"},\"primaryImageOfPage\":{\"@id\":\"https:\/\/ecoloso.com\/es\/servicios-logisticos\/pickandpack\/#primaryimage\"},\"datePublished\":\"2021-09-08T10:36:20+00:00\",\"dateModified\":\"2025-07-16T08:55:13+00:00\",\"description\":\"Servicio Pick & Pack para eCommerce: preparamos y empaquetamos tus pedidos con rapidez, precisi\u00f3n y compromiso sostenible.\",\"breadcrumb\":{\"@id\":\"https:\/\/ecoloso.com\/es\/servicios-logisticos\/pickandpack\/#breadcrumb\"},\"inLanguage\":\"es\",\"potentialAction\":[{\"@type\":\"ReadAction\",\"target\":[\"https:\/\/ecoloso.com\/es\/servicios-logisticos\/pickandpack\/\"]}]},{\"@type\":\"BreadcrumbList\",\"@id\":\"https:\/\/ecoloso.com\/es\/servicios-logisticos\/pickandpack\/#breadcrumb\",\"itemListElement\":[{\"@type\":\"ListItem\",\"position\":1,\"name\":\"Home\",\"item\":\"https:\/\/ecoloso.com\/es\/\"},{\"@type\":\"ListItem\",\"position\":2,\"name\":\"Servicios\",\"item\":\"https:\/\/ecoloso.com\/es\/servicios-logisticos\/\"},{\"@type\":\"ListItem\",\"position\":3,\"name\":\"Selecci\u00f3n de pedidos y Empaquetado\"}]}]}<\/script>\n<!-- \/ Yoast SEO plugin. -->","yoast_head_json":{"title":"Pick and pack - eColoso","description":"Servicio Pick & Pack para eCommerce: preparamos y empaquetamos tus pedidos con rapidez, precisi\u00f3n y compromiso sostenible.","robots":{"index":"index","follow":"follow","max-snippet":"max-snippet:-1","max-image-preview":"max-image-preview:large","max-video-preview":"max-video-preview:-1"},"canonical":"https:\/\/ecoloso.com\/es\/servicios-logisticos\/pickandpack\/","og_locale":"es_ES","og_type":"article","og_title":"Pick and pack - eColoso","og_description":"Servicio Pick & Pack para eCommerce: preparamos y empaquetamos tus pedidos con rapidez, precisi\u00f3n y compromiso sostenible.","og_url":"https:\/\/ecoloso.com\/es\/servicios-logisticos\/pickandpack\/","og_site_name":"eColoso","article_modified_time":"2025-07-16T08:55:13+00:00","og_image":[{"width":3200,"height":2106,"url":"https:\/\/ecoloso.com\/wp-content\/uploads\/2021\/09\/Manipulacion-entregas-espanol.png","type":"image\/png"}],"twitter_card":"summary_large_image","twitter_misc":{"Tiempo de lectura":"2 minutos"},"schema":{"@context":"https:\/\/schema.org","@graph":[{"@type":"Organization","@id":"https:\/\/ecoloso.com\/#organization","name":"eColoso","url":"https:\/\/ecoloso.com\/","sameAs":[],"logo":{"@type":"ImageObject","@id":"https:\/\/ecoloso.com\/#logo","inLanguage":"es","url":"https:\/\/ecoloso.com\/wp-content\/uploads\/2021\/10\/logo-ecoloso-200x200-1.png","contentUrl":"https:\/\/ecoloso.com\/wp-content\/uploads\/2021\/10\/logo-ecoloso-200x200-1.png","width":200,"height":188,"caption":"eColoso"},"image":{"@id":"https:\/\/ecoloso.com\/#logo"}},{"@type":"WebSite","@id":"https:\/\/ecoloso.com\/#website","url":"https:\/\/ecoloso.com\/","name":"eColoso","description":"Ecommerce Returns Handling Distribution","publisher":{"@id":"https:\/\/ecoloso.com\/#organization"},"potentialAction":[{"@type":"SearchAction","target":{"@type":"EntryPoint","urlTemplate":"https:\/\/ecoloso.com\/?s={search_term_string}"},"query-input":"required name=search_term_string"}],"inLanguage":"es"},{"@type":"ImageObject","@id":"https:\/\/ecoloso.com\/es\/servicios-logisticos\/pickandpack\/#primaryimage","inLanguage":"es","url":"https:\/\/ecoloso.com\/wp-content\/uploads\/2021\/09\/Manipulacion-entregas-espanol.png","contentUrl":"https:\/\/ecoloso.com\/wp-content\/uploads\/2021\/09\/Manipulacion-entregas-espanol.png","width":3200,"height":2106},{"@type":"WebPage","@id":"https:\/\/ecoloso.com\/es\/servicios-logisticos\/pickandpack\/#webpage","url":"https:\/\/ecoloso.com\/es\/servicios-logisticos\/pickandpack\/","name":"Pick and pack - eColoso","isPartOf":{"@id":"https:\/\/ecoloso.com\/#website"},"primaryImageOfPage":{"@id":"https:\/\/ecoloso.com\/es\/servicios-logisticos\/pickandpack\/#primaryimage"},"datePublished":"2021-09-08T10:36:20+00:00","dateModified":"2025-07-16T08:55:13+00:00","description":"Servicio Pick & Pack para eCommerce: preparamos y empaquetamos tus pedidos con rapidez, precisi\u00f3n y compromiso sostenible.","breadcrumb":{"@id":"https:\/\/ecoloso.com\/es\/servicios-logisticos\/pickandpack\/#breadcrumb"},"inLanguage":"es","potentialAction":[{"@type":"ReadAction","target":["https:\/\/ecoloso.com\/es\/servicios-logisticos\/pickandpack\/"]}]},{"@type":"BreadcrumbList","@id":"https:\/\/ecoloso.com\/es\/servicios-logisticos\/pickandpack\/#breadcrumb","itemListElement":[{"@type":"ListItem","position":1,"name":"Home","item":"https:\/\/ecoloso.com\/es\/"},{"@type":"ListItem","position":2,"name":"Servicios","item":"https:\/\/ecoloso.com\/es\/servicios-logisticos\/"},{"@type":"ListItem","position":3,"name":"Selecci\u00f3n de pedidos y Empaquetado"}]}]}},"_links":{"self":[{"href":"https:\/\/ecoloso.com\/es\/wp-json\/wp\/v2\/pages\/2406"}],"collection":[{"href":"https:\/\/ecoloso.com\/es\/wp-json\/wp\/v2\/pages"}],"about":[{"href":"https:\/\/ecoloso.com\/es\/wp-json\/wp\/v2\/types\/page"}],"author":[{"embeddable":true,"href":"https:\/\/ecoloso.com\/es\/wp-json\/wp\/v2\/users\/1"}],"replies":[{"embeddable":true,"href":"https:\/\/ecoloso.com\/es\/wp-json\/wp\/v2\/comments?post=2406"}],"version-history":[{"count":24,"href":"https:\/\/ecoloso.com\/es\/wp-json\/wp\/v2\/pages\/2406\/revisions"}],"predecessor-version":[{"id":4362,"href":"https:\/\/ecoloso.com\/es\/wp-json\/wp\/v2\/pages\/2406\/revisions\/4362"}],"up":[{"embeddable":true,"href":"https:\/\/ecoloso.com\/es\/wp-json\/wp\/v2\/pages\/1749"}],"wp:featuredmedia":[{"embeddable":true,"href":"https:\/\/ecoloso.com\/es\/wp-json\/wp\/v2\/media\/2505"}],"wp:attachment":[{"href":"https:\/\/ecoloso.com\/es\/wp-json\/wp\/v2\/media?parent=2406"}],"curies":[{"name":"wp","href":"https:\/\/api.w.org\/{rel}","templated":true}]}}