{"id":2614,"date":"2021-09-09T18:59:46","date_gmt":"2021-09-09T18:59:46","guid":{"rendered":"https:\/\/ecoloso.com\/contacto\/"},"modified":"2025-07-16T08:38:15","modified_gmt":"2025-07-16T08:38:15","slug":"contactenos_llamenos_contacto","status":"publish","type":"page","link":"https:\/\/ecoloso.com\/es\/contactenos_llamenos_contacto\/","title":{"rendered":"Contacto"},"content":{"rendered":"<p>[vc_row css=&#8221;.vc_custom_1727255753285{margin-bottom: 0px !important;padding-top: 0px !important;}&#8221; el_class=&#8221;section-padding&#8221;][vc_column width=&#8221;1\/2&#8243; css=&#8221;.vc_custom_1727255529188{padding-top: 0px !important;padding-bottom: 0px !important;}&#8221;][vc_column_text css_animation=&#8221;left-to-right&#8221; el_class=&#8221;contact-us-text&#8221;]<\/p>\n<p class=\"\" data-start=\"145\" data-end=\"191\"><strong data-start=\"145\" data-end=\"191\">\u00bfTienes dudas o necesitas m\u00e1s informaci\u00f3n?<\/strong><\/p>\n<p class=\"\" data-start=\"193\" data-end=\"524\">Si despu\u00e9s de explorar nuestra p\u00e1gina web a\u00fan tienes preguntas o quieres aclarar alg\u00fan detalle, no dudes en ponerte en contacto con nosotros. En eColoso, nuestro equipo est\u00e1 siempre disponible para atenderte con rapidez y compromiso. Nuestro objetivo es ayudarte a encontrar soluciones log\u00edsticas que realmente impulsen tu negocio.<\/p>\n<p class=\"\" data-start=\"526\" data-end=\"578\"><strong data-start=\"526\" data-end=\"548\">\u00bfA qui\u00e9n ayudamos?<\/strong><br data-start=\"548\" data-end=\"551\" \/>Nuestros clientes incluyen:<\/p>\n<p class=\"\" data-start=\"580\" data-end=\"872\">\u2705 Emprendedores y marcas que venden online y necesitan enviar pedidos a sus clientes.<br data-start=\"665\" data-end=\"668\" \/>\u2705 Empresas que gestionan devoluciones en Espa\u00f1a, Europa o desde\/hacia otros continentes.<br data-start=\"756\" data-end=\"759\" \/>\u2705 Negocios fuera de Europa que buscan expandirse en el mercado europeo sin necesidad de abrir una oficina f\u00edsica.<\/p>\n<p class=\"\" data-start=\"874\" data-end=\"1157\"><strong data-start=\"874\" data-end=\"893\">\u00bfQu\u00e9 ofrecemos?<\/strong><br data-start=\"893\" data-end=\"896\" \/>Podemos recibir tu mercanc\u00eda en palets o contenedores, almacenarla en nuestras instalaciones, y realizar el pick &amp; pack bajo pedido. Tambi\u00e9n nos encargamos del etiquetado y env\u00edo al destino final, todo gestionado de forma eficiente y adaptado a tus necesidades.<\/p>\n<p class=\"\" data-start=\"1159\" data-end=\"1287\"><strong data-start=\"1159\" data-end=\"1185\">Con\u00e9ctate con nosotros<\/strong><br data-start=\"1185\" data-end=\"1188\" \/>Tambi\u00e9n puedes seguirnos en redes sociales para estar al tanto de nuestras novedades y promociones.<\/p>\n<p class=\"\" data-start=\"1289\" data-end=\"1442\">\ud83d\udcde Tel\u00e9fono: +34 951 473 566<br data-start=\"1317\" data-end=\"1320\" \/>\ud83d\udce7 Email: <a class=\"cursor-pointer\" rel=\"noopener\" data-start=\"1330\" data-end=\"1375\">sales@ecoloso.com<\/a><br data-start=\"1375\" data-end=\"1378\" \/>\ud83d\udccd Direcci\u00f3n: Calle Narc\u00eds Monturiol, 41, 29603 Marbella, Espa\u00f1a<\/p>\n<p>[\/vc_column_text][\/vc_column][vc_column width=&#8221;1\/2&#8243; el_class=&#8221;contact-us-section&#8221; css=&#8221;.vc_custom_1727255538482{padding-top: 0px !important;padding-bottom: 0px !important;}&#8221;]<div class=\"heading  \" >\n\t\t\t<h2 >ENVIAR UN MENSAJE<\/h2>\n\t\t\t<div  style=\"display: block; \"><div class=\"line\" ><\/div><\/div>\n\t\t\t\n\t\t\t<div class=\"des\"  style=\"font-size:16px; \">Envianos lo que necesita tu empresa y nos pondremos en contacto contigo r\u00e1pidamente.<\/div>\n\t\t<\/div>[vc_row_inner css=&#8221;.vc_custom_1730878947648{background-color: #2ba409 !important;}&#8221;][vc_column_inner el_class=&#8221;contact-form-wrapper&#8221; el_id=&#8221;FormularioContacto&#8221;]<div role=\"form\" class=\"wpcf7\" id=\"wpcf7-f3010-o1\" lang=\"en-US\" dir=\"ltr\">\n<div class=\"screen-reader-response\"><p role=\"status\" aria-live=\"polite\" aria-atomic=\"true\"><\/p> <ul><\/ul><\/div>\n<form action=\"\/es\/wp-json\/wp\/v2\/pages\/2614#wpcf7-f3010-o1\" method=\"post\" class=\"wpcf7-form init\" novalidate=\"novalidate\" data-status=\"init\">\n<div style=\"display: none;\">\n<input type=\"hidden\" name=\"_wpcf7\" value=\"3010\" \/>\n<input type=\"hidden\" name=\"_wpcf7_version\" value=\"5.4.2\" \/>\n<input type=\"hidden\" name=\"_wpcf7_locale\" value=\"en_US\" \/>\n<input type=\"hidden\" name=\"_wpcf7_unit_tag\" value=\"wpcf7-f3010-o1\" \/>\n<input type=\"hidden\" name=\"_wpcf7_container_post\" value=\"0\" \/>\n<input type=\"hidden\" name=\"_wpcf7_posted_data_hash\" value=\"\" \/>\n<input type=\"hidden\" name=\"_wpcf7_recaptcha_response\" value=\"\" \/>\n<\/div>\n<div class=\"contact-us\">\n<div class=\"row\">\n<div class=\"col-md-6 col-sm-12\">\n<div class=\"col-md-6\">\n\t\t    <span class=\"wpcf7-form-control-wrap first-name\"><input type=\"text\" name=\"first-name\" value=\"\" size=\"40\" class=\"wpcf7-form-control wpcf7-text wpcf7-validates-as-required\" aria-required=\"true\" aria-invalid=\"false\" placeholder=\"Nombre*\" \/><\/span>\n\t\t\t<\/div>\n<div class=\"col-md-6\">\n\t\t\t    <span class=\"wpcf7-form-control-wrap last-name\"><input type=\"text\" name=\"last-name\" value=\"\" size=\"40\" class=\"wpcf7-form-control wpcf7-text wpcf7-validates-as-required\" aria-required=\"true\" aria-invalid=\"false\" placeholder=\"Apellido*\" \/><\/span>\n\t\t\t<\/div>\n<div class=\"col-md-6\">\n\t\t\t    <span class=\"wpcf7-form-control-wrap your-email\"><input type=\"email\" name=\"your-email\" value=\"\" size=\"40\" class=\"wpcf7-form-control wpcf7-text wpcf7-email wpcf7-validates-as-required wpcf7-validates-as-email\" aria-required=\"true\" aria-invalid=\"false\" placeholder=\"Su correo electr\u00f3nico*\" \/><\/span>\n\t\t\t<\/div>\n<div class=\"col-md-6\">\n\t\t\t    <span class=\"wpcf7-form-control-wrap Sutelfono\"><input type=\"text\" name=\"Sutelfono\" value=\"\" size=\"40\" class=\"wpcf7-form-control wpcf7-text wpcf7-validates-as-required\" aria-required=\"true\" aria-invalid=\"false\" placeholder=\"Prefijo + n\u00famero de tel\u00e9fono.\" \/><\/span>\n\t\t\t<\/div>\n<div class=\"col-md-12\">\n\t\t\t  <span class=\"wpcf7-form-control-wrap Asunto\"><select name=\"Asunto\" class=\"wpcf7-form-control wpcf7-select wpcf7-validates-as-required\" aria-required=\"true\" aria-invalid=\"false\"><option value=\"Asunto\">Asunto<\/option><option value=\"Presupuesto\">Presupuesto<\/option><option value=\"Env\u00edo\/Recogida\">Env\u00edo\/Recogida<\/option><option value=\"Devoluciones\">Devoluciones<\/option><option value=\"Queja\">Queja<\/option><option value=\"Otro asunto\">Otro asunto<\/option><\/select><\/span>\n\t\t\t<\/div>\n<div class=\"col-md-12\">\n\t\t\t    <span class=\"wpcf7-form-control-wrap your-message\"><textarea name=\"your-message\" cols=\"40\" rows=\"10\" class=\"wpcf7-form-control wpcf7-textarea\" aria-invalid=\"false\" placeholder=\"Su mensaje\"><\/textarea><\/span>\n\t\t\t<\/div>\n<div style=\"display: none;\">\n<input type=\"hidden\" name=\"flamingo_message\" value=\"your-message\" class=\"wpcf7-form-control wpcf7-hidden\" \/>\n<\/div>\n<\/div>\n<div class=\"col-md-6 col-sm-12\">\n<div class=\"ct-des\">\n\t\t\tProtecci\u00f3n de datos personales<br \/>\n\t\t\tUtilizaremos sus datos para responder consultas, enviar comunicaciones comerciales y realizar an\u00e1lisis estad\u00edsticos.<br \/>\n\t\t\tPara m\u00e1s informaci\u00f3n sobre el tratamiento y sus derechos, consulte la <a href=\"https:\/\/ecoloso.com\/politica-de-privacidad\/?lang=es\">Pol\u00edtica de Privacidad<\/a><br \/>\n\t\t\tFormularios<br \/>\n\t\t\t<a href=\"https:\/\/ecoloso.com\/consentimiento-para-el-tratamiento-de-datos-personales\/?lang=es\">Consentimiento para el tratamiento de datos personales<\/a><br \/>\n\t\t\t<span class=\"wpcf7-form-control-wrap acceptance-335\"><span class=\"wpcf7-form-control wpcf7-acceptance optional\"><span class=\"wpcf7-list-item\"><label><input type=\"checkbox\" name=\"acceptance-335\" value=\"1\" aria-invalid=\"false\" \/><span class=\"wpcf7-list-item-label\">Acepto el tratamiento de datos para enviar comunicaciones comerciales<\/span><\/label><\/span><\/span><\/span><\/p>\n<span class=\"wpcf7-form-control-wrap recaptcha\" data-name=\"recaptcha\"><span data-sitekey=\"6Ldtj28qAAAAAKkbZft6sIJ57gMgmDwlJPG1E_im\" class=\"wpcf7-form-control g-recaptcha wpcf7-recaptcha\"><\/span>\r\n<noscript>\r\n\t<div class=\"grecaptcha-noscript\">\r\n\t\t<iframe src=\"https:\/\/www.google.com\/recaptcha\/api\/fallback?k=6Ldtj28qAAAAAKkbZft6sIJ57gMgmDwlJPG1E_im\" frameborder=\"0\" scrolling=\"no\" width=\"310\" height=\"430\">\r\n\t\t<\/iframe>\r\n\t\t<textarea name=\"g-recaptcha-response\" rows=\"3\" cols=\"40\" placeholder=\"Aqu\u00ed la respuesta de reCAPTCHA\">\r\n\t\t<\/textarea>\r\n\t<\/div>\r\n<\/noscript>\r\n<\/span>\n<p>\t\t\t    <input type=\"submit\" value=\"ENVIAR MENSAJE\" class=\"wpcf7-form-control wpcf7-submit\" \/>\n\t\t\t<\/p><\/div>\n<\/div>\n<\/div>\n<\/div>\n<div class=\"wpcf7-response-output\" aria-hidden=\"true\"><\/div><\/form><\/div>[\/vc_column_inner][\/vc_row_inner][\/vc_column][\/vc_row][vc_row full_width=&#8221;stretch_row_content_no_spaces&#8221;][vc_column][vc_gmaps link=&#8221;#E-8_JTNDaWZyYW1lJTIwc3JjJTNEJTIyaHR0cHMlM0ElMkYlMkZ3d3cuZ29vZ2xlLmNvbSUyRm1hcHMlMkZlbWJlZCUzRnBiJTNEJTIxMW0xNyUyMTFtMTIlMjExbTMlMjExZDMyMDYuODc3NjI2MDIwNTM1NCUyMTJkLTQuODcyMjE4MDAwMDAwMDAxJTIxM2QzNi41MDg4MTU5OTk5OTk5OTYlMjEybTMlMjExZjAlMjEyZjAlMjEzZjAlMjEzbTIlMjExaTEwMjQlMjEyaTc2OCUyMTRmMTMuMSUyMTNtMiUyMTFtMSUyMTJ6TXpiQ3NETXdKek14TGpjaVRpQTB3ckExTWljeU1DNHdJbGMlMjE1ZTAlMjEzbTIlMjExc2VuJTIxMnNpbiUyMTR2MTcyNzE3MDg1NjE1OCUyMTVtMiUyMTFzZW4lMjEyc2luJTIyJTIwd2lkdGglM0QlMjI2MDAlMjIlMjBoZWlnaHQlM0QlMjI0NTAlMjIlMjBzdHlsZSUzRCUyMmJvcmRlciUzQTAlM0IlMjIlMjBhbGxvd2Z1bGxzY3JlZW4lM0QlMjIlMjIlMjBsb2FkaW5nJTNEJTIybGF6eSUyMiUyMHJlZmVycmVycG9saWN5JTNEJTIybm8tcmVmZXJyZXItd2hlbi1kb3duZ3JhZGUlMjIlM0UlM0MlMkZpZnJhbWUlM0U=&#8221;][\/vc_column][\/vc_row]<\/p>\n","protected":false},"excerpt":{"rendered":"<p>[vc_row css=&#8221;.vc_custom_1727255753285{margin-bottom: 0px !important;padding-top: 0px !important;}&#8221; el_class=&#8221;section-padding&#8221;][vc_column width=&#8221;1\/2&#8243; css=&#8221;.vc_custom_1727255529188{padding-top: 0px !important;padding-bottom: 0px !important;}&#8221;][vc_column_text css_animation=&#8221;left-to-right&#8221; el_class=&#8221;contact-us-text&#8221;]<br \/>\n\u00bfTienes dudas o necesitas m\u00e1s informaci\u00f3n?<br \/>\nSi despu\u00e9s de explorar nuestra p\u00e1gina web a\u00fan tienes preguntas o quieres aclarar alg\u00fan detalle, no dudes en ponerte en contacto con nosotros. En eColoso, nuestro equipo est\u00e1 siempre <\/p>\n","protected":false},"author":1,"featured_media":0,"parent":0,"menu_order":0,"comment_status":"closed","ping_status":"open","template":"page-templates\/vc-template.php","meta":[],"yoast_head":"<!-- This site is optimized with the Yoast SEO plugin v18.4.1 - https:\/\/yoast.com\/wordpress\/plugins\/seo\/ -->\n<title>Cont\u00e1ctenos Ll\u00e1menos Contacto<\/title>\n<meta name=\"description\" content=\"Cont\u00e1ctenos Ll\u00e1menos Contacto y con gusto ampliaremos informaci\u00f3n referente servicios log\u00edsticos como devoluciones, picking, env\u00edos\" \/>\n<meta name=\"robots\" content=\"noindex, nofollow\" \/>\n<meta property=\"og:locale\" content=\"es_ES\" \/>\n<meta property=\"og:type\" content=\"article\" \/>\n<meta property=\"og:title\" content=\"Cont\u00e1ctenos Ll\u00e1menos Contacto\" \/>\n<meta property=\"og:description\" content=\"Cont\u00e1ctenos Ll\u00e1menos Contacto y con gusto ampliaremos informaci\u00f3n referente servicios log\u00edsticos como devoluciones, picking, env\u00edos\" \/>\n<meta property=\"og:url\" content=\"https:\/\/ecoloso.com\/es\/contactenos_llamenos_contacto\/\" \/>\n<meta property=\"og:site_name\" content=\"eColoso\" \/>\n<meta property=\"article:modified_time\" content=\"2025-07-16T08:38:15+00:00\" \/>\n<meta name=\"twitter:card\" content=\"summary_large_image\" \/>\n<meta name=\"twitter:label1\" content=\"Tiempo de lectura\" \/>\n\t<meta name=\"twitter:data1\" content=\"2 minutos\" \/>\n<script type=\"application\/ld+json\" class=\"yoast-schema-graph\">{\"@context\":\"https:\/\/schema.org\",\"@graph\":[{\"@type\":\"Organization\",\"@id\":\"https:\/\/ecoloso.com\/#organization\",\"name\":\"eColoso\",\"url\":\"https:\/\/ecoloso.com\/\",\"sameAs\":[],\"logo\":{\"@type\":\"ImageObject\",\"@id\":\"https:\/\/ecoloso.com\/#logo\",\"inLanguage\":\"es\",\"url\":\"https:\/\/ecoloso.com\/wp-content\/uploads\/2021\/10\/logo-ecoloso-200x200-1.png\",\"contentUrl\":\"https:\/\/ecoloso.com\/wp-content\/uploads\/2021\/10\/logo-ecoloso-200x200-1.png\",\"width\":200,\"height\":188,\"caption\":\"eColoso\"},\"image\":{\"@id\":\"https:\/\/ecoloso.com\/#logo\"}},{\"@type\":\"WebSite\",\"@id\":\"https:\/\/ecoloso.com\/#website\",\"url\":\"https:\/\/ecoloso.com\/\",\"name\":\"eColoso\",\"description\":\"Ecommerce Returns Handling Distribution\",\"publisher\":{\"@id\":\"https:\/\/ecoloso.com\/#organization\"},\"potentialAction\":[{\"@type\":\"SearchAction\",\"target\":{\"@type\":\"EntryPoint\",\"urlTemplate\":\"https:\/\/ecoloso.com\/?s={search_term_string}\"},\"query-input\":\"required name=search_term_string\"}],\"inLanguage\":\"es\"},{\"@type\":\"WebPage\",\"@id\":\"https:\/\/ecoloso.com\/es\/contactenos_llamenos_contacto\/#webpage\",\"url\":\"https:\/\/ecoloso.com\/es\/contactenos_llamenos_contacto\/\",\"name\":\"Cont\u00e1ctenos Ll\u00e1menos Contacto\",\"isPartOf\":{\"@id\":\"https:\/\/ecoloso.com\/#website\"},\"datePublished\":\"2021-09-09T18:59:46+00:00\",\"dateModified\":\"2025-07-16T08:38:15+00:00\",\"description\":\"Cont\u00e1ctenos Ll\u00e1menos Contacto y con gusto ampliaremos informaci\u00f3n referente servicios log\u00edsticos como devoluciones, picking, env\u00edos\",\"breadcrumb\":{\"@id\":\"https:\/\/ecoloso.com\/es\/contactenos_llamenos_contacto\/#breadcrumb\"},\"inLanguage\":\"es\",\"potentialAction\":[{\"@type\":\"ReadAction\",\"target\":[\"https:\/\/ecoloso.com\/es\/contactenos_llamenos_contacto\/\"]}]},{\"@type\":\"BreadcrumbList\",\"@id\":\"https:\/\/ecoloso.com\/es\/contactenos_llamenos_contacto\/#breadcrumb\",\"itemListElement\":[{\"@type\":\"ListItem\",\"position\":1,\"name\":\"Home\",\"item\":\"https:\/\/ecoloso.com\/es\/\"},{\"@type\":\"ListItem\",\"position\":2,\"name\":\"Contacto\"}]}]}<\/script>\n<!-- \/ Yoast SEO plugin. -->","yoast_head_json":{"title":"Cont\u00e1ctenos Ll\u00e1menos Contacto","description":"Cont\u00e1ctenos Ll\u00e1menos Contacto y con gusto ampliaremos informaci\u00f3n referente servicios log\u00edsticos como devoluciones, picking, env\u00edos","robots":{"index":"noindex","follow":"nofollow"},"og_locale":"es_ES","og_type":"article","og_title":"Cont\u00e1ctenos Ll\u00e1menos Contacto","og_description":"Cont\u00e1ctenos Ll\u00e1menos Contacto y con gusto ampliaremos informaci\u00f3n referente servicios log\u00edsticos como devoluciones, picking, env\u00edos","og_url":"https:\/\/ecoloso.com\/es\/contactenos_llamenos_contacto\/","og_site_name":"eColoso","article_modified_time":"2025-07-16T08:38:15+00:00","twitter_card":"summary_large_image","twitter_misc":{"Tiempo de lectura":"2 minutos"},"schema":{"@context":"https:\/\/schema.org","@graph":[{"@type":"Organization","@id":"https:\/\/ecoloso.com\/#organization","name":"eColoso","url":"https:\/\/ecoloso.com\/","sameAs":[],"logo":{"@type":"ImageObject","@id":"https:\/\/ecoloso.com\/#logo","inLanguage":"es","url":"https:\/\/ecoloso.com\/wp-content\/uploads\/2021\/10\/logo-ecoloso-200x200-1.png","contentUrl":"https:\/\/ecoloso.com\/wp-content\/uploads\/2021\/10\/logo-ecoloso-200x200-1.png","width":200,"height":188,"caption":"eColoso"},"image":{"@id":"https:\/\/ecoloso.com\/#logo"}},{"@type":"WebSite","@id":"https:\/\/ecoloso.com\/#website","url":"https:\/\/ecoloso.com\/","name":"eColoso","description":"Ecommerce Returns Handling Distribution","publisher":{"@id":"https:\/\/ecoloso.com\/#organization"},"potentialAction":[{"@type":"SearchAction","target":{"@type":"EntryPoint","urlTemplate":"https:\/\/ecoloso.com\/?s={search_term_string}"},"query-input":"required name=search_term_string"}],"inLanguage":"es"},{"@type":"WebPage","@id":"https:\/\/ecoloso.com\/es\/contactenos_llamenos_contacto\/#webpage","url":"https:\/\/ecoloso.com\/es\/contactenos_llamenos_contacto\/","name":"Cont\u00e1ctenos Ll\u00e1menos Contacto","isPartOf":{"@id":"https:\/\/ecoloso.com\/#website"},"datePublished":"2021-09-09T18:59:46+00:00","dateModified":"2025-07-16T08:38:15+00:00","description":"Cont\u00e1ctenos Ll\u00e1menos Contacto y con gusto ampliaremos informaci\u00f3n referente servicios log\u00edsticos como devoluciones, picking, env\u00edos","breadcrumb":{"@id":"https:\/\/ecoloso.com\/es\/contactenos_llamenos_contacto\/#breadcrumb"},"inLanguage":"es","potentialAction":[{"@type":"ReadAction","target":["https:\/\/ecoloso.com\/es\/contactenos_llamenos_contacto\/"]}]},{"@type":"BreadcrumbList","@id":"https:\/\/ecoloso.com\/es\/contactenos_llamenos_contacto\/#breadcrumb","itemListElement":[{"@type":"ListItem","position":1,"name":"Home","item":"https:\/\/ecoloso.com\/es\/"},{"@type":"ListItem","position":2,"name":"Contacto"}]}]}},"_links":{"self":[{"href":"https:\/\/ecoloso.com\/es\/wp-json\/wp\/v2\/pages\/2614"}],"collection":[{"href":"https:\/\/ecoloso.com\/es\/wp-json\/wp\/v2\/pages"}],"about":[{"href":"https:\/\/ecoloso.com\/es\/wp-json\/wp\/v2\/types\/page"}],"author":[{"embeddable":true,"href":"https:\/\/ecoloso.com\/es\/wp-json\/wp\/v2\/users\/1"}],"replies":[{"embeddable":true,"href":"https:\/\/ecoloso.com\/es\/wp-json\/wp\/v2\/comments?post=2614"}],"version-history":[{"count":31,"href":"https:\/\/ecoloso.com\/es\/wp-json\/wp\/v2\/pages\/2614\/revisions"}],"predecessor-version":[{"id":4381,"href":"https:\/\/ecoloso.com\/es\/wp-json\/wp\/v2\/pages\/2614\/revisions\/4381"}],"wp:attachment":[{"href":"https:\/\/ecoloso.com\/es\/wp-json\/wp\/v2\/media?parent=2614"}],"curies":[{"name":"wp","href":"https:\/\/api.w.org\/{rel}","templated":true}]}}