{"id":2809,"date":"2021-09-10T18:52:04","date_gmt":"2021-09-10T18:52:04","guid":{"rendered":"https:\/\/ecoloso.com\/services\/entrega-puerta-a-puerta\/"},"modified":"2025-07-16T08:53:13","modified_gmt":"2025-07-16T08:53:13","slug":"entrega-puerta-a-puerta","status":"publish","type":"page","link":"https:\/\/ecoloso.com\/es\/servicios-logisticos\/entrega-puerta-a-puerta\/","title":{"rendered":"Entrega puerta a puerta"},"content":{"rendered":"<p>[vc_row css=&#8221;.vc_custom_1628618378049{margin-left: 5% !important;padding-top: 60px !important;padding-bottom: 100px !important;}&#8221;][vc_column][vc_row_inner][vc_column_inner]<div class=\"heading  \" style = text-align:left; >\n\t\t\t<h3 >Entregas puerta a puerta<\/h3>\n\t\t\t<div  style=\"display: none; \"><div class=\"line\"  style=\"float:left; \"><\/div><\/div>\n\t\t\t<div class=\"clear-fix\"><\/div>\n\t\t\t<div class=\"des\" >Transporte sin complicaciones desde tu almac\u00e9n hasta el destino final.<\/div>\n\t\t<\/div>[vc_column_text]<strong>\u00bfQu\u00e9 es el Env\u00edo Puerta a Puerta?<\/strong><\/p>\n<p>Este servicio garantiza un <strong>env\u00edo directo<\/strong> desde tu almac\u00e9n hasta la puerta del cliente o un centro de transporte para su entrega final, <strong>sin intermediarios ni complicaciones<\/strong>.[\/vc_column_text][\/vc_column_inner][\/vc_row_inner][vc_row_inner][vc_column_inner width=&#8221;5\/12&#8243;][vc_column_text css_animation=&#8221;bottom-to-top&#8221;]<strong>Beneficios del Env\u00edo Puerta a Puerta<\/strong><\/p>\n<p>\u2705 <strong>Un solo punto de contacto<\/strong><br \/>\nOlv\u00eddate de coordinar con m\u00faltiples proveedores. Recibe <strong>actualizaciones en tiempo real<\/strong> con un solo gestor de cuenta.<\/p>\n<p>\u2705 <strong>Gesti\u00f3n total con nuestra plataforma log\u00edstica<\/strong><br \/>\nTu empresa podr\u00e1 <strong>gestionar y coordinar todos sus env\u00edos<\/strong>, eligiendo el proveedor que m\u00e1s le convenga. Adem\u00e1s, podr\u00e1 <strong>controlar sus entregas, incidencias y hacer seguimiento<\/strong> con los diferentes proveedores <strong>desde una sola plataforma<\/strong>.<\/p>\n<p>\u2705 <strong>Integraci\u00f3n con tu plataforma de ventas<\/strong><br \/>\nSi tienes un negocio de <strong>venta online<\/strong>, podremos conectar tu sistema de ventas con nuestra plataforma log\u00edstica. As\u00ed, <strong>tu equipo podr\u00e1 enfocarse en marketing, comercial y compras<\/strong>, optimizando el proceso de ventas en lugar de invertir tiempo en la log\u00edstica.<\/p>\n<p>\u2705 <strong>Env\u00edos asegurados<\/strong><br \/>\nProtege tus productos contra p\u00e9rdidas o da\u00f1os con cobertura incluida en muchos servicios. <strong>Consulta la informaci\u00f3n adicional seg\u00fan el servicio elegido<\/strong> y, si tienes dudas, <strong>cont\u00e1ctanos para m\u00e1s detalles<\/strong>.<\/p>\n<p>\u2705 <strong>Ahorro de costos<\/strong><br \/>\nUn proceso de env\u00edo integral elimina <strong>gastos adicionales<\/strong> en log\u00edstica de primera y \u00faltima milla.<\/p>\n<p>\u2705 <strong>Menos esfuerzo operativo<\/strong><br \/>\nConc\u00e9ntrate en hacer crecer tu negocio mientras <strong>nosotros nos encargamos de la log\u00edstica<\/strong>.<\/p>\n<p>\u2705 <strong>Gesti\u00f3n simplificada<\/strong><br \/>\nUn solo proveedor log\u00edstico significa <strong>menos complicaciones y mayor eficiencia<\/strong>.[\/vc_column_text][\/vc_column_inner][vc_column_inner width=&#8221;7\/12&#8243;][vc_single_image image=&#8221;2748&#8243; img_size=&#8221;full&#8221; alignment=&#8221;right&#8221; css_animation=&#8221;left-to-right&#8221; css=&#8221;.vc_custom_1631261790546{margin-right: 80px !important;margin-bottom: 40px !important;}&#8221;][vc_single_image image=&#8221;2750&#8243; img_size=&#8221;258&#215;144&#8243; alignment=&#8221;right&#8221; css_animation=&#8221;left-to-right&#8221; css=&#8221;.vc_custom_1631261775087{margin-right: 80px !important;margin-bottom: 40px !important;}&#8221;][vc_single_image image=&#8221;2752&#8243; img_size=&#8221;full&#8221; alignment=&#8221;center&#8221; css_animation=&#8221;left-to-right&#8221; css=&#8221;.vc_custom_1631261805791{margin-right: 80px !important;margin-bottom: 5px !important;}&#8221;][\/vc_column_inner][\/vc_row_inner][\/vc_column][\/vc_row]<\/p>\n","protected":false},"excerpt":{"rendered":"<p>Nuestro servicio de camiones se basa en el principio de proveer a nuestros clientes con flexibilidad y seguridad,  transportamos su mercanc\u00eda a trav\u00e9s de la ciudad o a trav\u00e9s del pa\u00eds, lo que usted solicite. <\/p>\n","protected":false},"author":1,"featured_media":2831,"parent":1749,"menu_order":0,"comment_status":"open","ping_status":"closed","template":"page-templates\/vc-template.php","meta":[],"yoast_head":"<!-- This site is optimized with the Yoast SEO plugin v18.4.1 - https:\/\/yoast.com\/wordpress\/plugins\/seo\/ -->\n<title>Entregas puerta a puerta - eColoso<\/title>\n<meta name=\"description\" content=\"Servicio de entrega de env\u00edos puerta a puerta. Env\u00eda y recibe paquetes directamente en la puerta de tu casa sin intermediarios ni complicaciones.\" \/>\n<meta name=\"robots\" content=\"index, follow, max-snippet:-1, max-image-preview:large, max-video-preview:-1\" \/>\n<link rel=\"canonical\" href=\"https:\/\/ecoloso.com\/es\/servicios-logisticos\/entrega-puerta-a-puerta\/\" \/>\n<meta property=\"og:locale\" content=\"es_ES\" \/>\n<meta property=\"og:type\" content=\"article\" \/>\n<meta property=\"og:title\" content=\"Entregas puerta a puerta - eColoso\" \/>\n<meta property=\"og:description\" content=\"Servicio de entrega de env\u00edos puerta a puerta. Env\u00eda y recibe paquetes directamente en la puerta de tu casa sin intermediarios ni complicaciones.\" \/>\n<meta property=\"og:url\" content=\"https:\/\/ecoloso.com\/es\/servicios-logisticos\/entrega-puerta-a-puerta\/\" \/>\n<meta property=\"og:site_name\" content=\"eColoso\" \/>\n<meta property=\"article:modified_time\" content=\"2025-07-16T08:53:13+00:00\" \/>\n<meta property=\"og:image\" content=\"https:\/\/ecoloso.com\/wp-content\/uploads\/2021\/09\/Proceso-de-envios-Espanol-1-scaled.jpg\" \/>\n\t<meta property=\"og:image:width\" content=\"2560\" \/>\n\t<meta property=\"og:image:height\" content=\"1440\" \/>\n\t<meta property=\"og:image:type\" content=\"image\/jpeg\" \/>\n<meta name=\"twitter:card\" content=\"summary_large_image\" \/>\n<meta name=\"twitter:label1\" content=\"Tiempo de lectura\" \/>\n\t<meta name=\"twitter:data1\" content=\"2 minutos\" \/>\n<script type=\"application\/ld+json\" class=\"yoast-schema-graph\">{\"@context\":\"https:\/\/schema.org\",\"@graph\":[{\"@type\":\"Organization\",\"@id\":\"https:\/\/ecoloso.com\/#organization\",\"name\":\"eColoso\",\"url\":\"https:\/\/ecoloso.com\/\",\"sameAs\":[],\"logo\":{\"@type\":\"ImageObject\",\"@id\":\"https:\/\/ecoloso.com\/#logo\",\"inLanguage\":\"es\",\"url\":\"https:\/\/ecoloso.com\/wp-content\/uploads\/2021\/10\/logo-ecoloso-200x200-1.png\",\"contentUrl\":\"https:\/\/ecoloso.com\/wp-content\/uploads\/2021\/10\/logo-ecoloso-200x200-1.png\",\"width\":200,\"height\":188,\"caption\":\"eColoso\"},\"image\":{\"@id\":\"https:\/\/ecoloso.com\/#logo\"}},{\"@type\":\"WebSite\",\"@id\":\"https:\/\/ecoloso.com\/#website\",\"url\":\"https:\/\/ecoloso.com\/\",\"name\":\"eColoso\",\"description\":\"Ecommerce Returns Handling Distribution\",\"publisher\":{\"@id\":\"https:\/\/ecoloso.com\/#organization\"},\"potentialAction\":[{\"@type\":\"SearchAction\",\"target\":{\"@type\":\"EntryPoint\",\"urlTemplate\":\"https:\/\/ecoloso.com\/?s={search_term_string}\"},\"query-input\":\"required name=search_term_string\"}],\"inLanguage\":\"es\"},{\"@type\":\"ImageObject\",\"@id\":\"https:\/\/ecoloso.com\/es\/servicios-logisticos\/entrega-puerta-a-puerta\/#primaryimage\",\"inLanguage\":\"es\",\"url\":\"https:\/\/ecoloso.com\/wp-content\/uploads\/2021\/09\/Proceso-de-envios-Espanol-1-scaled.jpg\",\"contentUrl\":\"https:\/\/ecoloso.com\/wp-content\/uploads\/2021\/09\/Proceso-de-envios-Espanol-1-scaled.jpg\",\"width\":2560,\"height\":1440},{\"@type\":\"WebPage\",\"@id\":\"https:\/\/ecoloso.com\/es\/servicios-logisticos\/entrega-puerta-a-puerta\/#webpage\",\"url\":\"https:\/\/ecoloso.com\/es\/servicios-logisticos\/entrega-puerta-a-puerta\/\",\"name\":\"Entregas puerta a puerta - eColoso\",\"isPartOf\":{\"@id\":\"https:\/\/ecoloso.com\/#website\"},\"primaryImageOfPage\":{\"@id\":\"https:\/\/ecoloso.com\/es\/servicios-logisticos\/entrega-puerta-a-puerta\/#primaryimage\"},\"datePublished\":\"2021-09-10T18:52:04+00:00\",\"dateModified\":\"2025-07-16T08:53:13+00:00\",\"description\":\"Servicio de entrega de env\u00edos puerta a puerta. Env\u00eda y recibe paquetes directamente en la puerta de tu casa sin intermediarios ni complicaciones.\",\"breadcrumb\":{\"@id\":\"https:\/\/ecoloso.com\/es\/servicios-logisticos\/entrega-puerta-a-puerta\/#breadcrumb\"},\"inLanguage\":\"es\",\"potentialAction\":[{\"@type\":\"ReadAction\",\"target\":[\"https:\/\/ecoloso.com\/es\/servicios-logisticos\/entrega-puerta-a-puerta\/\"]}]},{\"@type\":\"BreadcrumbList\",\"@id\":\"https:\/\/ecoloso.com\/es\/servicios-logisticos\/entrega-puerta-a-puerta\/#breadcrumb\",\"itemListElement\":[{\"@type\":\"ListItem\",\"position\":1,\"name\":\"Home\",\"item\":\"https:\/\/ecoloso.com\/es\/\"},{\"@type\":\"ListItem\",\"position\":2,\"name\":\"Servicios\",\"item\":\"https:\/\/ecoloso.com\/es\/servicios-logisticos\/\"},{\"@type\":\"ListItem\",\"position\":3,\"name\":\"Entrega puerta a puerta\"}]}]}<\/script>\n<!-- \/ Yoast SEO plugin. -->","yoast_head_json":{"title":"Entregas puerta a puerta - eColoso","description":"Servicio de entrega de env\u00edos puerta a puerta. Env\u00eda y recibe paquetes directamente en la puerta de tu casa sin intermediarios ni complicaciones.","robots":{"index":"index","follow":"follow","max-snippet":"max-snippet:-1","max-image-preview":"max-image-preview:large","max-video-preview":"max-video-preview:-1"},"canonical":"https:\/\/ecoloso.com\/es\/servicios-logisticos\/entrega-puerta-a-puerta\/","og_locale":"es_ES","og_type":"article","og_title":"Entregas puerta a puerta - eColoso","og_description":"Servicio de entrega de env\u00edos puerta a puerta. Env\u00eda y recibe paquetes directamente en la puerta de tu casa sin intermediarios ni complicaciones.","og_url":"https:\/\/ecoloso.com\/es\/servicios-logisticos\/entrega-puerta-a-puerta\/","og_site_name":"eColoso","article_modified_time":"2025-07-16T08:53:13+00:00","og_image":[{"width":2560,"height":1440,"url":"https:\/\/ecoloso.com\/wp-content\/uploads\/2021\/09\/Proceso-de-envios-Espanol-1-scaled.jpg","type":"image\/jpeg"}],"twitter_card":"summary_large_image","twitter_misc":{"Tiempo de lectura":"2 minutos"},"schema":{"@context":"https:\/\/schema.org","@graph":[{"@type":"Organization","@id":"https:\/\/ecoloso.com\/#organization","name":"eColoso","url":"https:\/\/ecoloso.com\/","sameAs":[],"logo":{"@type":"ImageObject","@id":"https:\/\/ecoloso.com\/#logo","inLanguage":"es","url":"https:\/\/ecoloso.com\/wp-content\/uploads\/2021\/10\/logo-ecoloso-200x200-1.png","contentUrl":"https:\/\/ecoloso.com\/wp-content\/uploads\/2021\/10\/logo-ecoloso-200x200-1.png","width":200,"height":188,"caption":"eColoso"},"image":{"@id":"https:\/\/ecoloso.com\/#logo"}},{"@type":"WebSite","@id":"https:\/\/ecoloso.com\/#website","url":"https:\/\/ecoloso.com\/","name":"eColoso","description":"Ecommerce Returns Handling Distribution","publisher":{"@id":"https:\/\/ecoloso.com\/#organization"},"potentialAction":[{"@type":"SearchAction","target":{"@type":"EntryPoint","urlTemplate":"https:\/\/ecoloso.com\/?s={search_term_string}"},"query-input":"required name=search_term_string"}],"inLanguage":"es"},{"@type":"ImageObject","@id":"https:\/\/ecoloso.com\/es\/servicios-logisticos\/entrega-puerta-a-puerta\/#primaryimage","inLanguage":"es","url":"https:\/\/ecoloso.com\/wp-content\/uploads\/2021\/09\/Proceso-de-envios-Espanol-1-scaled.jpg","contentUrl":"https:\/\/ecoloso.com\/wp-content\/uploads\/2021\/09\/Proceso-de-envios-Espanol-1-scaled.jpg","width":2560,"height":1440},{"@type":"WebPage","@id":"https:\/\/ecoloso.com\/es\/servicios-logisticos\/entrega-puerta-a-puerta\/#webpage","url":"https:\/\/ecoloso.com\/es\/servicios-logisticos\/entrega-puerta-a-puerta\/","name":"Entregas puerta a puerta - eColoso","isPartOf":{"@id":"https:\/\/ecoloso.com\/#website"},"primaryImageOfPage":{"@id":"https:\/\/ecoloso.com\/es\/servicios-logisticos\/entrega-puerta-a-puerta\/#primaryimage"},"datePublished":"2021-09-10T18:52:04+00:00","dateModified":"2025-07-16T08:53:13+00:00","description":"Servicio de entrega de env\u00edos puerta a puerta. Env\u00eda y recibe paquetes directamente en la puerta de tu casa sin intermediarios ni complicaciones.","breadcrumb":{"@id":"https:\/\/ecoloso.com\/es\/servicios-logisticos\/entrega-puerta-a-puerta\/#breadcrumb"},"inLanguage":"es","potentialAction":[{"@type":"ReadAction","target":["https:\/\/ecoloso.com\/es\/servicios-logisticos\/entrega-puerta-a-puerta\/"]}]},{"@type":"BreadcrumbList","@id":"https:\/\/ecoloso.com\/es\/servicios-logisticos\/entrega-puerta-a-puerta\/#breadcrumb","itemListElement":[{"@type":"ListItem","position":1,"name":"Home","item":"https:\/\/ecoloso.com\/es\/"},{"@type":"ListItem","position":2,"name":"Servicios","item":"https:\/\/ecoloso.com\/es\/servicios-logisticos\/"},{"@type":"ListItem","position":3,"name":"Entrega puerta a puerta"}]}]}},"_links":{"self":[{"href":"https:\/\/ecoloso.com\/es\/wp-json\/wp\/v2\/pages\/2809"}],"collection":[{"href":"https:\/\/ecoloso.com\/es\/wp-json\/wp\/v2\/pages"}],"about":[{"href":"https:\/\/ecoloso.com\/es\/wp-json\/wp\/v2\/types\/page"}],"author":[{"embeddable":true,"href":"https:\/\/ecoloso.com\/es\/wp-json\/wp\/v2\/users\/1"}],"replies":[{"embeddable":true,"href":"https:\/\/ecoloso.com\/es\/wp-json\/wp\/v2\/comments?post=2809"}],"version-history":[{"count":22,"href":"https:\/\/ecoloso.com\/es\/wp-json\/wp\/v2\/pages\/2809\/revisions"}],"predecessor-version":[{"id":4389,"href":"https:\/\/ecoloso.com\/es\/wp-json\/wp\/v2\/pages\/2809\/revisions\/4389"}],"up":[{"embeddable":true,"href":"https:\/\/ecoloso.com\/es\/wp-json\/wp\/v2\/pages\/1749"}],"wp:featuredmedia":[{"embeddable":true,"href":"https:\/\/ecoloso.com\/es\/wp-json\/wp\/v2\/media\/2831"}],"wp:attachment":[{"href":"https:\/\/ecoloso.com\/es\/wp-json\/wp\/v2\/media?parent=2809"}],"curies":[{"name":"wp","href":"https:\/\/api.w.org\/{rel}","templated":true}]}}