{"id":2836,"date":"2021-10-03T05:48:29","date_gmt":"2021-10-03T05:48:29","guid":{"rendered":"https:\/\/ecoloso.com\/?page_id=2836"},"modified":"2025-07-16T08:56:32","modified_gmt":"2025-07-16T08:56:32","slug":"puntos-envio-nacionales-internacionales","status":"publish","type":"page","link":"https:\/\/ecoloso.com\/es\/servicios-logisticos\/puntos-envio-nacionales-internacionales\/","title":{"rendered":"Puntos de env\u00edo"},"content":{"rendered":"<p>[vc_row css=&#8221;.vc_custom_1635500667612{margin-left: 5% !important;padding-top: 60px !important;padding-bottom: 100px !important;}&#8221;][vc_column]<div class=\"heading  \" style = text-align:left; >\n\t\t\t<h2 >PUNTOS DE ENV\u00cdO<\/h2>\n\t\t\t<div  style=\"display: block; \"><div class=\"line\"  style=\"float:left; \"><\/div><\/div>\n\t\t\t<div class=\"clear-fix\"><\/div>\n\t\t\t<div class=\"des\" >Ampl\u00eda tu negocio con nuestras soluciones log\u00edsticas<\/div>\n\t\t<\/div>[vc_row_inner][vc_column_inner width=&#8221;5\/12&#8243;][vc_column_text css_animation=&#8221;bottom-to-top&#8221;]Si tienes una tienda, una papeleria, una convenience store, un hotel u hostal, un estanco, accede a nuestro programa de <strong>Puntos de Entrega en Espa\u00f1a.\u00a0 <\/strong>Este te permite ofrecer a tus clientes <strong>una forma f\u00e1cil y c\u00f3moda de enviar compras, devoluciones o documentos<\/strong> con acceso a <strong>diversos servicios postales y de mensajer\u00eda, tanto nacionales como internacionales<\/strong>.<\/p>\n<p><strong>Un Nuevo Servicio para Tu Tienda<\/strong><\/p>\n<p>Al incorporar este <strong>nuevo servicio<\/strong>, podr\u00e1s:<\/p>\n<p>\u2705 <strong>Atraer m\u00e1s clientes<\/strong> \u2013 Aumenta el tr\u00e1fico en tu tienda.<br \/>\n\u2705 <strong>Generar ingresos adicionales<\/strong> \u2013 Obt\u00e9n ganancias sin esfuerzo adicional.<br \/>\n\u2705 <strong>Acceder a un sistema de seguimiento<\/strong> \u2013 Ofrece rastreo en tiempo real.<br \/>\n\u2705 <strong>Trabajar con transportistas de confianza<\/strong> \u2013 Colabora con proveedores reconocidos.<br \/>\n\u2705 <strong>Fidelizar a tus clientes<\/strong> \u2013 Fortalece la relaci\u00f3n con clientes actuales y potenciales.<\/p>\n<p><strong>\u00bfEste Servicio es para Ti?<\/strong><\/p>\n<p>Si tienes una tienda que ofrece <strong>m\u00f3viles, servicios de comunicaci\u00f3n, libros, papeler\u00eda, tarjetas, regalos, alimentaci\u00f3n u otros productos<\/strong>, preg\u00fantate:<\/p>\n<p>\ud83d\udccc <strong>\u00bfUn servicio extra sin inversi\u00f3n beneficiar\u00eda tu negocio?<\/strong><br \/>\n\ud83d\udccc <strong>\u00bfTu horario es conveniente para los clientes?<\/strong><br \/>\n\ud83d\udccc <strong>\u00bfTienes internet, impresora, ordenador y m\u00f3vil para gestionar pedidos o podr\u00edas prepararte para ello?<\/strong><\/p>\n<p>Si respondiste <strong>S\u00cd<\/strong>, rellena los datos de tu tienda en este formulario y <strong>nos pondremos en contacto contigo muy pronto<\/strong>.<\/p>\n<p>\ud83d\udce9 <strong>\u00a1Empecemos!<\/strong><\/p>\n<p>Si has respondido S\u00cd a estas preguntas, rellena este <a href=\"#puntosDeEnvio\"><strong>formulario<\/strong><\/a> con tus datos. Contactaremos contigo a la mayor brevedad posible.[\/vc_column_text][\/vc_column_inner][vc_column_inner width=&#8221;7\/12&#8243; el_id=&#8221;puntosDeEnvio&#8221; css=&#8221;.vc_custom_1633366742029{background-color: #2ba409 !important;}&#8221;]<div role=\"form\" class=\"wpcf7\" id=\"wpcf7-f2853-o1\" lang=\"es-ES\" dir=\"ltr\">\n<div class=\"screen-reader-response\"><p role=\"status\" aria-live=\"polite\" aria-atomic=\"true\"><\/p> <ul><\/ul><\/div>\n<form action=\"\/es\/wp-json\/wp\/v2\/pages\/2836#wpcf7-f2853-o1\" method=\"post\" class=\"wpcf7-form init\" novalidate=\"novalidate\" data-status=\"init\">\n<div style=\"display: none;\">\n<input type=\"hidden\" name=\"_wpcf7\" value=\"2853\" \/>\n<input type=\"hidden\" name=\"_wpcf7_version\" value=\"5.4.2\" \/>\n<input type=\"hidden\" name=\"_wpcf7_locale\" value=\"es_ES\" \/>\n<input type=\"hidden\" name=\"_wpcf7_unit_tag\" value=\"wpcf7-f2853-o1\" \/>\n<input type=\"hidden\" name=\"_wpcf7_container_post\" value=\"0\" \/>\n<input type=\"hidden\" name=\"_wpcf7_posted_data_hash\" value=\"\" \/>\n<input type=\"hidden\" name=\"_wpcf7_recaptcha_response\" value=\"\" \/>\n<\/div>\n<div  class=\"contact-us\">\n<div class=\"row\">\n<div class=\"col-md-6 col-sm-6 col-xs-12 pad-right\">\n<p>    <span class=\"wpcf7-form-control-wrap first-name\"><input type=\"text\" name=\"first-name\" value=\"\" size=\"40\" class=\"wpcf7-form-control wpcf7-text wpcf7-validates-as-required\" aria-required=\"true\" aria-invalid=\"false\" placeholder=\"Nombre*\" \/><\/span><br \/>\n    <span class=\"wpcf7-form-control-wrap last-name\"><input type=\"text\" name=\"last-name\" value=\"\" size=\"40\" class=\"wpcf7-form-control wpcf7-text wpcf7-validates-as-required\" aria-required=\"true\" aria-invalid=\"false\" placeholder=\"Apellido*\" \/><\/span><br \/>\n    <span class=\"wpcf7-form-control-wrap your-phone\"><input type=\"number\" name=\"your-phone\" value=\"\" class=\"wpcf7-form-control wpcf7-number wpcf7-validates-as-required wpcf7-validates-as-number\" aria-required=\"true\" aria-invalid=\"false\" placeholder=\"Tel\u00e9fono*\" \/><\/span><br \/>\n    <span class=\"wpcf7-form-control-wrap your-email\"><input type=\"email\" name=\"your-email\" value=\"\" size=\"40\" class=\"wpcf7-form-control wpcf7-text wpcf7-email wpcf7-validates-as-required wpcf7-validates-as-email\" aria-required=\"true\" aria-invalid=\"false\" placeholder=\"Correo electr\u00f3nico*\" \/><\/span>\n<\/p><\/div>\n<div class=\"row\">\n<div class=\"col-md-6 col-sm-6 col-xs-12 pad-left\">\n    <span class=\"wpcf7-form-control-wrap postcode\"><input type=\"text\" name=\"postcode\" value=\"\" size=\"40\" class=\"wpcf7-form-control wpcf7-text wpcf7-validates-as-required\" aria-required=\"true\" aria-invalid=\"false\" placeholder=\"C\u00f3digo Postal*\" \/><\/span><br \/>\n    <span class=\"wpcf7-form-control-wrap city\"><input type=\"text\" name=\"city\" value=\"\" size=\"40\" class=\"wpcf7-form-control wpcf7-text wpcf7-validates-as-required\" aria-required=\"true\" aria-invalid=\"false\" placeholder=\"Poblaci\u00f3n*\" \/><\/span><br \/>\n    <span class=\"wpcf7-form-control-wrap web\"><input type=\"text\" name=\"web\" value=\"\" size=\"40\" class=\"wpcf7-form-control wpcf7-text\" aria-invalid=\"false\" placeholder=\"Su P\u00e1gina web\" \/><\/span><br \/>\n    <span class=\"wpcf7-form-control-wrap insta\"><input type=\"text\" name=\"insta\" value=\"\" size=\"40\" class=\"wpcf7-form-control wpcf7-text\" aria-invalid=\"false\" placeholder=\"Su cuenta de Instagram\/Facebook\" \/><\/span>\n    <\/div>\n<\/div>\n<div class=\"col-md-12 col-sm-12 col-xs-12 none-pad\">\n    <span class=\"wpcf7-form-control-wrap your-subject\"><input type=\"text\" name=\"your-subject\" value=\"\" size=\"40\" class=\"wpcf7-form-control wpcf7-text\" aria-invalid=\"false\" placeholder=\"Asunto: Puntos de Env\u00edo\" \/><\/span><br \/>\n    <span class=\"wpcf7-form-control-wrap your-message\"><textarea name=\"your-message\" cols=\"40\" rows=\"10\" class=\"wpcf7-form-control wpcf7-textarea\" aria-invalid=\"false\" placeholder=\"Su mensaje\"><\/textarea><\/span>\n<\/div>\n<div align=\"left\">\nProtecci\u00f3n de datos personales<br \/>\nUtilizaremos sus datos para responder consultas, enviar comunicaciones comerciales y realizar an\u00e1lisis estad\u00edsticos.<br \/>\nPara m\u00e1s informaci\u00f3n sobre el tratamiento y sus derechos, consulte la <a href=\"https:\/\/ecoloso.com\/politica-de-privacidad\/?lang=es\">Pol\u00edtica de Privacidad<\/a><br \/>\nFormularios<br \/>\n<a href=\"https:\/\/ecoloso.com\/consentimiento-para-el-tratamiento-de-datos-personales\/?lang=es\">Consentimiento para el tratamiento de datos personales<\/a><br \/>\n<span class=\"wpcf7-form-control-wrap acceptance-981\"><span class=\"wpcf7-form-control wpcf7-acceptance optional\"><span class=\"wpcf7-list-item\"><label><input type=\"checkbox\" name=\"acceptance-981\" value=\"1\" aria-invalid=\"false\" \/><span class=\"wpcf7-list-item-label\">Acepto el tratamiento de datos para enviar comunicaciones comerciales<\/span><\/label><\/span><\/span><\/span><br \/>\n    <input type=\"submit\" value=\"ENVIAR MENSAJE\" class=\"wpcf7-form-control wpcf7-submit\" \/>\n<\/div>\n<\/div>\n<\/div>\n<div class=\"wpcf7-response-output\" aria-hidden=\"true\"><\/div><\/form><\/div>[\/vc_column_inner][\/vc_row_inner][\/vc_column][\/vc_row][vc_row][vc_column]<div class=\"heading  \" >\n\t\t\t<h2 >Una selecci\u00f3n de nuestros puntos de env\u00edo<\/h2>\n\t\t\t<div  style=\"display: block; \"><div class=\"line\" ><\/div><\/div>\n\t\t\t\n\t\t\t\n\t\t<\/div>[\/vc_column][\/vc_row][vc_row css=&#8221;.vc_custom_1636263156871{margin-top: -20px !important;margin-left: 100px !important;}&#8221;][vc_column width=&#8221;4\/6&#8243; css=&#8221;.vc_custom_1634067440781{margin-top: -50px !important;}&#8221;][\/vc_column][vc_column width=&#8221;2\/6&#8243;][vc_cta h2=&#8221;&#8221; h4=&#8221;P\u00f3ngase en contacto con nosotros ahora y sea el pr\u00f3ximo punto de env\u00edo en su zona&#8221; h4_font_container=&#8221;font_size:23px|color:%23006fb2&#8243; txt_align=&#8221;justify&#8221; shape=&#8221;square&#8221; style=&#8221;custom&#8221; use_custom_fonts_h4=&#8221;true&#8221; custom_background=&#8221;#ffffff&#8221; custom_text=&#8221;#006fb2&#8243; css=&#8221;.vc_custom_1636263719496{margin-top: -170px !important;margin-left: -90px !important;background-color: #efefef !important;border-radius: 10px !important;}&#8221;][\/vc_cta][vc_single_image image=&#8221;3126&#8243; css=&#8221;.vc_custom_1636263754355{margin-top: -10px !important;margin-left: -140px !important;}&#8221;][\/vc_column][\/vc_row][vc_row full_height=&#8221;yes&#8221; columns_placement=&#8221;top&#8221; equal_height=&#8221;yes&#8221; content_placement=&#8221;top&#8221; css=&#8221;.vc_custom_1635520775653{margin-top: -200px !important;}&#8221;][vc_column width=&#8221;1\/6&#8243;][vc_single_image image=&#8221;3358&#8243; img_size=&#8221;150&#215;150&#8243; alignment=&#8221;center&#8221; css=&#8221;.vc_custom_1635443224089{margin-top: -30px !important;}&#8221;][vc_column_text]<\/p>\n<h5 style=\"text-align: center;\"><strong>ONE STOP SHOP<\/strong><\/h5>\n<p>[\/vc_column_text][vc_column_text]<\/p>\n<p style=\"text-align: center;\">Centro<br \/>\nComercial<br \/>\nLa Trocha<\/p>\n<p style=\"text-align: center;\">29100 <strong>Co\u00edn<br \/>\n<\/strong>M\u00e1laga ESPA\u00d1A<\/p>\n<p style=\"text-align: center;\">+34 951 315 240<\/p>\n<p>[\/vc_column_text][\/vc_column][vc_column width=&#8221;1\/6&#8243;][vc_single_image image=&#8221;3069&#8243; img_size=&#8221;150&#215;150&#8243; css=&#8221;.vc_custom_1635443278670{margin-top: -50px !important;}&#8221;][vc_column_text css=&#8221;.vc_custom_1635494744920{margin-top: 22px !important;}&#8221;]<\/p>\n<h5 style=\"text-align: center;\"><strong>OLA<\/strong><\/h5>\n<p>[\/vc_column_text][vc_column_text]<\/p>\n<p style=\"text-align: center;\">Galer\u00edas<br \/>\nAvda. de Paniagua<br \/>\nLocal Bajo 1-2<\/p>\n<p style=\"text-align: center;\">11310 <strong>Sotogrande<br \/>\n<\/strong>M\u00e1laga ESPA\u00d1A<\/p>\n<p style=\"text-align: center;\">+34 956 796 021<\/p>\n<p>[\/vc_column_text][\/vc_column][vc_column width=&#8221;1\/6&#8243; css=&#8221;.vc_custom_1635353123957{border-radius: 10px !important;}&#8221;][vc_single_image image=&#8221;3355&#8243; img_size=&#8221;150&#215;150&#8243; css=&#8221;.vc_custom_1635443306056{margin-top: -50px !important;}&#8221;][vc_column_text css=&#8221;.vc_custom_1635494759386{margin-top: -16px !important;}&#8221;]<\/p>\n<h5 style=\"text-align: center;\"><strong>EPORTBIC<\/strong><\/h5>\n<p>[\/vc_column_text][vc_column_text]<\/p>\n<p style=\"text-align: center;\">Avenida<br \/>\nLuis Braille<br \/>\nLocal 18<\/p>\n<p style=\"text-align: center;\">29680 <strong>Estepona<br \/>\n<\/strong>M\u00e1laga ESPA\u00d1A<\/p>\n<p style=\"text-align: center;\">+34 952 793 476<\/p>\n<p>[\/vc_column_text][\/vc_column][vc_column css_animation=&#8221;none&#8221; width=&#8221;1\/6&#8243; css=&#8221;.vc_custom_1635354421676{border-top-width: 3px !important;border-right-width: 3px !important;border-bottom-width: 3px !important;border-left-width: 3px !important;background-position: center !important;background-repeat: no-repeat !important;background-size: contain !important;border-left-color: #dd3333 !important;border-left-style: solid !important;border-right-color: #dd3333 !important;border-right-style: solid !important;border-top-color: #dd3333 !important;border-top-style: solid !important;border-bottom-color: #dd3333 !important;border-bottom-style: solid !important;border-radius: 15px !important;}&#8221;][vc_single_image image=&#8221;3449&#8243; img_size=&#8221;large&#8221; alignment=&#8221;center&#8221;][vc_btn title=&#8221;CONTACTA&#8221; style=&#8221;custom&#8221; custom_background=&#8221;#006fb2&#8243; custom_text=&#8221;#ffffff&#8221; size=&#8221;lg&#8221; align=&#8221;center&#8221; button_block=&#8221;true&#8221; link=&#8221;url:%23puntosDeEnvio|title:puntos%20de%20env%C3%ADo&#8221; css=&#8221;.vc_custom_1636932153306{margin-top: 60px !important;}&#8221;][\/vc_column][vc_column width=&#8221;1\/6&#8243;][vc_single_image image=&#8221;3800&#8243; img_size=&#8221;150&#215;150&#8243; alignment=&#8221;center&#8221; css=&#8221;.vc_custom_1636928816563{margin-top: -50px !important;}&#8221;][vc_column_text]<\/p>\n<h5 style=\"text-align: center;\"><strong>THE OFFICE<\/strong><\/h5>\n<p>[\/vc_column_text][vc_column_text]<\/p>\n<p style=\"text-align: center;\">c\/ Cigala, 73\u00aa<br \/>\nPuerto de la Duquesa<\/p>\n<p style=\"font-weight: 400; text-align: center;\">29692\u00a0<strong>Manilva<\/strong><br \/>\nM\u00e1laga ESPA\u00d1A<\/p>\n<p style=\"font-weight: 400; text-align: center;\">+34 952 066 616<br \/>\n+34 638 441 165<\/p>\n<p>[\/vc_column_text][\/vc_column][vc_column width=&#8221;1\/6&#8243; css=&#8221;.vc_custom_1635494819044{margin-top: 30px !important;}&#8221;][vc_single_image image=&#8221;3426&#8243; img_size=&#8221;150&#215;150&#8243; alignment=&#8221;center&#8221; css=&#8221;.vc_custom_1635443324755{margin-top: -50px !important;}&#8221;][vc_column_text]<\/p>\n<h5 style=\"text-align: center;\"><strong>eColoso<\/strong><\/h5>\n<p>[\/vc_column_text][vc_column_text]<\/p>\n<p style=\"text-align: center;\">c\/ Narc\u00eds Monturiol, 41<br \/>\n\u00daltima calle<br \/>\nAl lado de la playa<\/p>\n<p style=\"text-align: center;\">296o3 <strong>Marbella<br \/>\n<\/strong>M\u00e1laga ESPA\u00d1A<\/p>\n<p style=\"text-align: center;\">+34 951 473 566<\/p>\n<p>[\/vc_column_text][\/vc_column][\/vc_row][vc_row][vc_column]<div class=\"heading  \" >\n\t\t\t<h2 ><\/h2>\n\t\t\t<div  style=\"display: block; \"><div class=\"line\" ><\/div><\/div>\n\t\t\t\n\t\t\t\n\t\t<\/div>[\/vc_column][\/vc_row]<\/p>\n","protected":false},"excerpt":{"rendered":"<p>[vc_row css=&#8221;.vc_custom_1635500667612{margin-left: 5% !important;padding-top: 60px !important;padding-bottom: 100px !important;}&#8221;][vc_column][vc_row_inner][vc_column_inner width=&#8221;5\/12&#8243;][vc_column_text css_animation=&#8221;bottom-to-top&#8221;]Si tienes una tienda, una papeleria, una convenience store, un hotel u hostal, un estanco, accede a nuestro programa de Puntos de Entrega en Espa\u00f1a.\u00a0 Este te permite ofrecer a tus clientes una forma f\u00e1cil y c\u00f3moda de enviar compras, devoluciones <\/p>\n","protected":false},"author":1,"featured_media":0,"parent":1749,"menu_order":0,"comment_status":"closed","ping_status":"closed","template":"","meta":[],"yoast_head":"<!-- This site is optimized with the Yoast SEO plugin v18.4.1 - https:\/\/yoast.com\/wordpress\/plugins\/seo\/ -->\n<title>Puntos de env\u00edo nacionales e internacionales - eColoso<\/title>\n<meta name=\"description\" content=\"Gestionamos tus env\u00edos nacionales e internacionales con rapidez, trazabilidad y sostenibilidad. Ampl\u00eda el alcance de tu empresa con nuestra red log\u00edstica.\" \/>\n<meta name=\"robots\" content=\"index, follow, max-snippet:-1, max-image-preview:large, max-video-preview:-1\" \/>\n<link rel=\"canonical\" href=\"https:\/\/ecoloso.com\/es\/servicios-logisticos\/puntos-envio-nacionales-internacionales\/\" \/>\n<meta property=\"og:locale\" content=\"es_ES\" \/>\n<meta property=\"og:type\" content=\"article\" \/>\n<meta property=\"og:title\" content=\"Puntos de env\u00edo nacionales e internacionales - eColoso\" \/>\n<meta property=\"og:description\" content=\"Gestionamos tus env\u00edos nacionales e internacionales con rapidez, trazabilidad y sostenibilidad. Ampl\u00eda el alcance de tu empresa con nuestra red log\u00edstica.\" \/>\n<meta property=\"og:url\" content=\"https:\/\/ecoloso.com\/es\/servicios-logisticos\/puntos-envio-nacionales-internacionales\/\" \/>\n<meta property=\"og:site_name\" content=\"eColoso\" \/>\n<meta property=\"article:modified_time\" content=\"2025-07-16T08:56:32+00:00\" \/>\n<meta name=\"twitter:card\" content=\"summary_large_image\" \/>\n<meta name=\"twitter:label1\" content=\"Tiempo de lectura\" \/>\n\t<meta name=\"twitter:data1\" content=\"3 minutos\" \/>\n<script type=\"application\/ld+json\" class=\"yoast-schema-graph\">{\"@context\":\"https:\/\/schema.org\",\"@graph\":[{\"@type\":\"Organization\",\"@id\":\"https:\/\/ecoloso.com\/#organization\",\"name\":\"eColoso\",\"url\":\"https:\/\/ecoloso.com\/\",\"sameAs\":[],\"logo\":{\"@type\":\"ImageObject\",\"@id\":\"https:\/\/ecoloso.com\/#logo\",\"inLanguage\":\"es\",\"url\":\"https:\/\/ecoloso.com\/wp-content\/uploads\/2021\/10\/logo-ecoloso-200x200-1.png\",\"contentUrl\":\"https:\/\/ecoloso.com\/wp-content\/uploads\/2021\/10\/logo-ecoloso-200x200-1.png\",\"width\":200,\"height\":188,\"caption\":\"eColoso\"},\"image\":{\"@id\":\"https:\/\/ecoloso.com\/#logo\"}},{\"@type\":\"WebSite\",\"@id\":\"https:\/\/ecoloso.com\/#website\",\"url\":\"https:\/\/ecoloso.com\/\",\"name\":\"eColoso\",\"description\":\"Ecommerce Returns Handling Distribution\",\"publisher\":{\"@id\":\"https:\/\/ecoloso.com\/#organization\"},\"potentialAction\":[{\"@type\":\"SearchAction\",\"target\":{\"@type\":\"EntryPoint\",\"urlTemplate\":\"https:\/\/ecoloso.com\/?s={search_term_string}\"},\"query-input\":\"required name=search_term_string\"}],\"inLanguage\":\"es\"},{\"@type\":\"WebPage\",\"@id\":\"https:\/\/ecoloso.com\/es\/servicios-logisticos\/puntos-envio-nacionales-internacionales\/#webpage\",\"url\":\"https:\/\/ecoloso.com\/es\/servicios-logisticos\/puntos-envio-nacionales-internacionales\/\",\"name\":\"Puntos de env\u00edo nacionales e internacionales - eColoso\",\"isPartOf\":{\"@id\":\"https:\/\/ecoloso.com\/#website\"},\"datePublished\":\"2021-10-03T05:48:29+00:00\",\"dateModified\":\"2025-07-16T08:56:32+00:00\",\"description\":\"Gestionamos tus env\u00edos nacionales e internacionales con rapidez, trazabilidad y sostenibilidad. Ampl\u00eda el alcance de tu empresa con nuestra red log\u00edstica.\",\"breadcrumb\":{\"@id\":\"https:\/\/ecoloso.com\/es\/servicios-logisticos\/puntos-envio-nacionales-internacionales\/#breadcrumb\"},\"inLanguage\":\"es\",\"potentialAction\":[{\"@type\":\"ReadAction\",\"target\":[\"https:\/\/ecoloso.com\/es\/servicios-logisticos\/puntos-envio-nacionales-internacionales\/\"]}]},{\"@type\":\"BreadcrumbList\",\"@id\":\"https:\/\/ecoloso.com\/es\/servicios-logisticos\/puntos-envio-nacionales-internacionales\/#breadcrumb\",\"itemListElement\":[{\"@type\":\"ListItem\",\"position\":1,\"name\":\"Home\",\"item\":\"https:\/\/ecoloso.com\/es\/\"},{\"@type\":\"ListItem\",\"position\":2,\"name\":\"Servicios\",\"item\":\"https:\/\/ecoloso.com\/es\/servicios-logisticos\/\"},{\"@type\":\"ListItem\",\"position\":3,\"name\":\"Puntos de env\u00edo\"}]}]}<\/script>\n<!-- \/ Yoast SEO plugin. -->","yoast_head_json":{"title":"Puntos de env\u00edo nacionales e internacionales - eColoso","description":"Gestionamos tus env\u00edos nacionales e internacionales con rapidez, trazabilidad y sostenibilidad. Ampl\u00eda el alcance de tu empresa con nuestra red log\u00edstica.","robots":{"index":"index","follow":"follow","max-snippet":"max-snippet:-1","max-image-preview":"max-image-preview:large","max-video-preview":"max-video-preview:-1"},"canonical":"https:\/\/ecoloso.com\/es\/servicios-logisticos\/puntos-envio-nacionales-internacionales\/","og_locale":"es_ES","og_type":"article","og_title":"Puntos de env\u00edo nacionales e internacionales - eColoso","og_description":"Gestionamos tus env\u00edos nacionales e internacionales con rapidez, trazabilidad y sostenibilidad. Ampl\u00eda el alcance de tu empresa con nuestra red log\u00edstica.","og_url":"https:\/\/ecoloso.com\/es\/servicios-logisticos\/puntos-envio-nacionales-internacionales\/","og_site_name":"eColoso","article_modified_time":"2025-07-16T08:56:32+00:00","twitter_card":"summary_large_image","twitter_misc":{"Tiempo de lectura":"3 minutos"},"schema":{"@context":"https:\/\/schema.org","@graph":[{"@type":"Organization","@id":"https:\/\/ecoloso.com\/#organization","name":"eColoso","url":"https:\/\/ecoloso.com\/","sameAs":[],"logo":{"@type":"ImageObject","@id":"https:\/\/ecoloso.com\/#logo","inLanguage":"es","url":"https:\/\/ecoloso.com\/wp-content\/uploads\/2021\/10\/logo-ecoloso-200x200-1.png","contentUrl":"https:\/\/ecoloso.com\/wp-content\/uploads\/2021\/10\/logo-ecoloso-200x200-1.png","width":200,"height":188,"caption":"eColoso"},"image":{"@id":"https:\/\/ecoloso.com\/#logo"}},{"@type":"WebSite","@id":"https:\/\/ecoloso.com\/#website","url":"https:\/\/ecoloso.com\/","name":"eColoso","description":"Ecommerce Returns Handling Distribution","publisher":{"@id":"https:\/\/ecoloso.com\/#organization"},"potentialAction":[{"@type":"SearchAction","target":{"@type":"EntryPoint","urlTemplate":"https:\/\/ecoloso.com\/?s={search_term_string}"},"query-input":"required name=search_term_string"}],"inLanguage":"es"},{"@type":"WebPage","@id":"https:\/\/ecoloso.com\/es\/servicios-logisticos\/puntos-envio-nacionales-internacionales\/#webpage","url":"https:\/\/ecoloso.com\/es\/servicios-logisticos\/puntos-envio-nacionales-internacionales\/","name":"Puntos de env\u00edo nacionales e internacionales - eColoso","isPartOf":{"@id":"https:\/\/ecoloso.com\/#website"},"datePublished":"2021-10-03T05:48:29+00:00","dateModified":"2025-07-16T08:56:32+00:00","description":"Gestionamos tus env\u00edos nacionales e internacionales con rapidez, trazabilidad y sostenibilidad. Ampl\u00eda el alcance de tu empresa con nuestra red log\u00edstica.","breadcrumb":{"@id":"https:\/\/ecoloso.com\/es\/servicios-logisticos\/puntos-envio-nacionales-internacionales\/#breadcrumb"},"inLanguage":"es","potentialAction":[{"@type":"ReadAction","target":["https:\/\/ecoloso.com\/es\/servicios-logisticos\/puntos-envio-nacionales-internacionales\/"]}]},{"@type":"BreadcrumbList","@id":"https:\/\/ecoloso.com\/es\/servicios-logisticos\/puntos-envio-nacionales-internacionales\/#breadcrumb","itemListElement":[{"@type":"ListItem","position":1,"name":"Home","item":"https:\/\/ecoloso.com\/es\/"},{"@type":"ListItem","position":2,"name":"Servicios","item":"https:\/\/ecoloso.com\/es\/servicios-logisticos\/"},{"@type":"ListItem","position":3,"name":"Puntos de env\u00edo"}]}]}},"_links":{"self":[{"href":"https:\/\/ecoloso.com\/es\/wp-json\/wp\/v2\/pages\/2836"}],"collection":[{"href":"https:\/\/ecoloso.com\/es\/wp-json\/wp\/v2\/pages"}],"about":[{"href":"https:\/\/ecoloso.com\/es\/wp-json\/wp\/v2\/types\/page"}],"author":[{"embeddable":true,"href":"https:\/\/ecoloso.com\/es\/wp-json\/wp\/v2\/users\/1"}],"replies":[{"embeddable":true,"href":"https:\/\/ecoloso.com\/es\/wp-json\/wp\/v2\/comments?post=2836"}],"version-history":[{"count":552,"href":"https:\/\/ecoloso.com\/es\/wp-json\/wp\/v2\/pages\/2836\/revisions"}],"predecessor-version":[{"id":2838,"href":"https:\/\/ecoloso.com\/es\/wp-json\/wp\/v2\/pages\/2836\/revisions\/2838"}],"up":[{"embeddable":true,"href":"https:\/\/ecoloso.com\/es\/wp-json\/wp\/v2\/pages\/1749"}],"wp:attachment":[{"href":"https:\/\/ecoloso.com\/es\/wp-json\/wp\/v2\/media?parent=2836"}],"curies":[{"name":"wp","href":"https:\/\/api.w.org\/{rel}","templated":true}]}}