{"id":3629,"date":"2021-11-04T11:25:33","date_gmt":"2021-11-04T11:25:33","guid":{"rendered":"https:\/\/ecoloso.com\/?page_id=3629"},"modified":"2025-07-16T08:46:12","modified_gmt":"2025-07-16T08:46:12","slug":"politica-de-privacidad","status":"publish","type":"page","link":"https:\/\/ecoloso.com\/es\/politica-de-privacidad\/","title":{"rendered":"Pol\u00edtica de Privacidad"},"content":{"rendered":"<p>[vc_row][vc_column]<div class=\"heading  \" >\n\t\t\t<h2 >POL\u00cdTICA DE PRIVACIDAD<\/h2>\n\t\t\t<div  style=\"display: block; \"><div class=\"line\" ><\/div><\/div>\n\t\t\t\n\t\t\t\n\t\t<\/div>[vc_row_inner][vc_column_inner width=&#8221;1\/2&#8243;][vc_column_text]<\/p>\n<h3>Connected Logistics Solutions SL<\/h3>\n<p>[\/vc_column_text][\/vc_column_inner][vc_column_inner width=&#8221;1\/2&#8243;][vc_gallery type=&#8221;image_grid&#8221; images=&#8221;3426&#8243; onclick=&#8221;&#8221; css=&#8221;.vc_custom_1636026954224{margin-top: -50px !important;margin-left: 300px !important;}&#8221;][\/vc_column_inner][\/vc_row_inner][vc_column_text]<\/p>\n<h2>1. INFORMACI\u00d3N AL USUARIO<\/h2>\n<p>[\/vc_column_text][vc_column_text css=&#8221;.vc_custom_1636028831808{margin-left: 100px !important;}&#8221;]<\/p>\n<p style=\"text-align: left;\"><strong>\u00bfQui\u00e9n es el responsable del tratamiento de tus datos personales?<\/strong><br \/>\nConnected Logistics Solutions SL es el RESPONSABLE del tratamiento de los datos personales del USUARIO y le<br \/>\ninforma de que estos datos ser\u00e1n tratados de conformidad con lo dispuesto en el Reglamento (UE) 2016\/679, de 27 de<br \/>\nabril (GDPR), y la Ley Org\u00e1nica 3\/2018, de 5 de diciembre (LOPDGDD).<\/p>\n<p style=\"text-align: left;\"><strong>\u00bfPara qu\u00e9 tratamos tus datos personales?<\/strong><br \/>\nPara mantener una relaci\u00f3n comercial con el usuario. Las operaciones previstas para realizar el tratamiento son:<br \/>\nRemisi\u00f3n de comunicaciones comerciales publicitarias por e-mail, fax, SMS, MMS, redes sociales o cualquier<br \/>\notro medio electr\u00f3nico o f\u00edsico, presente o futuro, que posibilite realizar comunicaciones comerciales. Estas<br \/>\ncomunicaciones ser\u00e1n realizadas por el RESPONSABLE y estar\u00e1n relacionadas con sus productos y servicios, o<br \/>\nde sus colaboradores o proveedores, con los que este haya alcanzado alg\u00fan acuerdo de promoci\u00f3n. En este<br \/>\ncaso, los terceros nunca tendr\u00e1n acceso a los datos personales.<br \/>\nRealizar estudios de mercado y an\u00e1lisis estad\u00edsticos.<br \/>\nTramitar encargos, solicitudes, dar respuesta a las consultas o cualquier tipo de petici\u00f3n que sea realizada por el<br \/>\nUSUARIO a trav\u00e9s de cualquiera de las formas de contacto que se ponen a su disposici\u00f3n en la p\u00e1gina web del<br \/>\nRESPONSABLE.<br \/>\nRemitir el bolet\u00edn informativo online, sobre novedades, ofertas y promociones en nuestra actividad.<\/p>\n<p style=\"text-align: left;\"><strong>\u00bfPor qu\u00e9 motivo podemos tratar tus datos personales?<\/strong><br \/>\nPorque el tratamiento est\u00e1 legitimado por el art\u00edculo 6 del GDPR de la siguiente forma:<br \/>\nCon el consentimiento del USUARIO: remisi\u00f3n de comunicaciones comerciales y del bolet\u00edn informativo.<br \/>\nPor inter\u00e9s leg\u00edtimo del RESPONSABLE: realizar estudios de mercado, an\u00e1lisis estad\u00edsticos, etc. y tramitar<br \/>\nencargos, solicitudes, etc. a petici\u00f3n del USUARIO.<\/p>\n<p style=\"text-align: left;\"><strong>\u00bfDurante cu\u00e1nto tiempo guardaremos tus datos personales?<\/strong><br \/>\nSe conservar\u00e1n durante no m\u00e1s tiempo del necesario para mantener el fin del tratamiento o existan prescripciones<br \/>\nlegales que dictaminen su custodia y cuando ya no sea necesario para ello, se suprimir\u00e1n con medidas de seguridad<br \/>\nadecuadas para garantizar la anonimizaci\u00f3n de los datos o la destrucci\u00f3n total de los mismos.<\/p>\n<p style=\"text-align: left;\"><strong>\u00bfA qui\u00e9n facilitamos tus datos personales?<\/strong><br \/>\nNo est\u00e1 prevista ninguna comunicaci\u00f3n de datos personales a terceros salvo, si fuese necesario para el desarrollo y<br \/>\nejecuci\u00f3n de las finalidades del tratamiento, a nuestros proveedores de servicios relacionados con comunicaciones, con<br \/>\nlos cuales el RESPONSABLE tiene suscritos los contratos de confidencialidad y de encargado de tratamiento exigidos<br \/>\npor la normativa vigente de privacidad.<\/p>\n<p><strong>\u00bfCu\u00e1les son tus derechos?<\/strong><br \/>\nLos derechos que asisten al USUARIO son:<br \/>\nDerecho a retirar el consentimiento en cualquier momento.<br \/>\nDerecho de acceso, rectificaci\u00f3n, portabilidad y supresi\u00f3n de sus datos, y de limitaci\u00f3n u oposici\u00f3n a su<br \/>\ntratamiento.<br \/>\nDerecho a presentar una reclamaci\u00f3n ante la autoridad de control (www.aepd.es) si considera que el tratamiento<br \/>\nno se ajusta a la normativa vigente.<\/p>\n<p><strong>Datos de contacto para ejercer sus derechos:<\/strong><br \/>\nConnected Logistics Solutions SL. Calle Narcis Monturiol, 41 &#8211; 29603 Marbella (M\u00e1laga). E-mail: sales@ecoloso.com[\/vc_column_text][vc_column_text]<\/p>\n<h2>2. CAR\u00c1CTER OBLIGATORIO O FACULTATIVO DE LA INFORMACI\u00d3N FACILITADA POR EL USUARIO<\/h2>\n<p>[\/vc_column_text][vc_column_text css=&#8221;.vc_custom_1636028874920{margin-left: 100px !important;}&#8221;]Los <strong>USUARIOS<\/strong>, mediante la marcaci\u00f3n de las casillas correspondientes y la entrada de datos en los campos, marcados<br \/>\ncon un asterisco (*) en el formulario de contacto o presentados en formularios de descarga, aceptan expresamente y de<br \/>\nforma libre e inequ\u00edvoca, que sus datos son necesarios para atender su petici\u00f3n, por parte del prestador, siendo<br \/>\nvoluntaria la inclusi\u00f3n de datos en los campos restantes. El USUARIO garantiza que los datos personales facilitados al<br \/>\nRESPONSABLE son veraces y se hace responsable de comunicar cualquier modificaci\u00f3n de los mismos.<\/p>\n<p>El <strong>RESPONSABLE<\/strong> informa de que todos los datos solicitados a trav\u00e9s del sitio web son obligatorios, ya que son<br \/>\nnecesarios para la prestaci\u00f3n de un servicio \u00f3ptimo al USUARIO. En caso de que no se faciliten todos los datos, no se<br \/>\ngarantiza que la informaci\u00f3n y servicios facilitados sean completamente ajustados a sus necesidades.[\/vc_column_text][vc_column_text]<\/p>\n<h2>3. MEDIDAS DE SEGURIDAD<\/h2>\n<p>[\/vc_column_text][vc_column_text css=&#8221;.vc_custom_1636275035495{margin-left: 100px !important;}&#8221;]Que de conformidad con lo dispuesto en las normativas vigentes en protecci\u00f3n de datos personales, el RESPONSABLE<br \/>\nest\u00e1 cumpliendo con todas las disposiciones de las normativas GDPR y LOPDGDD para el tratamiento de los datos<br \/>\npersonales de su responsabilidad, y manifiestamente con los principios descritos en el art\u00edculo 5 del GDPR, por los<br \/>\ncuales son tratados de manera l\u00edcita, leal y transparente en relaci\u00f3n con el interesado y adecuados, pertinentes y<br \/>\nlimitados a lo necesario en relaci\u00f3n con los fines para los que son tratados.<br \/>\nEl <strong>RESPONSABLE<\/strong> garantiza que ha implementado pol\u00edticas t\u00e9cnicas y organizativas apropiadas para aplicar las<br \/>\nmedidas de seguridad que establecen el GDPR y la LOPDGDD con el fin de proteger los derechos y libertades de los<br \/>\n<strong>USUARIOS<\/strong> y les ha comunicado la informaci\u00f3n adecuada para que puedan ejercerlos.<\/p>\n<p>Para m\u00e1s informaci\u00f3n sobre las garant\u00edas de privacidad, puedes dirigirte al RESPONSABLE a trav\u00e9s de Connected<br \/>\nLogistics Solutions SL. Calle Narcis Monturiol, 41 &#8211; 29603 Marbella (M\u00e1laga). E-mail: sales@ecoloso.com[\/vc_column_text][\/vc_column][\/vc_row][vc_row][vc_column][vc_column_text]<\/p>\n<h2 style=\"text-align: left;\">VIDEOTUTORIALES DE LA AEPD<br \/>\nPARA AYUDAR A CONFIGURAR<br \/>\nLAS OPCIONES DE PRIVACIDAD EN INTERNET<\/h2>\n<p>[\/vc_column_text][vc_column_text css=&#8221;.vc_custom_1636275023072{margin-left: 100px !important;}&#8221;]La <strong>Agencia Espa\u00f1ola de Protecci\u00f3n de Datos<\/strong> (AEPD) tiene publicados en Youtube diversos videotutoriales para ayudar a los usuarios a configurar paso a paso las opciones de privacidad en sistemas operativos, navegadores, redes sociales y apps m\u00e1s utilizadas:<\/p>\n<p><a href=\"https:\/\/www.youtube.com\/playlist?list=PLUjcI9KR6XDCZKyvztYfIJQX8in_Pn_6S\"><strong>Videotutoriales<\/strong><\/a><\/p>\n<p>Los v\u00eddeos se inician con una breve introducci\u00f3n explicando qu\u00e9 es y para qu\u00e9 se utiliza cada servicio. A continuaci\u00f3n, realizan un detallado repaso que gu\u00eda a los usuarios paso a paso a trav\u00e9s de las opciones de configuraci\u00f3n de privacidad y seguridad de cada uno de estos servicios, ofreciendo recomendaciones para optar por el mayor grado de privacidad posible.<\/p>\n<p>Algunas de las opciones que se abordan en los v\u00eddeos son: cambiar los ajustes para que solo nuestros contactos puedan ver nuestra foto de perfil o inhabilitar la hora de nuestra \u00faltima conexi\u00f3n en WhatsApp, administrar qui\u00e9n puede ver la actividad de nuestro perfil en Facebook y de qu\u00e9 manera pueden encontrarnos y ponerse en contacto con nosotros el resto de usuarios, o activar la opci\u00f3n \u00abcuenta privada\u00bb en TikTok para que solo los usuarios que aprobemos puedan seguirnos y ver los v\u00eddeos que publicamos.<\/p>\n<p>Los videotutoriales publicados son:<br \/>\nSistemas operativos: Android \/ iOS<br \/>\nNavegadores: Chrome \/ Edge \/ Firefox<br \/>\nRedes sociales: Facebook \/ Instagram \/ TikTok \/ Twitter<br \/>\nApps: Telegram \/ WhatsApp[\/vc_column_text][\/vc_column][\/vc_row]<\/p>\n","protected":false},"excerpt":{"rendered":"<p>[vc_row][vc_column][vc_row_inner][vc_column_inner width=&#8221;1\/2&#8243;][vc_column_text]<br \/>\nConnected Logistics Solutions SL<br \/>\n[\/vc_column_text][\/vc_column_inner][vc_column_inner width=&#8221;1\/2&#8243;][vc_gallery type=&#8221;image_grid&#8221; images=&#8221;3426&#8243; onclick=&#8221;&#8221; css=&#8221;.vc_custom_1636026954224{margin-top: -50px !important;margin-left: 300px !important;}&#8221;][\/vc_column_inner][\/vc_row_inner][vc_column_text]<br \/>\n1. INFORMACI\u00d3N AL USUARIO<br \/>\n[\/vc_column_text][vc_column_text css=&#8221;.vc_custom_1636028831808{margin-left: 100px !important;}&#8221;]<br \/>\n\u00bfQui\u00e9n es el responsable del tratamiento de tus datos personales?<br \/>\nConnected Logistics Solutions SL es el RESPONSABLE del tratamiento de los datos personales del USUARIO y <\/p>\n","protected":false},"author":1,"featured_media":0,"parent":0,"menu_order":0,"comment_status":"closed","ping_status":"closed","template":"","meta":[],"yoast_head":"<!-- This site is optimized with the Yoast SEO plugin v18.4.1 - https:\/\/yoast.com\/wordpress\/plugins\/seo\/ -->\n<title>Pol\u00edtica de Privacidad - eColoso<\/title>\n<meta name=\"robots\" content=\"noindex, nofollow\" \/>\n<meta property=\"og:locale\" content=\"es_ES\" \/>\n<meta property=\"og:type\" content=\"article\" \/>\n<meta property=\"og:title\" content=\"Pol\u00edtica de Privacidad - eColoso\" \/>\n<meta property=\"og:description\" content=\"[vc_row][vc_column][vc_row_inner][vc_column_inner width=&#8221;1\/2&#8243;][vc_column_text] Connected Logistics Solutions SL [\/vc_column_text][\/vc_column_inner][vc_column_inner width=&#8221;1\/2&#8243;][vc_gallery type=&#8221;image_grid&#8221; images=&#8221;3426&#8243; onclick=&#8221;&#8221; css=&#8221;.vc_custom_1636026954224{margin-top: -50px !important;margin-left: 300px !important;}&#8221;][\/vc_column_inner][\/vc_row_inner][vc_column_text] 1. INFORMACI\u00d3N AL USUARIO [\/vc_column_text][vc_column_text css=&#8221;.vc_custom_1636028831808{margin-left: 100px !important;}&#8221;] \u00bfQui\u00e9n es el responsable del tratamiento de tus datos personales? Connected Logistics Solutions SL es el RESPONSABLE del tratamiento de los datos personales del USUARIO y\" \/>\n<meta property=\"og:url\" content=\"https:\/\/ecoloso.com\/es\/politica-de-privacidad\/\" \/>\n<meta property=\"og:site_name\" content=\"eColoso\" \/>\n<meta property=\"article:modified_time\" content=\"2025-07-16T08:46:12+00:00\" \/>\n<meta name=\"twitter:card\" content=\"summary_large_image\" \/>\n<meta name=\"twitter:label1\" content=\"Tiempo de lectura\" \/>\n\t<meta name=\"twitter:data1\" content=\"6 minutos\" \/>\n<script type=\"application\/ld+json\" class=\"yoast-schema-graph\">{\"@context\":\"https:\/\/schema.org\",\"@graph\":[{\"@type\":\"Organization\",\"@id\":\"https:\/\/ecoloso.com\/#organization\",\"name\":\"eColoso\",\"url\":\"https:\/\/ecoloso.com\/\",\"sameAs\":[],\"logo\":{\"@type\":\"ImageObject\",\"@id\":\"https:\/\/ecoloso.com\/#logo\",\"inLanguage\":\"es\",\"url\":\"https:\/\/ecoloso.com\/wp-content\/uploads\/2021\/10\/logo-ecoloso-200x200-1.png\",\"contentUrl\":\"https:\/\/ecoloso.com\/wp-content\/uploads\/2021\/10\/logo-ecoloso-200x200-1.png\",\"width\":200,\"height\":188,\"caption\":\"eColoso\"},\"image\":{\"@id\":\"https:\/\/ecoloso.com\/#logo\"}},{\"@type\":\"WebSite\",\"@id\":\"https:\/\/ecoloso.com\/#website\",\"url\":\"https:\/\/ecoloso.com\/\",\"name\":\"eColoso\",\"description\":\"Ecommerce Returns Handling Distribution\",\"publisher\":{\"@id\":\"https:\/\/ecoloso.com\/#organization\"},\"potentialAction\":[{\"@type\":\"SearchAction\",\"target\":{\"@type\":\"EntryPoint\",\"urlTemplate\":\"https:\/\/ecoloso.com\/?s={search_term_string}\"},\"query-input\":\"required name=search_term_string\"}],\"inLanguage\":\"es\"},{\"@type\":\"WebPage\",\"@id\":\"https:\/\/ecoloso.com\/es\/politica-de-privacidad\/#webpage\",\"url\":\"https:\/\/ecoloso.com\/es\/politica-de-privacidad\/\",\"name\":\"Pol\u00edtica de Privacidad - eColoso\",\"isPartOf\":{\"@id\":\"https:\/\/ecoloso.com\/#website\"},\"datePublished\":\"2021-11-04T11:25:33+00:00\",\"dateModified\":\"2025-07-16T08:46:12+00:00\",\"breadcrumb\":{\"@id\":\"https:\/\/ecoloso.com\/es\/politica-de-privacidad\/#breadcrumb\"},\"inLanguage\":\"es\",\"potentialAction\":[{\"@type\":\"ReadAction\",\"target\":[\"https:\/\/ecoloso.com\/es\/politica-de-privacidad\/\"]}]},{\"@type\":\"BreadcrumbList\",\"@id\":\"https:\/\/ecoloso.com\/es\/politica-de-privacidad\/#breadcrumb\",\"itemListElement\":[{\"@type\":\"ListItem\",\"position\":1,\"name\":\"Home\",\"item\":\"https:\/\/ecoloso.com\/es\/\"},{\"@type\":\"ListItem\",\"position\":2,\"name\":\"Pol\u00edtica de Privacidad\"}]}]}<\/script>\n<!-- \/ Yoast SEO plugin. -->","yoast_head_json":{"title":"Pol\u00edtica de Privacidad - eColoso","robots":{"index":"noindex","follow":"nofollow"},"og_locale":"es_ES","og_type":"article","og_title":"Pol\u00edtica de Privacidad - eColoso","og_description":"[vc_row][vc_column][vc_row_inner][vc_column_inner width=&#8221;1\/2&#8243;][vc_column_text] Connected Logistics Solutions SL [\/vc_column_text][\/vc_column_inner][vc_column_inner width=&#8221;1\/2&#8243;][vc_gallery type=&#8221;image_grid&#8221; images=&#8221;3426&#8243; onclick=&#8221;&#8221; css=&#8221;.vc_custom_1636026954224{margin-top: -50px !important;margin-left: 300px !important;}&#8221;][\/vc_column_inner][\/vc_row_inner][vc_column_text] 1. INFORMACI\u00d3N AL USUARIO [\/vc_column_text][vc_column_text css=&#8221;.vc_custom_1636028831808{margin-left: 100px !important;}&#8221;] \u00bfQui\u00e9n es el responsable del tratamiento de tus datos personales? Connected Logistics Solutions SL es el RESPONSABLE del tratamiento de los datos personales del USUARIO y","og_url":"https:\/\/ecoloso.com\/es\/politica-de-privacidad\/","og_site_name":"eColoso","article_modified_time":"2025-07-16T08:46:12+00:00","twitter_card":"summary_large_image","twitter_misc":{"Tiempo de lectura":"6 minutos"},"schema":{"@context":"https:\/\/schema.org","@graph":[{"@type":"Organization","@id":"https:\/\/ecoloso.com\/#organization","name":"eColoso","url":"https:\/\/ecoloso.com\/","sameAs":[],"logo":{"@type":"ImageObject","@id":"https:\/\/ecoloso.com\/#logo","inLanguage":"es","url":"https:\/\/ecoloso.com\/wp-content\/uploads\/2021\/10\/logo-ecoloso-200x200-1.png","contentUrl":"https:\/\/ecoloso.com\/wp-content\/uploads\/2021\/10\/logo-ecoloso-200x200-1.png","width":200,"height":188,"caption":"eColoso"},"image":{"@id":"https:\/\/ecoloso.com\/#logo"}},{"@type":"WebSite","@id":"https:\/\/ecoloso.com\/#website","url":"https:\/\/ecoloso.com\/","name":"eColoso","description":"Ecommerce Returns Handling Distribution","publisher":{"@id":"https:\/\/ecoloso.com\/#organization"},"potentialAction":[{"@type":"SearchAction","target":{"@type":"EntryPoint","urlTemplate":"https:\/\/ecoloso.com\/?s={search_term_string}"},"query-input":"required name=search_term_string"}],"inLanguage":"es"},{"@type":"WebPage","@id":"https:\/\/ecoloso.com\/es\/politica-de-privacidad\/#webpage","url":"https:\/\/ecoloso.com\/es\/politica-de-privacidad\/","name":"Pol\u00edtica de Privacidad - eColoso","isPartOf":{"@id":"https:\/\/ecoloso.com\/#website"},"datePublished":"2021-11-04T11:25:33+00:00","dateModified":"2025-07-16T08:46:12+00:00","breadcrumb":{"@id":"https:\/\/ecoloso.com\/es\/politica-de-privacidad\/#breadcrumb"},"inLanguage":"es","potentialAction":[{"@type":"ReadAction","target":["https:\/\/ecoloso.com\/es\/politica-de-privacidad\/"]}]},{"@type":"BreadcrumbList","@id":"https:\/\/ecoloso.com\/es\/politica-de-privacidad\/#breadcrumb","itemListElement":[{"@type":"ListItem","position":1,"name":"Home","item":"https:\/\/ecoloso.com\/es\/"},{"@type":"ListItem","position":2,"name":"Pol\u00edtica de Privacidad"}]}]}},"_links":{"self":[{"href":"https:\/\/ecoloso.com\/es\/wp-json\/wp\/v2\/pages\/3629"}],"collection":[{"href":"https:\/\/ecoloso.com\/es\/wp-json\/wp\/v2\/pages"}],"about":[{"href":"https:\/\/ecoloso.com\/es\/wp-json\/wp\/v2\/types\/page"}],"author":[{"embeddable":true,"href":"https:\/\/ecoloso.com\/es\/wp-json\/wp\/v2\/users\/1"}],"replies":[{"embeddable":true,"href":"https:\/\/ecoloso.com\/es\/wp-json\/wp\/v2\/comments?post=3629"}],"version-history":[{"count":20,"href":"https:\/\/ecoloso.com\/es\/wp-json\/wp\/v2\/pages\/3629\/revisions"}],"predecessor-version":[{"id":3713,"href":"https:\/\/ecoloso.com\/es\/wp-json\/wp\/v2\/pages\/3629\/revisions\/3713"}],"wp:attachment":[{"href":"https:\/\/ecoloso.com\/es\/wp-json\/wp\/v2\/media?parent=3629"}],"curies":[{"name":"wp","href":"https:\/\/api.w.org\/{rel}","templated":true}]}}