{"id":3645,"date":"2021-11-04T12:32:14","date_gmt":"2021-11-04T12:32:14","guid":{"rendered":"https:\/\/ecoloso.com\/?page_id=3645"},"modified":"2025-07-16T08:45:41","modified_gmt":"2025-07-16T08:45:41","slug":"politica-de-privacidad-redes-sociales","status":"publish","type":"page","link":"https:\/\/ecoloso.com\/es\/politica-de-privacidad-redes-sociales\/","title":{"rendered":"Pol\u00edtica de Privacidad Redes Sociales"},"content":{"rendered":"<p>[vc_row][vc_column]<div class=\"heading  \" >\n\t\t\t<h2 >POL\u00cdTICA DE PRIVACIDAD REDES SOCIALES<\/h2>\n\t\t\t<div  style=\"display: block; \"><div class=\"line\" ><\/div><\/div>\n\t\t\t\n\t\t\t\n\t\t<\/div>[vc_row_inner][vc_column_inner width=&#8221;1\/2&#8243;][vc_column_text]<\/p>\n<h3>Connected Logistics Solutions SL<\/h3>\n<p>[\/vc_column_text][\/vc_column_inner][vc_column_inner width=&#8221;1\/2&#8243;][vc_gallery type=&#8221;image_grid&#8221; images=&#8221;3426&#8243; onclick=&#8221;&#8221; css=&#8221;.vc_custom_1636026954224{margin-top: -50px !important;margin-left: 300px !important;}&#8221;][\/vc_column_inner][\/vc_row_inner][vc_column_text]<\/p>\n<h2>1. INFORMACI\u00d3N AL USUARIO<\/h2>\n<p>[\/vc_column_text][vc_column_text css=&#8221;.vc_custom_1636029723630{margin-left: 100px !important;}&#8221;]<strong>\u00bfQui\u00e9n es el responsable del tratamiento de tus datos personales?<\/strong><br \/>\nConnected Logistics Solutions SL, en adelante, RESPONSABLE, informa al USUARIO de que ha procedido a crear un<br \/>\nperfil en las Redes Sociales Facebook, Instagram, Twitter, LinkedIn, Youtube, Vimeo y Google+, que es el responsable<br \/>\ndel tratamiento de los datos personales del usuario que se lleve a cabo en dichas redes sociales y le informa de que<br \/>\nestos datos ser\u00e1n tratados de conformidad con lo dispuesto en el Reglamento (UE) 2016\/679, de 27 de abril (GDPR), y<br \/>\nla Ley Org\u00e1nica 3\/2018, de 5 de diciembre (LOPDGDD), por lo que se le facilita la siguiente informaci\u00f3n del tratamiento:<\/p>\n<p><strong>\u00bfPara qu\u00e9 tratamos tus datos personales?<\/strong><br \/>\nFin del tratamiento: mantener una relaci\u00f3n entre el USUARIO y el RESPONSABLE que puede incluir las siguientes<br \/>\noperaciones:<br \/>\nTramitar solicitudes y consultas planteadas al responsable<br \/>\nInformar sobre actividades y eventos organizados por el responsable<br \/>\nInformar sobre productos o servicios ofrecidos por el responsable<br \/>\nInteractuar a trav\u00e9s de los perfiles oficiales<\/p>\n<p><strong>\u00bfPor qu\u00e9 motivo podemos tratar tus datos personales?<\/strong><br \/>\nBase jur\u00eddica del tratamiento: art\u00edculo 6.1.a GDPR, el interesado ha dado su consentimiento para el tratamiento de sus<br \/>\ndatos personales para uno o varios fines espec\u00edficos. El USUARIO dispone de un perfil en la misma red social y ha<br \/>\ndecidido unirse a la red social del RESPONSABLE mostrando as\u00ed inter\u00e9s en la informaci\u00f3n que se publique en la<br \/>\nmisma, por tanto, en el momento de solicitar seguir nuestros perfiles oficiales, nos facilita su consentimiento para el<br \/>\ntratamiento de aquellos datos personales publicados en su perfil.<br \/>\nEl USUARIO puede acceder en todo momento a las pol\u00edticas de privacidad de la propia red social, as\u00ed como configurar<br \/>\nsu perfil para garantizar su privacidad.<br \/>\nEl RESPONSABLE tiene acceso y trata aquella informaci\u00f3n p\u00fablica del USUARIO, en especial, su nombre de contacto.<br \/>\nEstos datos solo son utilizados dentro de la propia red social y \u00fanicamente se incorporar\u00e1n a un fichero del<br \/>\nRESPONSABLE cuando sea necesario para tramitar la petici\u00f3n del USUARIO.<\/p>\n<p><strong>\u00bfDurante cu\u00e1nto tiempo guardaremos tus datos personales?<\/strong><br \/>\nCriterios de conservaci\u00f3n de los datos: se conservar\u00e1n mientras el USUARIO no revoque el consentimiento prestado<br \/>\ntal y como se indica en esta pol\u00edtica de privacidad.<br \/>\n\u00bfA qui\u00e9n facilitamos tus datos personales?<br \/>\nComunicaci\u00f3n de los datos: la informaci\u00f3n facilitada por el USUARIO a trav\u00e9s de las redes sociales del<br \/>\nRESPONSABLE, incluidos sus datos personales, puede ser publicada, siempre en funci\u00f3n de los servicios que el<br \/>\nUSUARIO utilice, por lo que podr\u00e1 quedar a disposici\u00f3n p\u00fablica de otros terceros usuarios de las redes sociales. Desde<br \/>\nel perfil de cada red social, el USUARIO puede configurar qu\u00e9 informaci\u00f3n quiere hacer p\u00fablica en cada caso, ver los<br \/>\npermisos que se han concedido, eliminarlos o desactivarlos, como cualquier aplicaci\u00f3n de un tercero que ya no se<br \/>\ndesea utilizar.<br \/>\nNo est\u00e1 prevista ninguna comunicaci\u00f3n de datos personales a terceros fuera de la red social salvo, si fuese<br \/>\nimprescindible para el desarrollo y ejecuci\u00f3n de las finalidades del tratamiento, a nuestros proveedores de servicios relacionados con comunicaciones, con los cuales el RESPONSABLE tiene suscritos los contratos de confidencialidad y<br \/>\nde encargado de tratamiento exigidos por la normativa vigente de privacidad.<\/p>\n<p><strong>\u00bfCu\u00e1les son tus derechos?<\/strong><br \/>\nDerechos que asisten al USUARIO: solo podr\u00e1n satisfacerse en relaci\u00f3n a aquella informaci\u00f3n que se encuentre bajo<br \/>\nel control del RESPONSABLE.<br \/>\nDerecho a retirar el consentimiento en cualquier momento<br \/>\nDerecho de acceso, rectificaci\u00f3n, portabilidad y supresi\u00f3n de sus datos, y de limitaci\u00f3n u oposici\u00f3n a su<br \/>\ntratamiento<br \/>\nDerecho a presentar una reclamaci\u00f3n ante la autoridad de control (www.aepd.es) si considera que el tratamiento<br \/>\nno se ajusta a la normativa vigente<\/p>\n<p>Datos de contacto para ejercer sus derechos:<br \/>\nConnected Logistics Solutions SL. Calle Narcis Monturiol, 41 &#8211; 29603 Marbella (M\u00e1laga). E-mail: sales@ecoloso.com[\/vc_column_text][vc_column_text]<\/p>\n<h2>2. UTILIZACI\u00d3N DEL PERFIL<\/h2>\n<p>[\/vc_column_text][vc_column_text css=&#8221;.vc_custom_1636030107366{margin-left: 100px !important;}&#8221;]El <strong>RESPONSABLE<\/strong> realizar\u00e1 las siguientes actuaciones:<br \/>\nAcceso a la informaci\u00f3n p\u00fablica del perfil<br \/>\nPublicaci\u00f3n en el perfil del USUARIO de toda aquella informaci\u00f3n ya publicada en la red social del<br \/>\nRESPONSABLE<br \/>\nEnviar mensajes personales e individuales a trav\u00e9s de los canales de la red social<br \/>\nActualizaciones del estado de la p\u00e1gina que se publicar\u00e1n en el perfil del USUARIO<\/p>\n<p>El <strong>USUARIO<\/strong> siempre puede controlar sus conexiones, eliminar los contenidos que dejen de interesarle y restringir con<br \/>\nqui\u00e9n comparte sus conexiones; para ello deber\u00e1 acceder a su configuraci\u00f3n de privacidad.[\/vc_column_text][vc_column_text]<\/p>\n<h2>3. PUBLICACIONES<\/h2>\n<p>[\/vc_column_text][vc_column_text css=&#8221;.vc_custom_1636030466844{margin-left: 100px !important;}&#8221;]El<strong> USUARIO,<\/strong> una vez sea seguidor o se haya unido a la red social del RESPONSABLE, podr\u00e1 publicar en esta<br \/>\ncomentarios, enlaces, im\u00e1genes, fotograf\u00edas o cualquier otro tipo de contenido multimedia soportado por la misma. El<br \/>\nUSUARIO, en todos los casos, debe ser el titular del contenido publicado, gozar de los derechos de autor y de<br \/>\npropiedad intelectual o contar con el consentimiento de los terceros afectados.<br \/>\nSe proh\u00edbe expresamente cualquier publicaci\u00f3n en la red social, ya sean textos, gr\u00e1ficos, fotograf\u00edas, v\u00eddeos, etc. que<br \/>\natenten o sean susceptibles de atentar contra la moral, la \u00e9tica, el buen gusto o el decoro, y\/o que infrinjan, violen o<br \/>\nquebranten los derechos de propiedad intelectual o industrial, el derecho a la imagen o la Ley.<br \/>\nEn estos casos, el RESPONSABLE se reserva el derecho a retirar de inmediato el contenido, sin comunicaci\u00f3n previa,<br \/>\npudiendo solicitar el bloqueo permanente del USUARIO.<\/p>\n<p>El <strong>RESPONSABLE<\/strong> no se har\u00e1 responsable de los contenidos que libremente ha publicado un USUARIO.<br \/>\nEl USUARIO debe tener presente que sus publicaciones ser\u00e1n conocidas por otros usuarios, por lo que \u00e9l mismo es el<br \/>\nprincipal responsable de su privacidad.<br \/>\nLas im\u00e1genes que puedan publicarse en la red social no ser\u00e1n almacenadas en ning\u00fan fichero por parte del<br \/>\nRESPONSABLE, pero s\u00ed que permanecer\u00e1n en la red social.<\/p>\n<p>Para m\u00e1s informaci\u00f3n sobre las garant\u00edas de privacidad, puedes dirigirte al RESPONSABLE a trav\u00e9s de Connected<br \/>\nLogistics Solutions SL. Calle Narcis Monturiol, 41 &#8211; 29603 Marbella (M\u00e1laga). E-mail: sales@ecoloso.com[\/vc_column_text][vc_column_text]<\/p>\n<h2>4. DATOS DE MENORES DE EDAD O PERSONAS CON CAPACIDADES ESPECIALES<\/h2>\n<p>[\/vc_column_text][vc_column_text css=&#8221;.vc_custom_1636104256571{margin-left: 100px !important;}&#8221;]El acceso y registro a trav\u00e9s de la redes sociales del RESPONSABLE est\u00e1 prohibido a menores de 18 a\u00f1os. Por su<br \/>\nparte, si el USUARIO tiene capacidades especiales, ser\u00e1 necesaria la intervenci\u00f3n del titular de su patria potestad o<br \/>\ntutela, o de su representante legal mediante documento v\u00e1lido que acredite la representaci\u00f3n.<br \/>\nEl RESPONSABLE quedar\u00e1 expresamente exonerado de cualquier responsabilidad que pudiera derivarse del uso de<br \/>\nlas redes sociales por parte de menores o personas con capacidades especiales. Las redes sociales del<br \/>\nRESPONSABLE no recogen conscientemente ninguna informaci\u00f3n personal de menores de edad, por ello, si el<br \/>\nUSUARIO es menor de edad, no debe registrarse, ni utilizar las redes sociales del RESPONSABLE ni tampoco<br \/>\nproporcionar ninguna informaci\u00f3n personal.[\/vc_column_text][\/vc_column][\/vc_row][vc_row][vc_column][vc_column_text]<\/p>\n<h2 style=\"text-align: left;\">VIDEOTUTORIALES DE LA AEPD<br \/>\nPARA AYUDAR A CONFIGURAR<br \/>\nLAS OPCIONES DE PRIVACIDAD EN INTERNET<\/h2>\n<p>[\/vc_column_text][vc_column_text css=&#8221;.vc_custom_1636275079384{margin-left: 100px !important;}&#8221;]La <strong>Agencia Espa\u00f1ola de Protecci\u00f3n de Datos<\/strong> (AEPD) tiene publicados en Youtube diversos videotutoriales para ayudar a los usuarios a configurar paso a paso las opciones de privacidad en sistemas operativos, navegadores, redes sociales y apps m\u00e1s utilizadas:<\/p>\n<p><a href=\"https:\/\/www.youtube.com\/playlist?list=PLUjcI9KR6XDCZKyvztYfIJQX8in_Pn_6S\"><strong>Videotutoriales<\/strong><\/a><\/p>\n<p>Los v\u00eddeos se inician con una breve introducci\u00f3n explicando qu\u00e9 es y para qu\u00e9 se utiliza cada servicio. A continuaci\u00f3n, realizan un detallado repaso que gu\u00eda a los usuarios paso a paso a trav\u00e9s de las opciones de configuraci\u00f3n de privacidad y seguridad de cada uno de estos servicios, ofreciendo recomendaciones para optar por el mayor grado de privacidad posible.<\/p>\n<p>Algunas de las opciones que se abordan en los v\u00eddeos son: cambiar los ajustes para que solo nuestros contactos puedan ver nuestra foto de perfil o inhabilitar la hora de nuestra \u00faltima conexi\u00f3n en WhatsApp, administrar qui\u00e9n puede ver la actividad de nuestro perfil en Facebook y de qu\u00e9 manera pueden encontrarnos y ponerse en contacto con nosotros el resto de usuarios, o activar la opci\u00f3n \u00abcuenta privada\u00bb en TikTok para que solo los usuarios que aprobemos puedan seguirnos y ver los v\u00eddeos que publicamos.<\/p>\n<p>Los videotutoriales publicados son:<br \/>\nSistemas operativos: Android \/ iOS<br \/>\nNavegadores: Chrome \/ Edge \/ Firefox<br \/>\nRedes sociales: Facebook \/ Instagram \/ TikTok \/ Twitter<br \/>\nApps: Telegram \/ WhatsApp[\/vc_column_text][\/vc_column][\/vc_row]<\/p>\n","protected":false},"excerpt":{"rendered":"<p>[vc_row][vc_column][vc_row_inner][vc_column_inner width=&#8221;1\/2&#8243;][vc_column_text]<br \/>\nConnected Logistics Solutions SL<br \/>\n[\/vc_column_text][\/vc_column_inner][vc_column_inner width=&#8221;1\/2&#8243;][vc_gallery type=&#8221;image_grid&#8221; images=&#8221;3426&#8243; onclick=&#8221;&#8221; css=&#8221;.vc_custom_1636026954224{margin-top: -50px !important;margin-left: 300px !important;}&#8221;][\/vc_column_inner][\/vc_row_inner][vc_column_text]<br \/>\n1. INFORMACI\u00d3N AL USUARIO<br \/>\n[\/vc_column_text][vc_column_text css=&#8221;.vc_custom_1636029723630{margin-left: 100px !important;}&#8221;]\u00bfQui\u00e9n es el responsable del tratamiento de tus datos personales?<br \/>\nConnected Logistics Solutions SL, en adelante, RESPONSABLE, informa al USUARIO de que ha procedido a crear un<br \n<\/p>\n","protected":false},"author":1,"featured_media":0,"parent":0,"menu_order":0,"comment_status":"closed","ping_status":"closed","template":"","meta":[],"yoast_head":"<!-- This site is optimized with the Yoast SEO plugin v18.4.1 - https:\/\/yoast.com\/wordpress\/plugins\/seo\/ -->\n<title>normas de confidencialidad<\/title>\n<meta name=\"description\" content=\"normas de confidencialidad que aplicamos para proteger su identidad y que domprenden la politica de privacidad en redes sociales\" \/>\n<meta name=\"robots\" content=\"noindex, nofollow\" \/>\n<meta property=\"og:locale\" content=\"es_ES\" \/>\n<meta property=\"og:type\" content=\"article\" \/>\n<meta property=\"og:title\" content=\"normas de confidencialidad\" \/>\n<meta property=\"og:description\" content=\"normas de confidencialidad que aplicamos para proteger su identidad y que domprenden la politica de privacidad en redes sociales\" \/>\n<meta property=\"og:url\" content=\"https:\/\/ecoloso.com\/es\/politica-de-privacidad-redes-sociales\/\" \/>\n<meta property=\"og:site_name\" content=\"eColoso\" \/>\n<meta property=\"article:modified_time\" content=\"2025-07-16T08:45:41+00:00\" \/>\n<meta name=\"twitter:card\" content=\"summary_large_image\" \/>\n<meta name=\"twitter:label1\" content=\"Tiempo de lectura\" \/>\n\t<meta name=\"twitter:data1\" content=\"8 minutos\" \/>\n<script type=\"application\/ld+json\" class=\"yoast-schema-graph\">{\"@context\":\"https:\/\/schema.org\",\"@graph\":[{\"@type\":\"Organization\",\"@id\":\"https:\/\/ecoloso.com\/#organization\",\"name\":\"eColoso\",\"url\":\"https:\/\/ecoloso.com\/\",\"sameAs\":[],\"logo\":{\"@type\":\"ImageObject\",\"@id\":\"https:\/\/ecoloso.com\/#logo\",\"inLanguage\":\"es\",\"url\":\"https:\/\/ecoloso.com\/wp-content\/uploads\/2021\/10\/logo-ecoloso-200x200-1.png\",\"contentUrl\":\"https:\/\/ecoloso.com\/wp-content\/uploads\/2021\/10\/logo-ecoloso-200x200-1.png\",\"width\":200,\"height\":188,\"caption\":\"eColoso\"},\"image\":{\"@id\":\"https:\/\/ecoloso.com\/#logo\"}},{\"@type\":\"WebSite\",\"@id\":\"https:\/\/ecoloso.com\/#website\",\"url\":\"https:\/\/ecoloso.com\/\",\"name\":\"eColoso\",\"description\":\"Ecommerce Returns Handling Distribution\",\"publisher\":{\"@id\":\"https:\/\/ecoloso.com\/#organization\"},\"potentialAction\":[{\"@type\":\"SearchAction\",\"target\":{\"@type\":\"EntryPoint\",\"urlTemplate\":\"https:\/\/ecoloso.com\/?s={search_term_string}\"},\"query-input\":\"required name=search_term_string\"}],\"inLanguage\":\"es\"},{\"@type\":\"WebPage\",\"@id\":\"https:\/\/ecoloso.com\/es\/politica-de-privacidad-redes-sociales\/#webpage\",\"url\":\"https:\/\/ecoloso.com\/es\/politica-de-privacidad-redes-sociales\/\",\"name\":\"normas de confidencialidad\",\"isPartOf\":{\"@id\":\"https:\/\/ecoloso.com\/#website\"},\"datePublished\":\"2021-11-04T12:32:14+00:00\",\"dateModified\":\"2025-07-16T08:45:41+00:00\",\"description\":\"normas de confidencialidad que aplicamos para proteger su identidad y que domprenden la politica de privacidad en redes sociales\",\"breadcrumb\":{\"@id\":\"https:\/\/ecoloso.com\/es\/politica-de-privacidad-redes-sociales\/#breadcrumb\"},\"inLanguage\":\"es\",\"potentialAction\":[{\"@type\":\"ReadAction\",\"target\":[\"https:\/\/ecoloso.com\/es\/politica-de-privacidad-redes-sociales\/\"]}]},{\"@type\":\"BreadcrumbList\",\"@id\":\"https:\/\/ecoloso.com\/es\/politica-de-privacidad-redes-sociales\/#breadcrumb\",\"itemListElement\":[{\"@type\":\"ListItem\",\"position\":1,\"name\":\"Home\",\"item\":\"https:\/\/ecoloso.com\/es\/\"},{\"@type\":\"ListItem\",\"position\":2,\"name\":\"Pol\u00edtica de Privacidad Redes Sociales\"}]}]}<\/script>\n<!-- \/ Yoast SEO plugin. -->","yoast_head_json":{"title":"normas de confidencialidad","description":"normas de confidencialidad que aplicamos para proteger su identidad y que domprenden la politica de privacidad en redes sociales","robots":{"index":"noindex","follow":"nofollow"},"og_locale":"es_ES","og_type":"article","og_title":"normas de confidencialidad","og_description":"normas de confidencialidad que aplicamos para proteger su identidad y que domprenden la politica de privacidad en redes sociales","og_url":"https:\/\/ecoloso.com\/es\/politica-de-privacidad-redes-sociales\/","og_site_name":"eColoso","article_modified_time":"2025-07-16T08:45:41+00:00","twitter_card":"summary_large_image","twitter_misc":{"Tiempo de lectura":"8 minutos"},"schema":{"@context":"https:\/\/schema.org","@graph":[{"@type":"Organization","@id":"https:\/\/ecoloso.com\/#organization","name":"eColoso","url":"https:\/\/ecoloso.com\/","sameAs":[],"logo":{"@type":"ImageObject","@id":"https:\/\/ecoloso.com\/#logo","inLanguage":"es","url":"https:\/\/ecoloso.com\/wp-content\/uploads\/2021\/10\/logo-ecoloso-200x200-1.png","contentUrl":"https:\/\/ecoloso.com\/wp-content\/uploads\/2021\/10\/logo-ecoloso-200x200-1.png","width":200,"height":188,"caption":"eColoso"},"image":{"@id":"https:\/\/ecoloso.com\/#logo"}},{"@type":"WebSite","@id":"https:\/\/ecoloso.com\/#website","url":"https:\/\/ecoloso.com\/","name":"eColoso","description":"Ecommerce Returns Handling Distribution","publisher":{"@id":"https:\/\/ecoloso.com\/#organization"},"potentialAction":[{"@type":"SearchAction","target":{"@type":"EntryPoint","urlTemplate":"https:\/\/ecoloso.com\/?s={search_term_string}"},"query-input":"required name=search_term_string"}],"inLanguage":"es"},{"@type":"WebPage","@id":"https:\/\/ecoloso.com\/es\/politica-de-privacidad-redes-sociales\/#webpage","url":"https:\/\/ecoloso.com\/es\/politica-de-privacidad-redes-sociales\/","name":"normas de confidencialidad","isPartOf":{"@id":"https:\/\/ecoloso.com\/#website"},"datePublished":"2021-11-04T12:32:14+00:00","dateModified":"2025-07-16T08:45:41+00:00","description":"normas de confidencialidad que aplicamos para proteger su identidad y que domprenden la politica de privacidad en redes sociales","breadcrumb":{"@id":"https:\/\/ecoloso.com\/es\/politica-de-privacidad-redes-sociales\/#breadcrumb"},"inLanguage":"es","potentialAction":[{"@type":"ReadAction","target":["https:\/\/ecoloso.com\/es\/politica-de-privacidad-redes-sociales\/"]}]},{"@type":"BreadcrumbList","@id":"https:\/\/ecoloso.com\/es\/politica-de-privacidad-redes-sociales\/#breadcrumb","itemListElement":[{"@type":"ListItem","position":1,"name":"Home","item":"https:\/\/ecoloso.com\/es\/"},{"@type":"ListItem","position":2,"name":"Pol\u00edtica de Privacidad Redes Sociales"}]}]}},"_links":{"self":[{"href":"https:\/\/ecoloso.com\/es\/wp-json\/wp\/v2\/pages\/3645"}],"collection":[{"href":"https:\/\/ecoloso.com\/es\/wp-json\/wp\/v2\/pages"}],"about":[{"href":"https:\/\/ecoloso.com\/es\/wp-json\/wp\/v2\/types\/page"}],"author":[{"embeddable":true,"href":"https:\/\/ecoloso.com\/es\/wp-json\/wp\/v2\/users\/1"}],"replies":[{"embeddable":true,"href":"https:\/\/ecoloso.com\/es\/wp-json\/wp\/v2\/comments?post=3645"}],"version-history":[{"count":11,"href":"https:\/\/ecoloso.com\/es\/wp-json\/wp\/v2\/pages\/3645\/revisions"}],"predecessor-version":[{"id":3714,"href":"https:\/\/ecoloso.com\/es\/wp-json\/wp\/v2\/pages\/3645\/revisions\/3714"}],"wp:attachment":[{"href":"https:\/\/ecoloso.com\/es\/wp-json\/wp\/v2\/media?parent=3645"}],"curies":[{"name":"wp","href":"https:\/\/api.w.org\/{rel}","templated":true}]}}