{"id":3658,"date":"2021-11-05T09:02:54","date_gmt":"2021-11-05T09:02:54","guid":{"rendered":"https:\/\/ecoloso.com\/?page_id=3658"},"modified":"2025-07-16T08:36:37","modified_gmt":"2025-07-16T08:36:37","slug":"aviso-legal","status":"publish","type":"page","link":"https:\/\/ecoloso.com\/es\/aviso-legal\/","title":{"rendered":"Aviso Legal"},"content":{"rendered":"<p>[vc_row][vc_column][vc_column_text]<\/p>\r\n<p>\r\n\r\n[\/vc_column_text][\/vc_column][\/vc_row][vc_row][vc_column]<div class=\"heading  \" >\n\t\t\t<h2 >AVISO LEGAL<\/h2>\n\t\t\t<div  style=\"display: block; \"><div class=\"line\" ><\/div><\/div>\n\t\t\t\n\t\t\t\n\t\t<\/div>[vc_row_inner][vc_column_inner width=&#8221;1\/2&#8243;][vc_column_text]<\/p>\r\n<h3>Connected Logistics Solutions SL<\/h3>\r\n<p>[\/vc_column_text][\/vc_column_inner][vc_column_inner width=&#8221;1\/2&#8243;][vc_gallery type=&#8221;image_grid&#8221; images=&#8221;3426&#8243; onclick=&#8221;&#8221; css=&#8221;.vc_custom_1636026954224{margin-top: -50px !important;margin-left: 300px !important;}&#8221;][\/vc_column_inner][\/vc_row_inner][vc_column_text css=&#8221;.vc_custom_1636214737911{margin-bottom: 20px !important;}&#8221;]<\/p>\r\n<h1 style=\"text-align: center;\">LEY DE LOS SERVICIOS DE LA SOCIEDAD DE LA INFORMACI\u00d3N (LSSI)<\/h1>\r\n<p>[\/vc_column_text][vc_column_text css=&#8221;.vc_custom_1636214685193{margin-left: 100px !important;}&#8221;]<\/p>\r\n<p>Connected Logistics Solutions SL, responsable del sitio web, en adelante RESPONSABLE, pone a<br \/>disposici\u00f3n de los usuarios el presente documento, con el que pretende dar cumplimiento a las<br \/>obligaciones dispuestas en la Ley 34\/2002, de 11 de julio, de Servicios de la Sociedad de la<br \/>Informaci\u00f3n y de Comercio Electr\u00f3nico (LSSICE), BOE N.\u00ba 166, as\u00ed como informar a todos los usuarios<br \/>del sitio web respecto a cu\u00e1les son las condiciones de uso.<br \/>Toda persona que acceda a este sitio web asume el papel de usuario, comprometi\u00e9ndose a la<br \/>observancia y cumplimiento riguroso de las disposiciones aqu\u00ed dispuestas, as\u00ed como a cualquier otra<br \/>disposici\u00f3n legal que fuera de aplicaci\u00f3n.<br \/>Connected Logistics Solutions SL se reserva el derecho de modificar cualquier tipo de informaci\u00f3n que<br \/>pudiera aparecer en el sitio web, sin que exista obligaci\u00f3n de preavisar o poner en conocimiento de los<br \/>usuarios dichas obligaciones, entendi\u00e9ndose como suficiente la publicaci\u00f3n en el sitio web de<br \/>Connected Logistics Solutions SL.<\/p>\r\n<p>[\/vc_column_text][vc_column_text]<\/p>\r\n<h2>1. DATOS IDENTIFICATIVOS<\/h2>\r\n<p>[\/vc_column_text][vc_column_text css=&#8221;.vc_custom_1636103252324{margin-left: 100px !important;}&#8221;]<\/p>\r\n<p>Nombre de dominio: https:\/\/ecoloso.com\/<br \/>Nombre comercial: eColoso<br \/>Denominaci\u00f3n social: Connected Logistics Solutions SL<br \/>NIF: B01891621<br \/>Domicilio social: Calle Narcis Monturiol, 41 29603 Marbella<br \/>Tel\u00e9fono: 951473566<br \/>E-mail: sales@ecoloso.com<br \/>Tomo 5970, Libro 4877, Folio 7, Secci\u00f3n 8, Hoja 157202, Inscripci\u00f3n 1.<\/p>\r\n<p>[\/vc_column_text][vc_column_text]<\/p>\r\n<h2>2. DERECHOS DE PROPIEDAD INTELECTUAL E INDUSTRIAL<\/h2>\r\n<p>[\/vc_column_text][vc_column_text css=&#8221;.vc_custom_1636103339207{margin-left: 100px !important;}&#8221;]<\/p>\r\n<p>El sitio web, incluyendo a t\u00edtulo enunciativo pero no limitativo su programaci\u00f3n, edici\u00f3n, compilaci\u00f3n y<br \/>dem\u00e1s elementos necesarios para su funcionamiento, los dise\u00f1os, logotipos, texto y\/o gr\u00e1ficos, son<br \/>propiedad del RESPONSABLE o, si es el caso, dispone de licencia o autorizaci\u00f3n expresa por parte de<br \/>los autores. Todos los contenidos del sitio web se encuentran debidamente protegidos por la normativa<br \/>de propiedad intelectual e industrial, as\u00ed como inscritos en los registros p\u00fablicos correspondientes.<br \/>Independientemente de la finalidad para la que fueran destinados, la reproducci\u00f3n total o parcial, uso,<br \/>explotaci\u00f3n, distribuci\u00f3n y comercializaci\u00f3n, requiere en todo caso la autorizaci\u00f3n escrita previa por<br \/>parte del RESPONSABLE. Cualquier uso no autorizado previamente se considera un incumplimiento<br \/>grave de los derechos de propiedad intelectual o industrial del autor.<br \/>Los dise\u00f1os, logotipos, texto y\/o gr\u00e1ficos ajenos al RESPONSABLE y que pudieran aparecer en el sitio<br \/>web, pertenecen a sus respectivos propietarios, siendo ellos mismos responsables de cualquier posible<br \/>controversia que pudiera suscitarse respecto a los mismos. El RESPONSABLE autoriza expresamente<br \/>a que terceros puedan redirigir directamente a los contenidos concretos del sitio web, y en todo caso redirigir al sitio web principal de https:\/\/ecoloso.com\/.<br \/>El RESPONSABLE reconoce a favor de sus titulares los correspondientes derechos de propiedad<br \/>intelectual e industrial, no implicando su sola menci\u00f3n o aparici\u00f3n en el sitio web la existencia de<br \/>derechos o responsabilidad alguna sobre los mismos, como tampoco respaldo, patrocinio o<br \/>recomendaci\u00f3n por parte del mismo.<br \/>Para realizar cualquier tipo de observaci\u00f3n respecto a posibles incumplimientos de los derechos de<br \/>propiedad intelectual o industrial, as\u00ed como sobre cualquiera de los contenidos del sitio web, puede<br \/>hacerlo a trav\u00e9s del correo electr\u00f3nico sales@ecoloso.com<\/p>\r\n<p>[\/vc_column_text][vc_column_text]<\/p>\r\n<h2>3. EXENCI\u00d3N DE RESPONSABILIDADES<\/h2>\r\n<p>[\/vc_column_text][vc_column_text css=&#8221;.vc_custom_1636103821244{margin-left: 100px !important;}&#8221;]<\/p>\r\n<p>El RESPONSABLE se exime de cualquier tipo de responsabilidad derivada de la informaci\u00f3n publicada<br \/>en su sitio web siempre que no tenga conocimiento efectivo de que esta informaci\u00f3n haya sido<br \/>manipulada o introducida por un tercero ajeno al mismo o, si lo tiene, haya actuado con diligencia para<br \/>retirar los datos o hacer imposible el acceso a ellos.<br \/>Uso de Cookies<br \/>Este sitio web puede utilizar cookies t\u00e9cnicas (peque\u00f1os archivos de informaci\u00f3n que el servidor env\u00eda<br \/>al ordenador de quien accede a la p\u00e1gina) para llevar a cabo determinadas funciones que son<br \/>consideradas imprescindibles para el correcto funcionamiento y visualizaci\u00f3n del sitio. Las cookies<br \/>utilizadas tienen, en todo caso, car\u00e1cter temporal, con la \u00fanica finalidad de hacer m\u00e1s eficaz la<br \/>navegaci\u00f3n, y desaparecen al terminar la sesi\u00f3n del usuario. En ning\u00fan caso, estas cookies<br \/>proporcionan por s\u00ed mismas datos de car\u00e1cter personal y no se utilizar\u00e1n para la recogida de los<br \/>mismos.<br \/>Mediante el uso de cookies tambi\u00e9n es posible que el servidor donde se encuentra la web reconozca el<br \/>navegador utilizado por el usuario con la finalidad de que la navegaci\u00f3n sea m\u00e1s sencilla, permitiendo,<br \/>por ejemplo, el acceso de los usuarios que se hayan registrado previamente a las \u00e1reas, servicios,<br \/>promociones o concursos reservados exclusivamente a ellos sin tener que registrarse en cada visita.<br \/>Tambi\u00e9n se pueden utilizar para medir la audiencia, par\u00e1metros de tr\u00e1fico, controlar el progreso y<br \/>n\u00famero de entradas, etc., siendo en estos casos cookies prescindibles t\u00e9cnicamente, pero<br \/>beneficiosas para el usuario. Este sitio web no instalar\u00e1 cookies prescindibles sin el consentimiento<br \/>previo del usuario.<br \/>El usuario tiene la posibilidad de configurar su navegador para ser alertado de la recepci\u00f3n de cookies<br \/>y para impedir su instalaci\u00f3n en su equipo. Por favor, consulte las instrucciones de su navegador para<br \/>ampliar esta informaci\u00f3n.<br \/>Pol\u00edtica de enlaces<br \/>Desde el sitio web, es posible que se redirija a contenidos de terceros sitios web. Dado que el<br \/>RESPONSABLE no puede controlar siempre los contenidos introducidos por terceros en sus<br \/>respectivos sitios web, no asume ning\u00fan tipo de responsabilidad respecto a dichos contenidos. En todo<br \/>caso, proceder\u00e1 a la retirada inmediata de cualquier contenido que pudiera contravenir la legislaci\u00f3n<br \/>nacional o internacional, la moral o el orden p\u00fablico, procediendo a la retirada inmediata de la<br \/>redirecci\u00f3n a dicho sitio web, poniendo en conocimiento de las autoridades competentes el contenido<br \/>en cuesti\u00f3n.<br \/>El RESPONSABLE no se hace responsable de la informaci\u00f3n y contenidos almacenados, a t\u00edtulo<br \/>enunciativo pero no limitativo, en foros, chats, generadores de blogs, comentarios, redes sociales o<br \/>cualquier otro medio que permita a terceros publicar contenidos de forma independiente en la p\u00e1gina<br \/>web del RESPONSABLE. Sin embargo, y en cumplimiento de lo dispuesto en los art\u00edculos 11 y 16 de<br \/>la LSSICE, se pone a disposici\u00f3n de todos los usuarios, autoridades y fuerzas de seguridad, colaborando de forma activa en la retirada o, en su caso, bloqueo de todos aquellos contenidos que<br \/>puedan afectar o contravenir la legislaci\u00f3n nacional o internacional, los derechos de terceros o la moral<br \/>y el orden p\u00fablico. En caso de que el usuario considere que existe en el sitio web alg\u00fan contenido que<br \/>pudiera ser susceptible de esta clasificaci\u00f3n, se ruega lo notifique de forma inmediata al administrador<br \/>del sitio web.<br \/>Este sitio web se ha revisado y probado para que funcione correctamente. En principio, puede<br \/>garantizarse el correcto funcionamiento los 365 d\u00edas del a\u00f1o, 24 horas al d\u00eda. Sin embargo, el<br \/>RESPONSABLE no descarta la posibilidad de que existan ciertos errores de programaci\u00f3n, o que<br \/>acontezcan causas de fuerza mayor, cat\u00e1strofes naturales, huelgas o circunstancias semejantes que<br \/>hagan imposible el acceso a la p\u00e1gina web.<br \/>Direcciones IP<br \/>Los servidores del sitio web podr\u00e1n detectar de manera autom\u00e1tica la direcci\u00f3n IP y el nombre de<br \/>dominio utilizados por el usuario. Una direcci\u00f3n IP es un n\u00famero asignado autom\u00e1ticamente a un<br \/>ordenador cuando este se conecta a Internet. Toda esta informaci\u00f3n se registra en un fichero de<br \/>actividad del servidor que permite el posterior procesamiento de los datos con el fin de obtener<br \/>mediciones \u00fanicamente estad\u00edsticas que permitan conocer el n\u00famero de impresiones de p\u00e1ginas, el<br \/>n\u00famero de visitas realizadas a los servidores web, el orden de visitas, el punto de acceso, etc.<\/p>\r\n<p>[\/vc_column_text][vc_column_text]<\/p>\r\n<h2>4. LEY APLICABLE Y JURISDICCI\u00d3N<\/h2>\r\n<p>[\/vc_column_text][vc_column_text css=&#8221;.vc_custom_1636103832770{margin-left: 100px !important;}&#8221;]<\/p>\r\n<p>Para la resoluci\u00f3n de todas las controversias o cuestiones relacionadas con el presente sitio web o de<br \/>las actividades en \u00e9l desarrolladas, ser\u00e1 de aplicaci\u00f3n la legislaci\u00f3n espa\u00f1ola, a la que se someten<br \/>expresamente las partes, siendo competentes para la resoluci\u00f3n de todos los conflictos derivados o<br \/>relacionados con su uso los Juzgados y Tribunales del domicilio del USUARIO o el lugar del<br \/>cumplimiento de la obligaci\u00f3n.<\/p>\r\n<p>[\/vc_column_text][\/vc_column][\/vc_row][vc_row][vc_column][vc_column_text css=&#8221;.vc_custom_1636274314439{margin-bottom: 20px !important;}&#8221;]<\/p>\r\n<h2 style=\"text-align: left;\">VIDEOTUTORIALES DE LA AEPD<br \/>PARA AYUDAR A CONFIGURAR<br \/>LAS OPCIONES DE PRIVACIDAD EN INTERNET<\/h2>\r\n<p>[\/vc_column_text][vc_column_text css=&#8221;.vc_custom_1636274370753{margin-left: 100px !important;}&#8221;]<\/p>\r\n<p>La <strong>Agencia Espa\u00f1ola de Protecci\u00f3n de Datos<\/strong> (AEPD) tiene publicados en Youtube diversos videotutoriales para ayudar a los usuarios a configurar paso a paso las opciones de privacidad en sistemas operativos, navegadores, redes sociales y apps m\u00e1s utilizadas:<\/p>\r\n<p><a href=\"https:\/\/www.youtube.com\/playlist?list=PLUjcI9KR6XDCZKyvztYfIJQX8in_Pn_6S\"><strong>Videotutoriales<\/strong><\/a><\/p>\r\n<p>Los v\u00eddeos se inician con una breve introducci\u00f3n explicando qu\u00e9 es y para qu\u00e9 se utiliza cada servicio. A continuaci\u00f3n, realizan un detallado repaso que gu\u00eda a los usuarios paso a paso a trav\u00e9s de las opciones de configuraci\u00f3n de privacidad y seguridad de cada uno de estos servicios, ofreciendo recomendaciones para optar por el mayor grado de privacidad posible.<\/p>\r\n<p>Algunas de las opciones que se abordan en los v\u00eddeos son: cambiar los ajustes para que solo nuestros contactos puedan ver nuestra foto de perfil o inhabilitar la hora de nuestra \u00faltima conexi\u00f3n en WhatsApp, administrar qui\u00e9n puede ver la actividad de nuestro perfil en Facebook y de qu\u00e9 manera pueden encontrarnos y ponerse en contacto con nosotros el resto de usuarios, o activar la opci\u00f3n \u00abcuenta privada\u00bb en TikTok para que solo los usuarios que aprobemos puedan seguirnos y ver los v\u00eddeos que publicamos.<\/p>\r\n<p>Los videotutoriales publicados son:<br \/>Sistemas operativos: Android \/ iOS<br \/>Navegadores: Chrome \/ Edge \/ Firefox<br \/>Redes sociales: Facebook \/ Instagram \/ TikTok \/ Twitter<br \/>Apps: Telegram \/ WhatsApp<\/p>\r\n<p>[\/vc_column_text][\/vc_column][\/vc_row]<\/p>","protected":false},"excerpt":{"rendered":"<p>[vc_row][vc_column][vc_column_text]<\/p>\n<p>\n[\/vc_column_text][\/vc_column][\/vc_row][vc_row][vc_column][vc_row_inner][vc_column_inner width=&#8221;1\/2&#8243;][vc_column_text]<br \/>\nConnected Logistics Solutions SL<br \/>\n[\/vc_column_text][\/vc_column_inner][vc_column_inner width=&#8221;1\/2&#8243;][vc_gallery type=&#8221;image_grid&#8221; images=&#8221;3426&#8243; onclick=&#8221;&#8221; css=&#8221;.vc_custom_1636026954224{margin-top: -50px !important;margin-left: 300px !important;}&#8221;][\/vc_column_inner][\/vc_row_inner][vc_column_text css=&#8221;.vc_custom_1636214737911{margin-bottom: 20px !important;}&#8221;]<br \/>\nLEY DE LOS SERVICIOS DE LA SOCIEDAD DE LA INFORMACI\u00d3N (LSSI)<br \/>\n[\/vc_column_text][vc_column_text css=&#8221;.vc_custom_1636214685193{margin-left: 100px !important;}&#8221;]<br \/>\nConnected Logistics Solutions SL, responsable del sitio web, en adelante RESPONSABLE, pone adisposici\u00f3n <\/p>\n","protected":false},"author":1,"featured_media":0,"parent":0,"menu_order":0,"comment_status":"closed","ping_status":"closed","template":"","meta":[],"yoast_head":"<!-- This site is optimized with the Yoast SEO plugin v18.4.1 - https:\/\/yoast.com\/wordpress\/plugins\/seo\/ -->\n<title>Aviso legal<\/title>\n<meta name=\"description\" content=\"Aviso legal. Los datos de contacto de nuestra sede que incluyen direccion telefono correo electronico para facilitar el contacto con nosotros\" \/>\n<meta name=\"robots\" content=\"noindex, nofollow\" \/>\n<meta property=\"og:locale\" content=\"es_ES\" \/>\n<meta property=\"og:type\" content=\"article\" \/>\n<meta property=\"og:title\" content=\"Aviso legal\" \/>\n<meta property=\"og:description\" content=\"Aviso legal. Los datos de contacto de nuestra sede que incluyen direccion telefono correo electronico para facilitar el contacto con nosotros\" \/>\n<meta property=\"og:url\" content=\"https:\/\/ecoloso.com\/es\/aviso-legal\/\" \/>\n<meta property=\"og:site_name\" content=\"eColoso\" \/>\n<meta property=\"article:modified_time\" content=\"2025-07-16T08:36:37+00:00\" \/>\n<meta name=\"twitter:card\" content=\"summary_large_image\" \/>\n<meta name=\"twitter:label1\" content=\"Tiempo de lectura\" \/>\n\t<meta name=\"twitter:data1\" content=\"9 minutos\" \/>\n<script type=\"application\/ld+json\" class=\"yoast-schema-graph\">{\"@context\":\"https:\/\/schema.org\",\"@graph\":[{\"@type\":\"Organization\",\"@id\":\"https:\/\/ecoloso.com\/#organization\",\"name\":\"eColoso\",\"url\":\"https:\/\/ecoloso.com\/\",\"sameAs\":[],\"logo\":{\"@type\":\"ImageObject\",\"@id\":\"https:\/\/ecoloso.com\/#logo\",\"inLanguage\":\"es\",\"url\":\"https:\/\/ecoloso.com\/wp-content\/uploads\/2021\/10\/logo-ecoloso-200x200-1.png\",\"contentUrl\":\"https:\/\/ecoloso.com\/wp-content\/uploads\/2021\/10\/logo-ecoloso-200x200-1.png\",\"width\":200,\"height\":188,\"caption\":\"eColoso\"},\"image\":{\"@id\":\"https:\/\/ecoloso.com\/#logo\"}},{\"@type\":\"WebSite\",\"@id\":\"https:\/\/ecoloso.com\/#website\",\"url\":\"https:\/\/ecoloso.com\/\",\"name\":\"eColoso\",\"description\":\"Ecommerce Returns Handling Distribution\",\"publisher\":{\"@id\":\"https:\/\/ecoloso.com\/#organization\"},\"potentialAction\":[{\"@type\":\"SearchAction\",\"target\":{\"@type\":\"EntryPoint\",\"urlTemplate\":\"https:\/\/ecoloso.com\/?s={search_term_string}\"},\"query-input\":\"required name=search_term_string\"}],\"inLanguage\":\"es\"},{\"@type\":\"WebPage\",\"@id\":\"https:\/\/ecoloso.com\/es\/aviso-legal\/#webpage\",\"url\":\"https:\/\/ecoloso.com\/es\/aviso-legal\/\",\"name\":\"Aviso legal\",\"isPartOf\":{\"@id\":\"https:\/\/ecoloso.com\/#website\"},\"datePublished\":\"2021-11-05T09:02:54+00:00\",\"dateModified\":\"2025-07-16T08:36:37+00:00\",\"description\":\"Aviso legal. Los datos de contacto de nuestra sede que incluyen direccion telefono correo electronico para facilitar el contacto con nosotros\",\"breadcrumb\":{\"@id\":\"https:\/\/ecoloso.com\/es\/aviso-legal\/#breadcrumb\"},\"inLanguage\":\"es\",\"potentialAction\":[{\"@type\":\"ReadAction\",\"target\":[\"https:\/\/ecoloso.com\/es\/aviso-legal\/\"]}]},{\"@type\":\"BreadcrumbList\",\"@id\":\"https:\/\/ecoloso.com\/es\/aviso-legal\/#breadcrumb\",\"itemListElement\":[{\"@type\":\"ListItem\",\"position\":1,\"name\":\"Home\",\"item\":\"https:\/\/ecoloso.com\/es\/\"},{\"@type\":\"ListItem\",\"position\":2,\"name\":\"Aviso Legal\"}]}]}<\/script>\n<!-- \/ Yoast SEO plugin. -->","yoast_head_json":{"title":"Aviso legal","description":"Aviso legal. Los datos de contacto de nuestra sede que incluyen direccion telefono correo electronico para facilitar el contacto con nosotros","robots":{"index":"noindex","follow":"nofollow"},"og_locale":"es_ES","og_type":"article","og_title":"Aviso legal","og_description":"Aviso legal. Los datos de contacto de nuestra sede que incluyen direccion telefono correo electronico para facilitar el contacto con nosotros","og_url":"https:\/\/ecoloso.com\/es\/aviso-legal\/","og_site_name":"eColoso","article_modified_time":"2025-07-16T08:36:37+00:00","twitter_card":"summary_large_image","twitter_misc":{"Tiempo de lectura":"9 minutos"},"schema":{"@context":"https:\/\/schema.org","@graph":[{"@type":"Organization","@id":"https:\/\/ecoloso.com\/#organization","name":"eColoso","url":"https:\/\/ecoloso.com\/","sameAs":[],"logo":{"@type":"ImageObject","@id":"https:\/\/ecoloso.com\/#logo","inLanguage":"es","url":"https:\/\/ecoloso.com\/wp-content\/uploads\/2021\/10\/logo-ecoloso-200x200-1.png","contentUrl":"https:\/\/ecoloso.com\/wp-content\/uploads\/2021\/10\/logo-ecoloso-200x200-1.png","width":200,"height":188,"caption":"eColoso"},"image":{"@id":"https:\/\/ecoloso.com\/#logo"}},{"@type":"WebSite","@id":"https:\/\/ecoloso.com\/#website","url":"https:\/\/ecoloso.com\/","name":"eColoso","description":"Ecommerce Returns Handling Distribution","publisher":{"@id":"https:\/\/ecoloso.com\/#organization"},"potentialAction":[{"@type":"SearchAction","target":{"@type":"EntryPoint","urlTemplate":"https:\/\/ecoloso.com\/?s={search_term_string}"},"query-input":"required name=search_term_string"}],"inLanguage":"es"},{"@type":"WebPage","@id":"https:\/\/ecoloso.com\/es\/aviso-legal\/#webpage","url":"https:\/\/ecoloso.com\/es\/aviso-legal\/","name":"Aviso legal","isPartOf":{"@id":"https:\/\/ecoloso.com\/#website"},"datePublished":"2021-11-05T09:02:54+00:00","dateModified":"2025-07-16T08:36:37+00:00","description":"Aviso legal. Los datos de contacto de nuestra sede que incluyen direccion telefono correo electronico para facilitar el contacto con nosotros","breadcrumb":{"@id":"https:\/\/ecoloso.com\/es\/aviso-legal\/#breadcrumb"},"inLanguage":"es","potentialAction":[{"@type":"ReadAction","target":["https:\/\/ecoloso.com\/es\/aviso-legal\/"]}]},{"@type":"BreadcrumbList","@id":"https:\/\/ecoloso.com\/es\/aviso-legal\/#breadcrumb","itemListElement":[{"@type":"ListItem","position":1,"name":"Home","item":"https:\/\/ecoloso.com\/es\/"},{"@type":"ListItem","position":2,"name":"Aviso Legal"}]}]}},"_links":{"self":[{"href":"https:\/\/ecoloso.com\/es\/wp-json\/wp\/v2\/pages\/3658"}],"collection":[{"href":"https:\/\/ecoloso.com\/es\/wp-json\/wp\/v2\/pages"}],"about":[{"href":"https:\/\/ecoloso.com\/es\/wp-json\/wp\/v2\/types\/page"}],"author":[{"embeddable":true,"href":"https:\/\/ecoloso.com\/es\/wp-json\/wp\/v2\/users\/1"}],"replies":[{"embeddable":true,"href":"https:\/\/ecoloso.com\/es\/wp-json\/wp\/v2\/comments?post=3658"}],"version-history":[{"count":14,"href":"https:\/\/ecoloso.com\/es\/wp-json\/wp\/v2\/pages\/3658\/revisions"}],"predecessor-version":[{"id":3708,"href":"https:\/\/ecoloso.com\/es\/wp-json\/wp\/v2\/pages\/3658\/revisions\/3708"}],"wp:attachment":[{"href":"https:\/\/ecoloso.com\/es\/wp-json\/wp\/v2\/media?parent=3658"}],"curies":[{"name":"wp","href":"https:\/\/api.w.org\/{rel}","templated":true}]}}