{"id":3677,"date":"2021-11-07T05:58:22","date_gmt":"2021-11-07T05:58:22","guid":{"rendered":"https:\/\/ecoloso.com\/?page_id=3677"},"modified":"2025-07-16T08:39:41","modified_gmt":"2025-07-16T08:39:41","slug":"politica-de-cookies","status":"publish","type":"page","link":"https:\/\/ecoloso.com\/es\/politica-de-cookies\/","title":{"rendered":"Pol\u00edtica de Cookies"},"content":{"rendered":"<p>[vc_row][vc_column]<div class=\"heading  \" >\n\t\t\t<h2 >POL\u00cdTICA DE COOKIES<\/h2>\n\t\t\t<div  style=\"display: block; \"><div class=\"line\" ><\/div><\/div>\n\t\t\t\n\t\t\t\n\t\t<\/div>[vc_row_inner][vc_column_inner width=&#8221;1\/2&#8243;][vc_column_text]<\/p>\n<h3>Connected Logistics Solutions SL<\/h3>\n<p>[\/vc_column_text][\/vc_column_inner][vc_column_inner width=&#8221;1\/2&#8243;][vc_gallery type=&#8221;image_grid&#8221; images=&#8221;3426&#8243; onclick=&#8221;&#8221; css=&#8221;.vc_custom_1636026954224{margin-top: -50px !important;margin-left: 300px !important;}&#8221;][\/vc_column_inner][\/vc_row_inner][vc_column_text]<\/p>\n<h2>INFORMACI\u00d3N SOBRE COOKIES<\/h2>\n<p>[\/vc_column_text][vc_column_text css=&#8221;.vc_custom_1636264841424{margin-left: 100px !important;}&#8221;]Conforme con la Ley 34\/2002, de 11 de julio, de servicios de la sociedad de la informaci\u00f3n y de comercio electr\u00f3nico<br \/>\n(LSSI), en relaci\u00f3n con el Reglamento (UE) 2016\/679 del Parlamento Europeo y del Consejo, de 27 de abril de 2016,<br \/>\nGeneral de Protecci\u00f3n de Datos (GDPR) y la Ley Org\u00e1nica 3\/2018, de 5 de diciembre, de Protecci\u00f3n de Datos y Garant\u00eda<br \/>\nde los Derechos Digitales (LOPDGDD), es obligado obtener el consentimiento expreso del usuario de todas las p\u00e1ginas<br \/>\nweb que usan cookies prescindibles, antes de que este navegue por ellas[\/vc_column_text][vc_column_text]<\/p>\n<h2>\u00bfQU\u00c9 SON LAS COOKIES?<\/h2>\n<p>[\/vc_column_text][vc_column_text css=&#8221;.vc_custom_1636264888697{margin-left: 100px !important;}&#8221;]Las cookies y otras tecnolog\u00edas similares tales como local shared objects, flash cookies o p\u00edxeles, son herramientas<br \/>\nempleadas por los servidores Web para almacenar y recuperar informaci\u00f3n acerca de sus visitantes, as\u00ed como para ofrecer<br \/>\nun correcto funcionamiento del sitio.<br \/>\nMediante el uso de estos dispositivos se permite al servidor Web recordar algunos datos concernientes al usuario, como<br \/>\nsus preferencias para la visualizaci\u00f3n de las p\u00e1ginas de ese servidor, nombre y contrase\u00f1a, productos que m\u00e1s le<br \/>\ninteresan, etc.[\/vc_column_text][vc_column_text]<\/p>\n<h2>COOKIES AFECTADAS POR LA NORMATIVA Y COOKIES EXCEPTUADAS<\/h2>\n<p>[\/vc_column_text][vc_column_text]<\/p>\n<h2>TIPOS DE COOKIES<\/h2>\n<p>[\/vc_column_text][vc_column_text css=&#8221;.vc_custom_1636264947383{margin-left: 100px !important;}&#8221;]Seg\u00fan la directiva de la UE, las cookies que requieren el consentimiento informado por parte del usuario son las cookies de<br \/>\nanal\u00edtica y las de publicidad y afiliaci\u00f3n, quedando exceptuadas las de car\u00e1cter t\u00e9cnico y las necesarias para el<br \/>\nfuncionamiento del sitio web o la prestaci\u00f3n de servicios expresamente solicitados por el usuario.[\/vc_column_text][vc_column_text]<\/p>\n<h2>SEG\u00daN LA FINALIDAD<\/h2>\n<p>[\/vc_column_text][vc_column_text css=&#8221;.vc_custom_1636265194649{margin-left: 100px !important;}&#8221;]Cookies t\u00e9cnicas y funcionales: son aquellas que permiten al usuario la navegaci\u00f3n a trav\u00e9s de una p\u00e1gina web, plataforma o aplicaci\u00f3n y la utilizaci\u00f3n de las diferentes opciones o servicios que en ella existan.<\/p>\n<p>Cookies anal\u00edticas: son aquellas que permiten al responsable de las mismas el seguimiento y an\u00e1lisis del comportamiento de los usuarios de los sitios web a los que est\u00e1n vinculadas. La informaci\u00f3n recogida mediante este tipo de cookies se utiliza en la medici\u00f3n de la actividad de los sitios web, aplicaci\u00f3n o plataforma y para la elaboraci\u00f3n de perfiles de navegaci\u00f3n de los usuarios de dichos sitios, aplicaciones y plataformas, con el fin de introducir mejoras en funci\u00f3n del an\u00e1lisis de los datos de uso que hacen los usuarios del servicio.<\/p>\n<p>Cookies publicitarias: son aquellas que permiten la gesti\u00f3n, de la forma m\u00e1s eficaz posible, de los espacios publicitarios que, en su caso, el editor haya incluido en una p\u00e1gina web, aplicaci\u00f3n o plataforma desde la que presta el servicio solicitado en base a criterios como el contenido editado o la frecuencia en la que se muestran los anuncios.<\/p>\n<p>Cookies de publicidad comportamental: recogen informaci\u00f3n sobre las preferencias y elecciones personales del usuario (retargeting) para permitir la gesti\u00f3n, de la forma m\u00e1s eficaz posible, de los espacios publicitarios que, en su caso, el editor haya incluido en una p\u00e1gina web, aplicaci\u00f3n o plataforma desde la que presta el servicio solicitado.<\/p>\n<p>Cookies sociales: son establecidas por las plataformas de redes sociales en los servicios para permitirle compartir contenido con sus amigos y redes. Las plataformas de medios sociales tienen la capacidad de rastrear su actividad en l\u00ednea fuera de los Servicios. Esto puede afectar al contenido y los mensajes que ve en otros servicios que visita.<\/p>\n<p>Cookies de afiliados: permiten hacer un seguimiento de las visitas procedentes de otras webs, con las que el sitio web establece un contrato de afiliaci\u00f3n (empresas de afiliaci\u00f3n).<\/p>\n<p>Cookies de seguridad: almacenan informaci\u00f3n cifrada para evitar que los datos guardados en ellas sean vulnerables a ataques maliciosos de terceros.[\/vc_column_text][vc_column_text]<\/p>\n<h2>SEG\u00daN LA PROPIEDAD<\/h2>\n<p>[\/vc_column_text][vc_column_text css=&#8221;.vc_custom_1636265282812{margin-left: 100px !important;}&#8221;]Cookies propias: son aquellas que se env\u00edan al equipo terminal del usuario desde un equipo o dominio gestionado por el propio editor y desde el que se presta el servicio solicitado por el usuario.<\/p>\n<p>Cookies de terceros: son aquellas que se env\u00edan al equipo terminal del usuario desde un equipo o dominio que no es gestionado por el editor, sino por otra entidad que trata los datos obtenidos trav\u00e9s de las cookies.[\/vc_column_text][vc_column_text]<\/p>\n<h2>SEG\u00daN EL PLAZO DE CONSERVACI\u00d3N<\/h2>\n<p>[\/vc_column_text][vc_column_text css=&#8221;.vc_custom_1636265362557{margin-left: 100px !important;}&#8221;]Cookies de sesi\u00f3n: son un tipo de cookies dise\u00f1adas para recabar y almacenar datos mientras el usuario accede a una p\u00e1gina web.<\/p>\n<p>Cookies persistentes: son un tipo de cookies en el que los datos siguen almacenados en el terminal y pueden ser accedidos y tratados durante un per\u00edodo definido por el responsable de la cookie, y que puede ir de unos minutos a varios a\u00f1os.[\/vc_column_text][vc_column_text]<\/p>\n<h1>TRATAMIENTO DE DATOS PERSONALES<\/h1>\n<p>[\/vc_column_text][vc_column_text css=&#8221;.vc_custom_1636265676669{margin-left: 100px !important;}&#8221;]Connected Logistics Solutions SL es el Responsable del tratamiento de los datos personales del Interesado y le informa de que estos datos ser\u00e1n tratados de conformidad con lo dispuesto en el Reglamento (UE) 2016\/679, de 27 de abril de 2016 (GDPR), por lo que se le facilita la siguiente informaci\u00f3n del tratamiento:<\/p>\n<p>&nbsp;<\/p>\n<p>Fines del tratamiento: seg\u00fan se especifica en el apartado de cookies que se utilizan en este sitio web.<\/p>\n<p>Legitimaci\u00f3n del tratamiento: por consentimiento del interesado (art. 6.1 GDPR).<\/p>\n<p>Criterios de conservaci\u00f3n de los datos: seg\u00fan se especifica en el apartado de cookies utilizadas en la web.<\/p>\n<p>Comunicaci\u00f3n de los datos: no se comunicar\u00e1n los datos a terceros, excepto en cookies propiedad de terceros o por obligaci\u00f3n legal.<\/p>\n<p>Derechos que asisten al Interesado:<br \/>\n&#8211; Derecho a retirar el consentimiento en cualquier momento.<br \/>\n&#8211; Derecho de acceso, rectificaci\u00f3n, portabilidad y supresi\u00f3n de sus datos, y de limitaci\u00f3n u oposici\u00f3n a su tratamiento.<br \/>\n&#8211; Derecho a presentar una reclamaci\u00f3n ante la Autoridad de control (www.aepd.es) si considera que el tratamiento no se ajusta a la normativa vigente.<\/p>\n<p>Datos de contacto para ejercer sus derechos:<br \/>\nConnected Logistics Solutions SL. Calle Narcis Monturiol, 41 &#8211; 29603 Marbella (M\u00e1laga). E-mail: sales@ecoloso.com[\/vc_column_text][vc_column_text]<\/p>\n<h2>COOKIES UTILIZADAS EN ESTE SITIO WEB<\/h2>\n<p>[\/vc_column_text][vc_column_text]<\/p>\n<h2>COOKIES CONTROLADAS POR EL EDITOR<\/h2>\n<p>[\/vc_column_text][vc_column_text css=&#8221;.vc_custom_1636275125663{margin-left: 100px !important;}&#8221;]Propiedad: ecoloso.com<\/p>\n<p>Cookie:\u00a0 vchideactivationmsg<\/p>\n<p>Finalidad: Cookie necesaria para la utilizaci\u00f3n de las opciones y<br \/>\nservicios del sitio web<\/p>\n<p>Plazo: 3 a\u00f1os[\/vc_column_text][vc_column_text]<\/p>\n<h2>COOKIES DE TERCEROS<\/h2>\n<p>[\/vc_column_text][vc_column_text css=&#8221;.vc_custom_1636275135262{margin-left: 100px !important;}&#8221;]Los servicios de terceros son ajenos al control del editor. Los proveedores pueden modificar en todo momento sus<br \/>\ncondiciones de servicio, finalidad y utilizaci\u00f3n de las cookies, etc.<br \/>\nProveedores externos de este sitio web:<br \/>\nNo se instalan cookies controladas por terceros[\/vc_column_text][vc_column_text]<\/p>\n<h2>PANEL DE CONFIGURACI\u00d3N DE COOKIES<\/h2>\n<p>[\/vc_column_text][vc_column_text css=&#8221;.vc_custom_1636275161652{margin-left: 100px !important;}&#8221;]Desde este panel podr\u00e1 configurar las cookies que el sitio web puede instalar en su navegador, excepto las cookies t\u00e9cnicas o funcionales que son necesarias para la navegaci\u00f3n y la utilizaci\u00f3n de las diferentes opciones o servicios que se ofrecen.[\/vc_column_text][vc_column_text]<\/p>\n<h2>C\u00d3MO GESTIONAR LAS COOKIES DESDE EL NAVEGADOR<\/h2>\n<p>[\/vc_column_text][vc_column_text css=&#8221;.vc_custom_1636275169864{margin-left: 100px !important;}&#8221;]<strong>Eliminar las cookies del dispositivo<\/strong><br \/>\nLas cookies que ya est\u00e1n en un dispositivo se pueden eliminar borrando el historial del navegador, con lo que se suprimen las cookies de todos los sitios web visitados. Sin embargo, tambi\u00e9n se puede perder parte de la informaci\u00f3n guardada (por ejemplo, los datos de inicio de sesi\u00f3n o las preferencias de sitio web).<\/p>\n<p><strong>Gestionar las cookies espec\u00edficas <\/strong><strong>del sitio<\/strong><br \/>\nPara tener un control m\u00e1s preciso de las cookies espec\u00edficas de cada sitio, los usuarios pueden ajustar su configuraci\u00f3n de privacidad y cookies en el navegador.<\/p>\n<p><strong>Bloquear las cookies<\/strong><br \/>\nAunque la mayor\u00eda de los navegadores modernos se pueden configurar para evitar que se instalen cookies en los dispositivos, eso puede obligar al ajuste manual de determinadas preferencias cada vez que se visite un sitio o p\u00e1gina. Adem\u00e1s, algunos servicios y caracter\u00edsticas pueden no funcionar correctamente (por ejemplo, los inicios de<br \/>\nsesi\u00f3n con perfil).[\/vc_column_text][vc_column_text]<\/p>\n<h2>C\u00d3MO ELIMINAR LAS COOKIES DE LOS NAVEGADORES M\u00c1S COMUNES<\/h2>\n<p>[\/vc_column_text][vc_column_text css=&#8221;.vc_custom_1636275180024{margin-left: 100px !important;}&#8221;]<strong>Chrome<\/strong> <a href=\"http:\/\/support.google.com\/chrome\/answer\/95647?hl=es\">http:\/\/support.google.com\/chrome\/answer\/95647?hl=es<\/a><\/p>\n<p><strong>Internet Explorer<\/strong>. Versi\u00f3n 11 <a href=\"https:\/\/support.microsoft.com\/es-es\/help\/278835\/how-to-delete-cookie-files-in-internet-explorer\">https:\/\/support.microsoft.com\/es-es\/help\/278835\/how-to-delete-cookie-files-in-internet-explorer<\/a><\/p>\n<p><strong>Firefox<\/strong>. Versi\u00f3n 65.0.1 <a href=\"https:\/\/www.mozilla.org\/es-ES\/privacy\/websites\/#cookies\">https:\/\/www.mozilla.org\/es-ES\/privacy\/websites\/#cookies<\/a><\/p>\n<p><strong>Safari<\/strong> Versi\u00f3n 5.1 <a href=\"https:\/\/support.apple.com\/es-es\/guide\/safari\/sfri11471\/mac\">https:\/\/support.apple.com\/es-es\/guide\/safari\/sfri11471\/mac<\/a><\/p>\n<p><strong>Opera<\/strong> <a href=\"https:\/\/help.opera.com\/en\/latest\/security-and-privacy\/#clearBrowsingData\">https:\/\/help.opera.com\/en\/latest\/security-and-privacy\/#clearBrowsingData<\/a>[\/vc_column_text][\/vc_column][\/vc_row][vc_row][vc_column][vc_column_text]<\/p>\n<h2 style=\"text-align: left;\">VIDEOTUTORIALES DE LA AEPD<br \/>\nPARA AYUDAR A CONFIGURAR<br \/>\nLAS OPCIONES DE PRIVACIDAD EN INTERNET<\/h2>\n<p>[\/vc_column_text][vc_column_text css=&#8221;.vc_custom_1636275189952{margin-left: 100px !important;}&#8221;]La <strong>Agencia Espa\u00f1ola de Protecci\u00f3n de Datos<\/strong> (AEPD) tiene publicados en Youtube diversos videotutoriales para ayudar a los usuarios a configurar paso a paso las opciones de privacidad en sistemas operativos, navegadores, redes sociales y apps m\u00e1s utilizadas:<\/p>\n<p><a href=\"https:\/\/www.youtube.com\/playlist?list=PLUjcI9KR6XDCZKyvztYfIJQX8in_Pn_6S\"><strong>Videotutoriales<\/strong><\/a><\/p>\n<p>Los v\u00eddeos se inician con una breve introducci\u00f3n explicando qu\u00e9 es y para qu\u00e9 se utiliza cada servicio. A continuaci\u00f3n, realizan un detallado repaso que gu\u00eda a los usuarios paso a paso a trav\u00e9s de las opciones de configuraci\u00f3n de privacidad y seguridad de cada uno de estos servicios, ofreciendo recomendaciones para optar por el mayor grado de privacidad posible.<\/p>\n<p>Algunas de las opciones que se abordan en los v\u00eddeos son: cambiar los ajustes para que solo nuestros contactos puedan ver nuestra foto de perfil o inhabilitar la hora de nuestra \u00faltima conexi\u00f3n en WhatsApp, administrar qui\u00e9n puede ver la actividad de nuestro perfil en Facebook y de qu\u00e9 manera pueden encontrarnos y ponerse en contacto con nosotros el resto de usuarios, o activar la opci\u00f3n \u00abcuenta privada\u00bb en TikTok para que solo los usuarios que aprobemos puedan seguirnos y ver los v\u00eddeos que publicamos.<\/p>\n<p>Los videotutoriales publicados son:<br \/>\nSistemas operativos: Android \/ iOS<br \/>\nNavegadores: Chrome \/ Edge \/ Firefox<br \/>\nRedes sociales: Facebook \/ Instagram \/ TikTok \/ Twitter<br \/>\nApps: Telegram \/ WhatsApp[\/vc_column_text][\/vc_column][\/vc_row]<\/p>\n","protected":false},"excerpt":{"rendered":"<p>[vc_row][vc_column][vc_row_inner][vc_column_inner width=&#8221;1\/2&#8243;][vc_column_text]<br \/>\nConnected Logistics Solutions SL<br \/>\n[\/vc_column_text][\/vc_column_inner][vc_column_inner width=&#8221;1\/2&#8243;][vc_gallery type=&#8221;image_grid&#8221; images=&#8221;3426&#8243; onclick=&#8221;&#8221; css=&#8221;.vc_custom_1636026954224{margin-top: -50px !important;margin-left: 300px !important;}&#8221;][\/vc_column_inner][\/vc_row_inner][vc_column_text]<br \/>\nINFORMACI\u00d3N SOBRE COOKIES<br \/>\n[\/vc_column_text][vc_column_text css=&#8221;.vc_custom_1636264841424{margin-left: 100px !important;}&#8221;]Conforme con la Ley 34\/2002, de 11 de julio, de servicios de la sociedad de la informaci\u00f3n y de comercio electr\u00f3nico<br \/>\n(LSSI), en relaci\u00f3n con el Reglamento (UE) <\/p>\n","protected":false},"author":1,"featured_media":0,"parent":0,"menu_order":0,"comment_status":"closed","ping_status":"closed","template":"","meta":[],"yoast_head":"<!-- This site is optimized with the Yoast SEO plugin v18.4.1 - https:\/\/yoast.com\/wordpress\/plugins\/seo\/ -->\n<title>Politica de cookies<\/title>\n<meta name=\"description\" content=\"Politica de cookies para respetar el derecho a elegir si proponemos paginas o temas similiares a los que usted busca\" \/>\n<meta name=\"robots\" content=\"noindex, nofollow\" \/>\n<meta property=\"og:locale\" content=\"es_ES\" \/>\n<meta property=\"og:type\" content=\"article\" \/>\n<meta property=\"og:title\" content=\"Politica de cookies\" \/>\n<meta property=\"og:description\" content=\"Politica de cookies para respetar el derecho a elegir si proponemos paginas o temas similiares a los que usted busca\" \/>\n<meta property=\"og:url\" content=\"https:\/\/ecoloso.com\/es\/politica-de-cookies\/\" \/>\n<meta property=\"og:site_name\" content=\"eColoso\" \/>\n<meta property=\"article:modified_time\" content=\"2025-07-16T08:39:41+00:00\" \/>\n<meta name=\"twitter:card\" content=\"summary_large_image\" \/>\n<meta name=\"twitter:label1\" content=\"Tiempo de lectura\" \/>\n\t<meta name=\"twitter:data1\" content=\"10 minutos\" \/>\n<script type=\"application\/ld+json\" class=\"yoast-schema-graph\">{\"@context\":\"https:\/\/schema.org\",\"@graph\":[{\"@type\":\"Organization\",\"@id\":\"https:\/\/ecoloso.com\/#organization\",\"name\":\"eColoso\",\"url\":\"https:\/\/ecoloso.com\/\",\"sameAs\":[],\"logo\":{\"@type\":\"ImageObject\",\"@id\":\"https:\/\/ecoloso.com\/#logo\",\"inLanguage\":\"es\",\"url\":\"https:\/\/ecoloso.com\/wp-content\/uploads\/2021\/10\/logo-ecoloso-200x200-1.png\",\"contentUrl\":\"https:\/\/ecoloso.com\/wp-content\/uploads\/2021\/10\/logo-ecoloso-200x200-1.png\",\"width\":200,\"height\":188,\"caption\":\"eColoso\"},\"image\":{\"@id\":\"https:\/\/ecoloso.com\/#logo\"}},{\"@type\":\"WebSite\",\"@id\":\"https:\/\/ecoloso.com\/#website\",\"url\":\"https:\/\/ecoloso.com\/\",\"name\":\"eColoso\",\"description\":\"Ecommerce Returns Handling Distribution\",\"publisher\":{\"@id\":\"https:\/\/ecoloso.com\/#organization\"},\"potentialAction\":[{\"@type\":\"SearchAction\",\"target\":{\"@type\":\"EntryPoint\",\"urlTemplate\":\"https:\/\/ecoloso.com\/?s={search_term_string}\"},\"query-input\":\"required name=search_term_string\"}],\"inLanguage\":\"es\"},{\"@type\":\"WebPage\",\"@id\":\"https:\/\/ecoloso.com\/es\/politica-de-cookies\/#webpage\",\"url\":\"https:\/\/ecoloso.com\/es\/politica-de-cookies\/\",\"name\":\"Politica de cookies\",\"isPartOf\":{\"@id\":\"https:\/\/ecoloso.com\/#website\"},\"datePublished\":\"2021-11-07T05:58:22+00:00\",\"dateModified\":\"2025-07-16T08:39:41+00:00\",\"description\":\"Politica de cookies para respetar el derecho a elegir si proponemos paginas o temas similiares a los que usted busca\",\"breadcrumb\":{\"@id\":\"https:\/\/ecoloso.com\/es\/politica-de-cookies\/#breadcrumb\"},\"inLanguage\":\"es\",\"potentialAction\":[{\"@type\":\"ReadAction\",\"target\":[\"https:\/\/ecoloso.com\/es\/politica-de-cookies\/\"]}]},{\"@type\":\"BreadcrumbList\",\"@id\":\"https:\/\/ecoloso.com\/es\/politica-de-cookies\/#breadcrumb\",\"itemListElement\":[{\"@type\":\"ListItem\",\"position\":1,\"name\":\"Home\",\"item\":\"https:\/\/ecoloso.com\/es\/\"},{\"@type\":\"ListItem\",\"position\":2,\"name\":\"Pol\u00edtica de Cookies\"}]}]}<\/script>\n<!-- \/ Yoast SEO plugin. -->","yoast_head_json":{"title":"Politica de cookies","description":"Politica de cookies para respetar el derecho a elegir si proponemos paginas o temas similiares a los que usted busca","robots":{"index":"noindex","follow":"nofollow"},"og_locale":"es_ES","og_type":"article","og_title":"Politica de cookies","og_description":"Politica de cookies para respetar el derecho a elegir si proponemos paginas o temas similiares a los que usted busca","og_url":"https:\/\/ecoloso.com\/es\/politica-de-cookies\/","og_site_name":"eColoso","article_modified_time":"2025-07-16T08:39:41+00:00","twitter_card":"summary_large_image","twitter_misc":{"Tiempo de lectura":"10 minutos"},"schema":{"@context":"https:\/\/schema.org","@graph":[{"@type":"Organization","@id":"https:\/\/ecoloso.com\/#organization","name":"eColoso","url":"https:\/\/ecoloso.com\/","sameAs":[],"logo":{"@type":"ImageObject","@id":"https:\/\/ecoloso.com\/#logo","inLanguage":"es","url":"https:\/\/ecoloso.com\/wp-content\/uploads\/2021\/10\/logo-ecoloso-200x200-1.png","contentUrl":"https:\/\/ecoloso.com\/wp-content\/uploads\/2021\/10\/logo-ecoloso-200x200-1.png","width":200,"height":188,"caption":"eColoso"},"image":{"@id":"https:\/\/ecoloso.com\/#logo"}},{"@type":"WebSite","@id":"https:\/\/ecoloso.com\/#website","url":"https:\/\/ecoloso.com\/","name":"eColoso","description":"Ecommerce Returns Handling Distribution","publisher":{"@id":"https:\/\/ecoloso.com\/#organization"},"potentialAction":[{"@type":"SearchAction","target":{"@type":"EntryPoint","urlTemplate":"https:\/\/ecoloso.com\/?s={search_term_string}"},"query-input":"required name=search_term_string"}],"inLanguage":"es"},{"@type":"WebPage","@id":"https:\/\/ecoloso.com\/es\/politica-de-cookies\/#webpage","url":"https:\/\/ecoloso.com\/es\/politica-de-cookies\/","name":"Politica de cookies","isPartOf":{"@id":"https:\/\/ecoloso.com\/#website"},"datePublished":"2021-11-07T05:58:22+00:00","dateModified":"2025-07-16T08:39:41+00:00","description":"Politica de cookies para respetar el derecho a elegir si proponemos paginas o temas similiares a los que usted busca","breadcrumb":{"@id":"https:\/\/ecoloso.com\/es\/politica-de-cookies\/#breadcrumb"},"inLanguage":"es","potentialAction":[{"@type":"ReadAction","target":["https:\/\/ecoloso.com\/es\/politica-de-cookies\/"]}]},{"@type":"BreadcrumbList","@id":"https:\/\/ecoloso.com\/es\/politica-de-cookies\/#breadcrumb","itemListElement":[{"@type":"ListItem","position":1,"name":"Home","item":"https:\/\/ecoloso.com\/es\/"},{"@type":"ListItem","position":2,"name":"Pol\u00edtica de Cookies"}]}]}},"_links":{"self":[{"href":"https:\/\/ecoloso.com\/es\/wp-json\/wp\/v2\/pages\/3677"}],"collection":[{"href":"https:\/\/ecoloso.com\/es\/wp-json\/wp\/v2\/pages"}],"about":[{"href":"https:\/\/ecoloso.com\/es\/wp-json\/wp\/v2\/types\/page"}],"author":[{"embeddable":true,"href":"https:\/\/ecoloso.com\/es\/wp-json\/wp\/v2\/users\/1"}],"replies":[{"embeddable":true,"href":"https:\/\/ecoloso.com\/es\/wp-json\/wp\/v2\/comments?post=3677"}],"version-history":[{"count":8,"href":"https:\/\/ecoloso.com\/es\/wp-json\/wp\/v2\/pages\/3677\/revisions"}],"predecessor-version":[{"id":3715,"href":"https:\/\/ecoloso.com\/es\/wp-json\/wp\/v2\/pages\/3677\/revisions\/3715"}],"wp:attachment":[{"href":"https:\/\/ecoloso.com\/es\/wp-json\/wp\/v2\/media?parent=3677"}],"curies":[{"name":"wp","href":"https:\/\/api.w.org\/{rel}","templated":true}]}}