{"id":3689,"date":"2021-11-07T07:53:32","date_gmt":"2021-11-07T07:53:32","guid":{"rendered":"https:\/\/ecoloso.com\/?page_id=3689"},"modified":"2022-05-05T14:00:16","modified_gmt":"2022-05-05T14:00:16","slug":"consentimiento-para-el-tratamiento-de-datos-personales","status":"publish","type":"page","link":"https:\/\/ecoloso.com\/es\/consentimiento-para-el-tratamiento-de-datos-personales\/","title":{"rendered":"Formularios: Consentimiento para el Tratamiento de Datos"},"content":{"rendered":"<p>[vc_row][vc_column]<div class=\"heading  \" >\n\t\t\t<h2 >FORMULARIOS: Consentimiento para el Tratamiento de Datos<\/h2>\n\t\t\t<div  style=\"display: block; \"><div class=\"line\" ><\/div><\/div>\n\t\t\t\n\t\t\t\n\t\t<\/div>[vc_row_inner][vc_column_inner width=&#8221;1\/2&#8243;][vc_column_text]<\/p>\n<h3>Connected Logistics Solutions SL<\/h3>\n<p>[\/vc_column_text][\/vc_column_inner][vc_column_inner width=&#8221;1\/2&#8243;][vc_gallery type=&#8221;image_grid&#8221; images=&#8221;3426&#8243; onclick=&#8221;&#8221; css=&#8221;.vc_custom_1636026954224{margin-top: -50px !important;margin-left: 300px !important;}&#8221;][\/vc_column_inner][\/vc_row_inner][vc_column_text]<\/p>\n<h2>CONSENTIMIENTO PARA EL TRATAMIENTO DE DATOS PERSONALES<\/h2>\n<p>[\/vc_column_text][vc_column_text css=&#8221;.vc_custom_1636282338121{margin-left: 100px !important;}&#8221;]<strong>Connected Logistics Solutions SL<\/strong> es el Responsable del tratamiento de los datos personales del <strong>Usuario<\/strong> y le informa de que estos datos se tratar\u00e1n de conformidad con lo dispuesto en el <strong>Reglamento<\/strong><br \/>\n<strong>(UE) 2016\/679, de 27 de abril (GDPR)<\/strong>, y l<strong>a Ley Org\u00e1nica 3\/2018, de 5 de diciembre (LOPDGDD<\/strong>), por lo que se le facilita la siguiente informaci\u00f3n del tratamiento:<\/p>\n<p><strong>Fines y legitimaci\u00f3n del tratamiento<\/strong>:<\/p>\n<p>mantener una relaci\u00f3n comercial (por inter\u00e9s leg\u00edtimo del responsable, art. 6.1.f GDPR) y env\u00edo de comunicaciones de productos o servicios (con el consentimiento del interesado, art. 6.1.a GDPR).<br \/>\nCriterios de conservaci\u00f3n de los datos: se conservar\u00e1n durante no m\u00e1s tiempo del necesario para mantener el fin del tratamiento o existan prescripciones legales que dictaminen su custodia y cuando ya no sea necesario para ello, se suprimir\u00e1n con medidas de seguridad adecuadas para garantizar la anonimizaci\u00f3n de los datos o la destrucci\u00f3n total de los mismos.<\/p>\n<p><strong>Comunicaci\u00f3n de los datos<\/strong>:<\/p>\n<p>no se comunicar\u00e1n los datos a terceros, salvo obligaci\u00f3n legal.<\/p>\n<p><strong>Derechos que asisten al Usuario<\/strong>:<\/p>\n<p>&#8211; Derecho a retirar el consentimiento en cualquier momento.<br \/>\n&#8211; Derecho de acceso, rectificaci\u00f3n, portabilidad y supresi\u00f3n de sus datos, y de limitaci\u00f3n u oposici\u00f3n a su tratamiento.<br \/>\n&#8211; Derecho a presentar una reclamaci\u00f3n ante la Autoridad de control (www.aepd.es) si considera que el tratamiento no se ajusta a la normativa vigente.<\/p>\n<p><strong>Datos de contacto para ejercer sus derechos<\/strong>:<\/p>\n<p>Connected Logistics Solutions SL. Calle Narcis Monturiol, 41 &#8211; 29603 Marbella (M\u00e1laga).<\/p>\n<p>E-mail: sales@ecoloso.com<\/p>\n<p>Para continuar debe volver al formulario y aceptar que ha le\u00eddo y est\u00e1 conforme con la cl\u00e1usula anterior.<\/p>\n<ul>\n<li>formulario de <a href=\"https:\/\/ecoloso.com\/?lang=es#FormularioContactoGeneral\"><strong>CONTACTO GENERAL<\/strong><\/a>, en la p\u00e1gina <a href=\"https:\/\/ecoloso.com\/?lang=es\">INICIO<\/a><\/li>\n<li>formulario de\u00a0<a href=\"https:\/\/ecoloso.com\/es\/contactenos_llamenos_contacto\/\"><strong>CONTACTO<\/strong><\/a>. en lap\u00e1gina <a href=\"https:\/\/ecoloso.com\/es\/contactenos_llamenos_contacto\/?lang=es\">CONTACTO<\/a><\/li>\n<li>formulario de <a href=\"https:\/\/ecoloso.com\/puntos-de-envio\/?lang=es#puntosDeEnvio\"><strong>PUNTOS DE ENV\u00cdO EN ESPA\u00d1A<\/strong><\/a>, en la p\u00e1gina <a href=\"https:\/\/ecoloso.com\/puntos-de-envio\/?lang=es\">SERVICIOS\/PUNTOS DE ENV\u00cdO EN ESPA\u00d1A<\/a><\/li>\n<\/ul>\n<p>[\/vc_column_text][\/vc_column][\/vc_row]<\/p>\n","protected":false},"excerpt":{"rendered":"<p>[vc_row][vc_column][vc_row_inner][vc_column_inner width=&#8221;1\/2&#8243;][vc_column_text]<br \/>\nConnected Logistics Solutions SL<br \/>\n[\/vc_column_text][\/vc_column_inner][vc_column_inner width=&#8221;1\/2&#8243;][vc_gallery type=&#8221;image_grid&#8221; images=&#8221;3426&#8243; onclick=&#8221;&#8221; css=&#8221;.vc_custom_1636026954224{margin-top: -50px !important;margin-left: 300px !important;}&#8221;][\/vc_column_inner][\/vc_row_inner][vc_column_text]<br \/>\nCONSENTIMIENTO PARA EL TRATAMIENTO DE DATOS PERSONALES<br \/>\n[\/vc_column_text][vc_column_text css=&#8221;.vc_custom_1636282338121{margin-left: 100px !important;}&#8221;]Connected Logistics Solutions SL es el Responsable del tratamiento de los datos personales del Usuario y le informa de que estos datos se tratar\u00e1n <\/p>\n","protected":false},"author":1,"featured_media":0,"parent":0,"menu_order":0,"comment_status":"closed","ping_status":"closed","template":"","meta":[],"yoast_head":"<!-- This site is optimized with the Yoast SEO plugin v18.4.1 - https:\/\/yoast.com\/wordpress\/plugins\/seo\/ -->\n<title>consentimiento para el tratamiento de datos personales<\/title>\n<meta name=\"description\" content=\"Consentimiento tratamiento datos personales proteger su identidad ofrecer servicios de logistica, almacenamiento, devoluciones y envios\" \/>\n<meta name=\"robots\" content=\"index, follow, max-snippet:-1, max-image-preview:large, max-video-preview:-1\" \/>\n<link rel=\"canonical\" href=\"https:\/\/ecoloso.com\/es\/consentimiento-para-el-tratamiento-de-datos-personales\/\" \/>\n<meta property=\"og:locale\" content=\"es_ES\" \/>\n<meta property=\"og:type\" content=\"article\" \/>\n<meta property=\"og:title\" content=\"consentimiento para el tratamiento de datos personales\" \/>\n<meta property=\"og:description\" content=\"Consentimiento tratamiento datos personales proteger su identidad ofrecer servicios de logistica, almacenamiento, devoluciones y envios\" \/>\n<meta property=\"og:url\" content=\"https:\/\/ecoloso.com\/es\/consentimiento-para-el-tratamiento-de-datos-personales\/\" \/>\n<meta property=\"og:site_name\" content=\"eColoso\" \/>\n<meta property=\"article:modified_time\" content=\"2022-05-05T14:00:16+00:00\" \/>\n<meta name=\"twitter:card\" content=\"summary_large_image\" \/>\n<meta name=\"twitter:label1\" content=\"Tiempo de lectura\" \/>\n\t<meta name=\"twitter:data1\" content=\"2 minutos\" \/>\n<script type=\"application\/ld+json\" class=\"yoast-schema-graph\">{\"@context\":\"https:\/\/schema.org\",\"@graph\":[{\"@type\":\"Organization\",\"@id\":\"https:\/\/ecoloso.com\/#organization\",\"name\":\"eColoso\",\"url\":\"https:\/\/ecoloso.com\/\",\"sameAs\":[],\"logo\":{\"@type\":\"ImageObject\",\"@id\":\"https:\/\/ecoloso.com\/#logo\",\"inLanguage\":\"es\",\"url\":\"https:\/\/ecoloso.com\/wp-content\/uploads\/2021\/10\/logo-ecoloso-200x200-1.png\",\"contentUrl\":\"https:\/\/ecoloso.com\/wp-content\/uploads\/2021\/10\/logo-ecoloso-200x200-1.png\",\"width\":200,\"height\":188,\"caption\":\"eColoso\"},\"image\":{\"@id\":\"https:\/\/ecoloso.com\/#logo\"}},{\"@type\":\"WebSite\",\"@id\":\"https:\/\/ecoloso.com\/#website\",\"url\":\"https:\/\/ecoloso.com\/\",\"name\":\"eColoso\",\"description\":\"Ecommerce Returns Handling Distribution\",\"publisher\":{\"@id\":\"https:\/\/ecoloso.com\/#organization\"},\"potentialAction\":[{\"@type\":\"SearchAction\",\"target\":{\"@type\":\"EntryPoint\",\"urlTemplate\":\"https:\/\/ecoloso.com\/?s={search_term_string}\"},\"query-input\":\"required name=search_term_string\"}],\"inLanguage\":\"es\"},{\"@type\":\"WebPage\",\"@id\":\"https:\/\/ecoloso.com\/es\/consentimiento-para-el-tratamiento-de-datos-personales\/#webpage\",\"url\":\"https:\/\/ecoloso.com\/es\/consentimiento-para-el-tratamiento-de-datos-personales\/\",\"name\":\"consentimiento para el tratamiento de datos personales\",\"isPartOf\":{\"@id\":\"https:\/\/ecoloso.com\/#website\"},\"datePublished\":\"2021-11-07T07:53:32+00:00\",\"dateModified\":\"2022-05-05T14:00:16+00:00\",\"description\":\"Consentimiento tratamiento datos personales proteger su identidad ofrecer servicios de logistica, almacenamiento, devoluciones y envios\",\"breadcrumb\":{\"@id\":\"https:\/\/ecoloso.com\/es\/consentimiento-para-el-tratamiento-de-datos-personales\/#breadcrumb\"},\"inLanguage\":\"es\",\"potentialAction\":[{\"@type\":\"ReadAction\",\"target\":[\"https:\/\/ecoloso.com\/es\/consentimiento-para-el-tratamiento-de-datos-personales\/\"]}]},{\"@type\":\"BreadcrumbList\",\"@id\":\"https:\/\/ecoloso.com\/es\/consentimiento-para-el-tratamiento-de-datos-personales\/#breadcrumb\",\"itemListElement\":[{\"@type\":\"ListItem\",\"position\":1,\"name\":\"Home\",\"item\":\"https:\/\/ecoloso.com\/es\/\"},{\"@type\":\"ListItem\",\"position\":2,\"name\":\"Formularios: Consentimiento para el Tratamiento de Datos\"}]}]}<\/script>\n<!-- \/ Yoast SEO plugin. -->","yoast_head_json":{"title":"consentimiento para el tratamiento de datos personales","description":"Consentimiento tratamiento datos personales proteger su identidad ofrecer servicios de logistica, almacenamiento, devoluciones y envios","robots":{"index":"index","follow":"follow","max-snippet":"max-snippet:-1","max-image-preview":"max-image-preview:large","max-video-preview":"max-video-preview:-1"},"canonical":"https:\/\/ecoloso.com\/es\/consentimiento-para-el-tratamiento-de-datos-personales\/","og_locale":"es_ES","og_type":"article","og_title":"consentimiento para el tratamiento de datos personales","og_description":"Consentimiento tratamiento datos personales proteger su identidad ofrecer servicios de logistica, almacenamiento, devoluciones y envios","og_url":"https:\/\/ecoloso.com\/es\/consentimiento-para-el-tratamiento-de-datos-personales\/","og_site_name":"eColoso","article_modified_time":"2022-05-05T14:00:16+00:00","twitter_card":"summary_large_image","twitter_misc":{"Tiempo de lectura":"2 minutos"},"schema":{"@context":"https:\/\/schema.org","@graph":[{"@type":"Organization","@id":"https:\/\/ecoloso.com\/#organization","name":"eColoso","url":"https:\/\/ecoloso.com\/","sameAs":[],"logo":{"@type":"ImageObject","@id":"https:\/\/ecoloso.com\/#logo","inLanguage":"es","url":"https:\/\/ecoloso.com\/wp-content\/uploads\/2021\/10\/logo-ecoloso-200x200-1.png","contentUrl":"https:\/\/ecoloso.com\/wp-content\/uploads\/2021\/10\/logo-ecoloso-200x200-1.png","width":200,"height":188,"caption":"eColoso"},"image":{"@id":"https:\/\/ecoloso.com\/#logo"}},{"@type":"WebSite","@id":"https:\/\/ecoloso.com\/#website","url":"https:\/\/ecoloso.com\/","name":"eColoso","description":"Ecommerce Returns Handling Distribution","publisher":{"@id":"https:\/\/ecoloso.com\/#organization"},"potentialAction":[{"@type":"SearchAction","target":{"@type":"EntryPoint","urlTemplate":"https:\/\/ecoloso.com\/?s={search_term_string}"},"query-input":"required name=search_term_string"}],"inLanguage":"es"},{"@type":"WebPage","@id":"https:\/\/ecoloso.com\/es\/consentimiento-para-el-tratamiento-de-datos-personales\/#webpage","url":"https:\/\/ecoloso.com\/es\/consentimiento-para-el-tratamiento-de-datos-personales\/","name":"consentimiento para el tratamiento de datos personales","isPartOf":{"@id":"https:\/\/ecoloso.com\/#website"},"datePublished":"2021-11-07T07:53:32+00:00","dateModified":"2022-05-05T14:00:16+00:00","description":"Consentimiento tratamiento datos personales proteger su identidad ofrecer servicios de logistica, almacenamiento, devoluciones y envios","breadcrumb":{"@id":"https:\/\/ecoloso.com\/es\/consentimiento-para-el-tratamiento-de-datos-personales\/#breadcrumb"},"inLanguage":"es","potentialAction":[{"@type":"ReadAction","target":["https:\/\/ecoloso.com\/es\/consentimiento-para-el-tratamiento-de-datos-personales\/"]}]},{"@type":"BreadcrumbList","@id":"https:\/\/ecoloso.com\/es\/consentimiento-para-el-tratamiento-de-datos-personales\/#breadcrumb","itemListElement":[{"@type":"ListItem","position":1,"name":"Home","item":"https:\/\/ecoloso.com\/es\/"},{"@type":"ListItem","position":2,"name":"Formularios: Consentimiento para el Tratamiento de Datos"}]}]}},"_links":{"self":[{"href":"https:\/\/ecoloso.com\/es\/wp-json\/wp\/v2\/pages\/3689"}],"collection":[{"href":"https:\/\/ecoloso.com\/es\/wp-json\/wp\/v2\/pages"}],"about":[{"href":"https:\/\/ecoloso.com\/es\/wp-json\/wp\/v2\/types\/page"}],"author":[{"embeddable":true,"href":"https:\/\/ecoloso.com\/es\/wp-json\/wp\/v2\/users\/1"}],"replies":[{"embeddable":true,"href":"https:\/\/ecoloso.com\/es\/wp-json\/wp\/v2\/comments?post=3689"}],"version-history":[{"count":23,"href":"https:\/\/ecoloso.com\/es\/wp-json\/wp\/v2\/pages\/3689\/revisions"}],"predecessor-version":[{"id":3691,"href":"https:\/\/ecoloso.com\/es\/wp-json\/wp\/v2\/pages\/3689\/revisions\/3691"}],"wp:attachment":[{"href":"https:\/\/ecoloso.com\/es\/wp-json\/wp\/v2\/media?parent=3689"}],"curies":[{"name":"wp","href":"https:\/\/api.w.org\/{rel}","templated":true}]}}