{"id":3952,"date":"2024-08-27T11:37:03","date_gmt":"2024-08-27T11:37:03","guid":{"rendered":"https:\/\/ecoloso.com\/servicios-logisticos\/soluciones-digitales-para-empresa\/conector-de-etsy\/"},"modified":"2025-07-16T08:59:09","modified_gmt":"2025-07-16T08:59:09","slug":"conector-de-etsy","status":"publish","type":"page","link":"https:\/\/ecoloso.com\/es\/servicios-logisticos\/soluciones-digitales-para-empresa\/conector-de-etsy\/","title":{"rendered":"Conector de Etsy"},"content":{"rendered":"<p>[vc_row css=&#8221;.vc_custom_1744369290877{margin-left: 5% !important;padding-top: 60px !important;padding-bottom: 100px !important;}&#8221;][vc_column][vc_column_text]<strong>Conector de Etsy \u2013 \u00a1La soluci\u00f3n definitiva para tus env\u00edos! <\/strong><strong>\ud83d\ude80<\/strong><\/p>\n<p>\u2728 <strong>\u00a1Totalmente GRATIS!<\/strong> Solo pagas por los env\u00edos realizados.<br \/>\n\ud83d\udce6 <strong>Sigue tu pedido directamente en Etsy.<\/strong><br \/>\n\u2b50 <strong>Mant\u00e9n tu calificaci\u00f3n en Etsy alta<\/strong> con un servicio r\u00e1pido y eficiente.<br \/>\n\ud83c\udf0d <strong>Env\u00eda con eColoso<\/strong>: sin necesidad de configurar una cuenta adicional, sin complicaciones.<\/p>\n<p>\u23f1\ufe0f <strong>Instalaci\u00f3n r\u00e1pida en 1 minuto<\/strong>: vincula tu cuenta de Etsy con un solo clic.<\/p>\n<p>\ud83d\udcb8 <strong>Tarifas exclusivas de eColoso<\/strong>: olv\u00eddate de configurar cuentas por separado, todo lo gestionas desde la aplicaci\u00f3n.<\/p>\n<p>\ud83d\udd04 <strong>Importaci\u00f3n autom\u00e1tica de pedidos de Etsy<\/strong>: \u00a1env\u00eda con un solo clic y agenda recogidas sin esfuerzo!<\/p>\n<p>\ud83d\udcd1 <strong>Sin papeleo extra<\/strong>: todos los datos se env\u00edan electr\u00f3nicamente y el seguimiento se comparte con Etsy autom\u00e1ticamente.<\/p>\n<p>\u00bfListo para empezar? \ud83c\udf1f <strong>Haz clic en <a href=\"https:\/\/shipping.yakit.com\/ecoloso\" target=\"_blank\" rel=\"noopener\">este enlace<\/a>\u00a0para iniciar sesi\u00f3n o registrarte.\u00a0<\/strong><\/p>\n<p><strong>Pasos de Instalaci\u00f3n y Detalles:<\/strong><\/p>\n<p><strong>1\ufe0f. Completa el registro:<\/strong><br \/>\nRellena tus datos en la pesta\u00f1a de Registro.<br \/>\n(Si ya tienes cuenta, solo inicia sesi\u00f3n.)<\/p>\n<p><strong>2\ufe0f.Vincula tu tienda a la app:<\/strong><br \/>\nDespu\u00e9s de registrarte, ve a la p\u00e1gina de Canales y haz clic en \u201cAgregar Canal\u201d.<br \/>\nSelecciona Etsy como tu mercado (Fuente).<br \/>\nAutoriza el acceso de la app Yakit a tu tienda Etsy y acepta la solicitud.<\/p>\n<p>\ud83c\udf89 \u00a1Listo! Tu tienda estar\u00e1 vinculada a eColoso y tus pedidos se importar\u00e1n autom\u00e1ticamente.<\/p>\n<p><strong>Precios \u2013 \u00bfC\u00f3mo funciona?<\/strong><\/p>\n<p>\ud83d\udcb0 Solo pagas por el env\u00edo.<br \/>\n\ud83d\udcca Consulta el costo en nuestra <strong>Calculadora de Env\u00edos<\/strong> o directamente al editar el pedido.<br \/>\n\ud83d\udca5 <strong>\u00a1La aplicaci\u00f3n es completamente gratuita!<\/strong> Estamos convencidos de que ver\u00e1s un aumento en las conversiones y en tus ingresos.<\/p>\n<p>\ud83d\udd04 Si hay alguna diferencia en los costos de env\u00edo, te reembolsaremos o cobramos el ajuste.<\/p>\n<p><strong>\u00bfNecesitas soporte?<\/strong><br \/>\n\u00a1Estamos aqu\u00ed para ayudarte! \ud83e\udd1d Haz clic en el bot\u00f3n de <strong>Chat<\/strong> o env\u00eda un correo a <strong>soporte@ecoloso.com<\/strong> y te asistiremos con gusto.<\/p>\n<p><strong>\u00a1Listo para crecer con eColoso!<\/strong> \u2728<\/p>\n<p>[\/vc_column_text][\/vc_column][\/vc_row]<\/p>\n","protected":false},"excerpt":{"rendered":"<p>Nuestro servicio de transporte por carretera se basa en el principio de brindar a nuestros clientes la flexibilidad y confiabilidad para mover carga legal por la ciudad o por el pa\u00eds, cuando lo deseen.<\/p>\n","protected":false},"author":1,"featured_media":1922,"parent":1801,"menu_order":0,"comment_status":"open","ping_status":"closed","template":"page-templates\/vc-template.php","meta":[],"yoast_head":"<!-- This site is optimized with the Yoast SEO plugin v18.4.1 - https:\/\/yoast.com\/wordpress\/plugins\/seo\/ -->\n<title>Conector de Etsy para log\u00edstica e\u2011commerce - eColoso<\/title>\n<meta name=\"description\" content=\"Integra tu tienda Etsy con nuestra log\u00edstica y automatiza pedidos, env\u00edos y devoluciones. Ahorra tiempo con nuestro conector f\u00e1cil y eficiente.\" \/>\n<meta name=\"robots\" content=\"index, follow, max-snippet:-1, max-image-preview:large, max-video-preview:-1\" \/>\n<link rel=\"canonical\" href=\"https:\/\/ecoloso.com\/es\/servicios-logisticos\/soluciones-digitales-para-empresa\/conector-de-etsy\/\" \/>\n<meta property=\"og:locale\" content=\"es_ES\" \/>\n<meta property=\"og:type\" content=\"article\" \/>\n<meta property=\"og:title\" content=\"Conector de Etsy para log\u00edstica e\u2011commerce - eColoso\" \/>\n<meta property=\"og:description\" content=\"Integra tu tienda Etsy con nuestra log\u00edstica y automatiza pedidos, env\u00edos y devoluciones. Ahorra tiempo con nuestro conector f\u00e1cil y eficiente.\" \/>\n<meta property=\"og:url\" content=\"https:\/\/ecoloso.com\/es\/servicios-logisticos\/soluciones-digitales-para-empresa\/conector-de-etsy\/\" \/>\n<meta property=\"og:site_name\" content=\"eColoso\" \/>\n<meta property=\"article:modified_time\" content=\"2025-07-16T08:59:09+00:00\" \/>\n<meta property=\"og:image\" content=\"https:\/\/ecoloso.com\/wp-content\/uploads\/2021\/07\/ecoloso-delivery-process.png\" \/>\n\t<meta property=\"og:image:width\" content=\"3200\" \/>\n\t<meta property=\"og:image:height\" content=\"1800\" \/>\n\t<meta property=\"og:image:type\" content=\"image\/png\" \/>\n<meta name=\"twitter:card\" content=\"summary_large_image\" \/>\n<meta name=\"twitter:label1\" content=\"Tiempo de lectura\" \/>\n\t<meta name=\"twitter:data1\" content=\"2 minutos\" \/>\n<script type=\"application\/ld+json\" class=\"yoast-schema-graph\">{\"@context\":\"https:\/\/schema.org\",\"@graph\":[{\"@type\":\"Organization\",\"@id\":\"https:\/\/ecoloso.com\/#organization\",\"name\":\"eColoso\",\"url\":\"https:\/\/ecoloso.com\/\",\"sameAs\":[],\"logo\":{\"@type\":\"ImageObject\",\"@id\":\"https:\/\/ecoloso.com\/#logo\",\"inLanguage\":\"es\",\"url\":\"https:\/\/ecoloso.com\/wp-content\/uploads\/2021\/10\/logo-ecoloso-200x200-1.png\",\"contentUrl\":\"https:\/\/ecoloso.com\/wp-content\/uploads\/2021\/10\/logo-ecoloso-200x200-1.png\",\"width\":200,\"height\":188,\"caption\":\"eColoso\"},\"image\":{\"@id\":\"https:\/\/ecoloso.com\/#logo\"}},{\"@type\":\"WebSite\",\"@id\":\"https:\/\/ecoloso.com\/#website\",\"url\":\"https:\/\/ecoloso.com\/\",\"name\":\"eColoso\",\"description\":\"Ecommerce Returns Handling Distribution\",\"publisher\":{\"@id\":\"https:\/\/ecoloso.com\/#organization\"},\"potentialAction\":[{\"@type\":\"SearchAction\",\"target\":{\"@type\":\"EntryPoint\",\"urlTemplate\":\"https:\/\/ecoloso.com\/?s={search_term_string}\"},\"query-input\":\"required name=search_term_string\"}],\"inLanguage\":\"es\"},{\"@type\":\"ImageObject\",\"@id\":\"https:\/\/ecoloso.com\/es\/servicios-logisticos\/soluciones-digitales-para-empresa\/conector-de-etsy\/#primaryimage\",\"inLanguage\":\"es\",\"url\":\"https:\/\/ecoloso.com\/wp-content\/uploads\/2021\/07\/ecoloso-delivery-process.png\",\"contentUrl\":\"https:\/\/ecoloso.com\/wp-content\/uploads\/2021\/07\/ecoloso-delivery-process.png\",\"width\":3200,\"height\":1800},{\"@type\":\"WebPage\",\"@id\":\"https:\/\/ecoloso.com\/es\/servicios-logisticos\/soluciones-digitales-para-empresa\/conector-de-etsy\/#webpage\",\"url\":\"https:\/\/ecoloso.com\/es\/servicios-logisticos\/soluciones-digitales-para-empresa\/conector-de-etsy\/\",\"name\":\"Conector de Etsy para log\u00edstica e\u2011commerce - eColoso\",\"isPartOf\":{\"@id\":\"https:\/\/ecoloso.com\/#website\"},\"primaryImageOfPage\":{\"@id\":\"https:\/\/ecoloso.com\/es\/servicios-logisticos\/soluciones-digitales-para-empresa\/conector-de-etsy\/#primaryimage\"},\"datePublished\":\"2024-08-27T11:37:03+00:00\",\"dateModified\":\"2025-07-16T08:59:09+00:00\",\"description\":\"Integra tu tienda Etsy con nuestra log\u00edstica y automatiza pedidos, env\u00edos y devoluciones. Ahorra tiempo con nuestro conector f\u00e1cil y eficiente.\",\"breadcrumb\":{\"@id\":\"https:\/\/ecoloso.com\/es\/servicios-logisticos\/soluciones-digitales-para-empresa\/conector-de-etsy\/#breadcrumb\"},\"inLanguage\":\"es\",\"potentialAction\":[{\"@type\":\"ReadAction\",\"target\":[\"https:\/\/ecoloso.com\/es\/servicios-logisticos\/soluciones-digitales-para-empresa\/conector-de-etsy\/\"]}]},{\"@type\":\"BreadcrumbList\",\"@id\":\"https:\/\/ecoloso.com\/es\/servicios-logisticos\/soluciones-digitales-para-empresa\/conector-de-etsy\/#breadcrumb\",\"itemListElement\":[{\"@type\":\"ListItem\",\"position\":1,\"name\":\"Home\",\"item\":\"https:\/\/ecoloso.com\/es\/\"},{\"@type\":\"ListItem\",\"position\":2,\"name\":\"Servicios\",\"item\":\"https:\/\/ecoloso.com\/es\/servicios-logisticos\/\"},{\"@type\":\"ListItem\",\"position\":3,\"name\":\"Soluciones digitales\",\"item\":\"https:\/\/ecoloso.com\/es\/servicios-logisticos\/soluciones-digitales-para-empresa\/\"},{\"@type\":\"ListItem\",\"position\":4,\"name\":\"Conector de Etsy\"}]}]}<\/script>\n<!-- \/ Yoast SEO plugin. -->","yoast_head_json":{"title":"Conector de Etsy para log\u00edstica e\u2011commerce - eColoso","description":"Integra tu tienda Etsy con nuestra log\u00edstica y automatiza pedidos, env\u00edos y devoluciones. Ahorra tiempo con nuestro conector f\u00e1cil y eficiente.","robots":{"index":"index","follow":"follow","max-snippet":"max-snippet:-1","max-image-preview":"max-image-preview:large","max-video-preview":"max-video-preview:-1"},"canonical":"https:\/\/ecoloso.com\/es\/servicios-logisticos\/soluciones-digitales-para-empresa\/conector-de-etsy\/","og_locale":"es_ES","og_type":"article","og_title":"Conector de Etsy para log\u00edstica e\u2011commerce - eColoso","og_description":"Integra tu tienda Etsy con nuestra log\u00edstica y automatiza pedidos, env\u00edos y devoluciones. Ahorra tiempo con nuestro conector f\u00e1cil y eficiente.","og_url":"https:\/\/ecoloso.com\/es\/servicios-logisticos\/soluciones-digitales-para-empresa\/conector-de-etsy\/","og_site_name":"eColoso","article_modified_time":"2025-07-16T08:59:09+00:00","og_image":[{"width":3200,"height":1800,"url":"https:\/\/ecoloso.com\/wp-content\/uploads\/2021\/07\/ecoloso-delivery-process.png","type":"image\/png"}],"twitter_card":"summary_large_image","twitter_misc":{"Tiempo de lectura":"2 minutos"},"schema":{"@context":"https:\/\/schema.org","@graph":[{"@type":"Organization","@id":"https:\/\/ecoloso.com\/#organization","name":"eColoso","url":"https:\/\/ecoloso.com\/","sameAs":[],"logo":{"@type":"ImageObject","@id":"https:\/\/ecoloso.com\/#logo","inLanguage":"es","url":"https:\/\/ecoloso.com\/wp-content\/uploads\/2021\/10\/logo-ecoloso-200x200-1.png","contentUrl":"https:\/\/ecoloso.com\/wp-content\/uploads\/2021\/10\/logo-ecoloso-200x200-1.png","width":200,"height":188,"caption":"eColoso"},"image":{"@id":"https:\/\/ecoloso.com\/#logo"}},{"@type":"WebSite","@id":"https:\/\/ecoloso.com\/#website","url":"https:\/\/ecoloso.com\/","name":"eColoso","description":"Ecommerce Returns Handling Distribution","publisher":{"@id":"https:\/\/ecoloso.com\/#organization"},"potentialAction":[{"@type":"SearchAction","target":{"@type":"EntryPoint","urlTemplate":"https:\/\/ecoloso.com\/?s={search_term_string}"},"query-input":"required name=search_term_string"}],"inLanguage":"es"},{"@type":"ImageObject","@id":"https:\/\/ecoloso.com\/es\/servicios-logisticos\/soluciones-digitales-para-empresa\/conector-de-etsy\/#primaryimage","inLanguage":"es","url":"https:\/\/ecoloso.com\/wp-content\/uploads\/2021\/07\/ecoloso-delivery-process.png","contentUrl":"https:\/\/ecoloso.com\/wp-content\/uploads\/2021\/07\/ecoloso-delivery-process.png","width":3200,"height":1800},{"@type":"WebPage","@id":"https:\/\/ecoloso.com\/es\/servicios-logisticos\/soluciones-digitales-para-empresa\/conector-de-etsy\/#webpage","url":"https:\/\/ecoloso.com\/es\/servicios-logisticos\/soluciones-digitales-para-empresa\/conector-de-etsy\/","name":"Conector de Etsy para log\u00edstica e\u2011commerce - eColoso","isPartOf":{"@id":"https:\/\/ecoloso.com\/#website"},"primaryImageOfPage":{"@id":"https:\/\/ecoloso.com\/es\/servicios-logisticos\/soluciones-digitales-para-empresa\/conector-de-etsy\/#primaryimage"},"datePublished":"2024-08-27T11:37:03+00:00","dateModified":"2025-07-16T08:59:09+00:00","description":"Integra tu tienda Etsy con nuestra log\u00edstica y automatiza pedidos, env\u00edos y devoluciones. Ahorra tiempo con nuestro conector f\u00e1cil y eficiente.","breadcrumb":{"@id":"https:\/\/ecoloso.com\/es\/servicios-logisticos\/soluciones-digitales-para-empresa\/conector-de-etsy\/#breadcrumb"},"inLanguage":"es","potentialAction":[{"@type":"ReadAction","target":["https:\/\/ecoloso.com\/es\/servicios-logisticos\/soluciones-digitales-para-empresa\/conector-de-etsy\/"]}]},{"@type":"BreadcrumbList","@id":"https:\/\/ecoloso.com\/es\/servicios-logisticos\/soluciones-digitales-para-empresa\/conector-de-etsy\/#breadcrumb","itemListElement":[{"@type":"ListItem","position":1,"name":"Home","item":"https:\/\/ecoloso.com\/es\/"},{"@type":"ListItem","position":2,"name":"Servicios","item":"https:\/\/ecoloso.com\/es\/servicios-logisticos\/"},{"@type":"ListItem","position":3,"name":"Soluciones digitales","item":"https:\/\/ecoloso.com\/es\/servicios-logisticos\/soluciones-digitales-para-empresa\/"},{"@type":"ListItem","position":4,"name":"Conector de Etsy"}]}]}},"_links":{"self":[{"href":"https:\/\/ecoloso.com\/es\/wp-json\/wp\/v2\/pages\/3952"}],"collection":[{"href":"https:\/\/ecoloso.com\/es\/wp-json\/wp\/v2\/pages"}],"about":[{"href":"https:\/\/ecoloso.com\/es\/wp-json\/wp\/v2\/types\/page"}],"author":[{"embeddable":true,"href":"https:\/\/ecoloso.com\/es\/wp-json\/wp\/v2\/users\/1"}],"replies":[{"embeddable":true,"href":"https:\/\/ecoloso.com\/es\/wp-json\/wp\/v2\/comments?post=3952"}],"version-history":[{"count":32,"href":"https:\/\/ecoloso.com\/es\/wp-json\/wp\/v2\/pages\/3952\/revisions"}],"predecessor-version":[{"id":4390,"href":"https:\/\/ecoloso.com\/es\/wp-json\/wp\/v2\/pages\/3952\/revisions\/4390"}],"up":[{"embeddable":true,"href":"https:\/\/ecoloso.com\/es\/wp-json\/wp\/v2\/pages\/1801"}],"wp:featuredmedia":[{"embeddable":true,"href":"https:\/\/ecoloso.com\/es\/wp-json\/wp\/v2\/media\/1922"}],"wp:attachment":[{"href":"https:\/\/ecoloso.com\/es\/wp-json\/wp\/v2\/media?parent=3952"}],"curies":[{"name":"wp","href":"https:\/\/api.w.org\/{rel}","templated":true}]}}