{"id":4006,"date":"2024-09-13T17:21:56","date_gmt":"2024-09-13T17:21:56","guid":{"rendered":"https:\/\/ecoloso.com\/?page_id=4006"},"modified":"2025-07-16T08:35:08","modified_gmt":"2025-07-16T08:35:08","slug":"presupuestos","status":"publish","type":"page","link":"https:\/\/ecoloso.com\/es\/presupuestos\/","title":{"rendered":"Cotizaciones r\u00e1pidas y confiables al alcance de tu mano: eColoso lo hace simple"},"content":{"rendered":"<p>[vc_row][vc_column][vc_column_text]<\/p>\n<div class=\"container\"><!-- Logo in the center --><!-- Commercial text in one line --><!-- Embedded Quote Form --> <iframe src=\"https:\/\/v4.mylogicon.com\/quote\/embedded-quote?c=26d51820-a100-40b8-b097-e09be1e987f4&amp;lang=es\"><\/iframe><\/div>\n<p><!-- \/wp:html -->\u00a0[\/vc_column_text][\/vc_column][\/vc_row]<\/p>\n","protected":false},"excerpt":{"rendered":"<p>[vc_row][vc_column][vc_column_text]<\/p>\n<p>\u00a0[\/vc_column_text][\/vc_column][\/vc_row]<\/p>\n","protected":false},"author":2,"featured_media":0,"parent":0,"menu_order":0,"comment_status":"closed","ping_status":"closed","template":"","meta":[],"yoast_head":"<!-- This site is optimized with the Yoast SEO plugin v18.4.1 - https:\/\/yoast.com\/wordpress\/plugins\/seo\/ -->\n<title>Presupuesto env\u00edo y devoluciones ecommerce - eColoso<\/title>\n<meta name=\"description\" content=\"Solicita tu presupuesto personalizado de servicios log\u00edsticos para eCommerce. R\u00e1pido, sin compromiso y adaptado a las necesidades de tu negocio.\" \/>\n<meta name=\"robots\" content=\"index, follow, max-snippet:-1, max-image-preview:large, max-video-preview:-1\" \/>\n<link rel=\"canonical\" href=\"https:\/\/ecoloso.com\/es\/presupuestos\/\" \/>\n<meta property=\"og:locale\" content=\"es_ES\" \/>\n<meta property=\"og:type\" content=\"article\" \/>\n<meta property=\"og:title\" content=\"Presupuesto env\u00edo y devoluciones ecommerce - eColoso\" \/>\n<meta property=\"og:description\" content=\"Solicita tu presupuesto personalizado de servicios log\u00edsticos para eCommerce. R\u00e1pido, sin compromiso y adaptado a las necesidades de tu negocio.\" \/>\n<meta property=\"og:url\" content=\"https:\/\/ecoloso.com\/es\/presupuestos\/\" \/>\n<meta property=\"og:site_name\" content=\"eColoso\" \/>\n<meta property=\"article:modified_time\" content=\"2025-07-16T08:35:08+00:00\" \/>\n<meta name=\"twitter:card\" content=\"summary_large_image\" \/>\n<meta name=\"twitter:label1\" content=\"Tiempo de lectura\" \/>\n\t<meta name=\"twitter:data1\" content=\"1 minuto\" \/>\n<script type=\"application\/ld+json\" class=\"yoast-schema-graph\">{\"@context\":\"https:\/\/schema.org\",\"@graph\":[{\"@type\":\"Organization\",\"@id\":\"https:\/\/ecoloso.com\/#organization\",\"name\":\"eColoso\",\"url\":\"https:\/\/ecoloso.com\/\",\"sameAs\":[],\"logo\":{\"@type\":\"ImageObject\",\"@id\":\"https:\/\/ecoloso.com\/#logo\",\"inLanguage\":\"es\",\"url\":\"https:\/\/ecoloso.com\/wp-content\/uploads\/2021\/10\/logo-ecoloso-200x200-1.png\",\"contentUrl\":\"https:\/\/ecoloso.com\/wp-content\/uploads\/2021\/10\/logo-ecoloso-200x200-1.png\",\"width\":200,\"height\":188,\"caption\":\"eColoso\"},\"image\":{\"@id\":\"https:\/\/ecoloso.com\/#logo\"}},{\"@type\":\"WebSite\",\"@id\":\"https:\/\/ecoloso.com\/#website\",\"url\":\"https:\/\/ecoloso.com\/\",\"name\":\"eColoso\",\"description\":\"Ecommerce Returns Handling Distribution\",\"publisher\":{\"@id\":\"https:\/\/ecoloso.com\/#organization\"},\"potentialAction\":[{\"@type\":\"SearchAction\",\"target\":{\"@type\":\"EntryPoint\",\"urlTemplate\":\"https:\/\/ecoloso.com\/?s={search_term_string}\"},\"query-input\":\"required name=search_term_string\"}],\"inLanguage\":\"es\"},{\"@type\":\"WebPage\",\"@id\":\"https:\/\/ecoloso.com\/es\/presupuestos\/#webpage\",\"url\":\"https:\/\/ecoloso.com\/es\/presupuestos\/\",\"name\":\"Presupuesto env\u00edo y devoluciones ecommerce - eColoso\",\"isPartOf\":{\"@id\":\"https:\/\/ecoloso.com\/#website\"},\"datePublished\":\"2024-09-13T17:21:56+00:00\",\"dateModified\":\"2025-07-16T08:35:08+00:00\",\"description\":\"Solicita tu presupuesto personalizado de servicios log\u00edsticos para eCommerce. R\u00e1pido, sin compromiso y adaptado a las necesidades de tu negocio.\",\"breadcrumb\":{\"@id\":\"https:\/\/ecoloso.com\/es\/presupuestos\/#breadcrumb\"},\"inLanguage\":\"es\",\"potentialAction\":[{\"@type\":\"ReadAction\",\"target\":[\"https:\/\/ecoloso.com\/es\/presupuestos\/\"]}]},{\"@type\":\"BreadcrumbList\",\"@id\":\"https:\/\/ecoloso.com\/es\/presupuestos\/#breadcrumb\",\"itemListElement\":[{\"@type\":\"ListItem\",\"position\":1,\"name\":\"Home\",\"item\":\"https:\/\/ecoloso.com\/es\/\"},{\"@type\":\"ListItem\",\"position\":2,\"name\":\"Cotizaciones r\u00e1pidas y confiables al alcance de tu mano: eColoso lo hace simple\"}]}]}<\/script>\n<!-- \/ Yoast SEO plugin. -->","yoast_head_json":{"title":"Presupuesto env\u00edo y devoluciones ecommerce - eColoso","description":"Solicita tu presupuesto personalizado de servicios log\u00edsticos para eCommerce. R\u00e1pido, sin compromiso y adaptado a las necesidades de tu negocio.","robots":{"index":"index","follow":"follow","max-snippet":"max-snippet:-1","max-image-preview":"max-image-preview:large","max-video-preview":"max-video-preview:-1"},"canonical":"https:\/\/ecoloso.com\/es\/presupuestos\/","og_locale":"es_ES","og_type":"article","og_title":"Presupuesto env\u00edo y devoluciones ecommerce - eColoso","og_description":"Solicita tu presupuesto personalizado de servicios log\u00edsticos para eCommerce. R\u00e1pido, sin compromiso y adaptado a las necesidades de tu negocio.","og_url":"https:\/\/ecoloso.com\/es\/presupuestos\/","og_site_name":"eColoso","article_modified_time":"2025-07-16T08:35:08+00:00","twitter_card":"summary_large_image","twitter_misc":{"Tiempo de lectura":"1 minuto"},"schema":{"@context":"https:\/\/schema.org","@graph":[{"@type":"Organization","@id":"https:\/\/ecoloso.com\/#organization","name":"eColoso","url":"https:\/\/ecoloso.com\/","sameAs":[],"logo":{"@type":"ImageObject","@id":"https:\/\/ecoloso.com\/#logo","inLanguage":"es","url":"https:\/\/ecoloso.com\/wp-content\/uploads\/2021\/10\/logo-ecoloso-200x200-1.png","contentUrl":"https:\/\/ecoloso.com\/wp-content\/uploads\/2021\/10\/logo-ecoloso-200x200-1.png","width":200,"height":188,"caption":"eColoso"},"image":{"@id":"https:\/\/ecoloso.com\/#logo"}},{"@type":"WebSite","@id":"https:\/\/ecoloso.com\/#website","url":"https:\/\/ecoloso.com\/","name":"eColoso","description":"Ecommerce Returns Handling Distribution","publisher":{"@id":"https:\/\/ecoloso.com\/#organization"},"potentialAction":[{"@type":"SearchAction","target":{"@type":"EntryPoint","urlTemplate":"https:\/\/ecoloso.com\/?s={search_term_string}"},"query-input":"required name=search_term_string"}],"inLanguage":"es"},{"@type":"WebPage","@id":"https:\/\/ecoloso.com\/es\/presupuestos\/#webpage","url":"https:\/\/ecoloso.com\/es\/presupuestos\/","name":"Presupuesto env\u00edo y devoluciones ecommerce - eColoso","isPartOf":{"@id":"https:\/\/ecoloso.com\/#website"},"datePublished":"2024-09-13T17:21:56+00:00","dateModified":"2025-07-16T08:35:08+00:00","description":"Solicita tu presupuesto personalizado de servicios log\u00edsticos para eCommerce. R\u00e1pido, sin compromiso y adaptado a las necesidades de tu negocio.","breadcrumb":{"@id":"https:\/\/ecoloso.com\/es\/presupuestos\/#breadcrumb"},"inLanguage":"es","potentialAction":[{"@type":"ReadAction","target":["https:\/\/ecoloso.com\/es\/presupuestos\/"]}]},{"@type":"BreadcrumbList","@id":"https:\/\/ecoloso.com\/es\/presupuestos\/#breadcrumb","itemListElement":[{"@type":"ListItem","position":1,"name":"Home","item":"https:\/\/ecoloso.com\/es\/"},{"@type":"ListItem","position":2,"name":"Cotizaciones r\u00e1pidas y confiables al alcance de tu mano: eColoso lo hace simple"}]}]}},"_links":{"self":[{"href":"https:\/\/ecoloso.com\/es\/wp-json\/wp\/v2\/pages\/4006"}],"collection":[{"href":"https:\/\/ecoloso.com\/es\/wp-json\/wp\/v2\/pages"}],"about":[{"href":"https:\/\/ecoloso.com\/es\/wp-json\/wp\/v2\/types\/page"}],"author":[{"embeddable":true,"href":"https:\/\/ecoloso.com\/es\/wp-json\/wp\/v2\/users\/2"}],"replies":[{"embeddable":true,"href":"https:\/\/ecoloso.com\/es\/wp-json\/wp\/v2\/comments?post=4006"}],"version-history":[{"count":10,"href":"https:\/\/ecoloso.com\/es\/wp-json\/wp\/v2\/pages\/4006\/revisions"}],"predecessor-version":[{"id":4388,"href":"https:\/\/ecoloso.com\/es\/wp-json\/wp\/v2\/pages\/4006\/revisions\/4388"}],"wp:attachment":[{"href":"https:\/\/ecoloso.com\/es\/wp-json\/wp\/v2\/media?parent=4006"}],"curies":[{"name":"wp","href":"https:\/\/api.w.org\/{rel}","templated":true}]}}